{"id":752166,"date":"2025-03-04T01:23:35","date_gmt":"2025-03-04T00:23:35","guid":{"rendered":"https:\/\/stoic-curie.212-227-153-4.plesk.page\/producto\/quick-olympic-26kg\/"},"modified":"2026-02-25T00:28:27","modified_gmt":"2026-02-25T00:28:27","slug":"quick-olympic-26kg","status":"publish","type":"product","link":"https:\/\/stoic-curie.212-227-153-4.plesk.page\/pt\/product\/quick-olympic-26kg\/","title":{"rendered":"Quick Olympic 26kg"},"content":{"rendered":"<p>Quick Olympic 26kg &#8211; <\/p>\n<p style=\"color: rgb(34, 34, 34); font-family: Arial, Helvetica, sans-serif; font-size: small;\">Apresentamos a \u00e2ncora Quick Olympic, com peso de 26 kg e feita de a\u00e7o inoxid\u00e1vel AISI 316 polido, apresentando um bra\u00e7o em forma de arado. Esta \u00e2ncora foi projetada para alto desempenho, apresentando uma impressionante raz\u00e3o de peso para massa que aumenta a sua efic\u00e1cia. Suas aletas estabilizadoras e distribui\u00e7\u00e3o de peso ideal garantem uma capacidade de penetra\u00e7\u00e3o superior no \u00e2ngulo ideal.<\/p>\n<p style=\"color: rgb(34, 34, 34); font-family: Arial, Helvetica, sans-serif; font-size: small;\">O barril compacto \u00e9 compat\u00edvel com a maioria dos rolos dispon\u00edveis no mercado e inclui um orif\u00edcio para a fixa\u00e7\u00e3o do cabo, junto com uma base refor\u00e7ada que oferece resist\u00eancia excepcional a altas tra\u00e7\u00f5es. A argola \u00e9 especificamente projetada para suportar tens\u00f5es de tra\u00e7\u00e3o significativas.<\/p>\n<p style=\"color: rgb(34, 34, 34); font-family: Arial, Helvetica, sans-serif; font-size: small; \"><strong>Especifica\u00e7\u00f5es da \u00e2ncora:<\/strong><\/p>\n<ul style=\"color: rgb(34, 34, 34); font-family: Arial, Helvetica, sans-serif; font-size: small; \">\n<li><strong>Peso:<\/strong>\u00a026 kg (57 lb)<\/li>\n<li><strong>Tamanho de corrente recomendado:<\/strong>\u00a010 mm (3\/8&#8243;)<\/li>\n<li><strong>Comprimento do barco adequado:<\/strong>\u00a0At\u00e9 14 metros (45 ft)<\/li>\n<li><strong>Peso m\u00e1ximo do barco:<\/strong>\u00a014 toneladas (15.4 toneladas americanas)<\/li>\n<li><strong>Material:<\/strong>\u00a0A\u00e7o inoxid\u00e1vel AISI 316 polido<\/li>\n<li><strong>Marca:<\/strong>\u00a0Quick<\/li>\n<li><strong>Material de constru\u00e7\u00e3o principal:<\/strong>\u00a0A\u00e7o inoxid\u00e1vel 316<\/li>\n<li><strong>Pa\u00eds de origem:<\/strong>\u00a0It\u00e1lia<\/li>\n<\/ul>\n<p style=\"color: rgb(34, 34, 34); font-family: Arial, Helvetica, sans-serif; font-size: small;\">Esta \u00e2ncora \u00e9 ideal para embarca\u00e7\u00f5es de at\u00e9 14 metros de comprimento, garantindo confiabilidade e desempenho para suas necessidades de navega\u00e7\u00e3o.<\/p>\n","protected":false},"excerpt":{"rendered":"<p>Quick Olympic 26kg &#8211; Apresentamos a \u00e2ncora Quick Olympic, com peso de 26 kg e feita de a\u00e7o inoxid\u00e1vel AISI<\/p>\n","protected":false},"featured_media":5948759,"comment_status":"open","ping_status":"closed","template":"","meta":[],"product_brand":[3282],"product_cat":[2153],"product_tag":[],"class_list":{"0":"post-752166","1":"product","2":"type-product","3":"status-publish","4":"has-post-thumbnail","6":"product_brand-quick-pt","7":"product_cat-ancoras-delta","9":"first","10":"instock","11":"shipping-taxable","12":"purchasable","13":"product-type-simple"},"_links":{"self":[{"href":"https:\/\/stoic-curie.212-227-153-4.plesk.page\/pt\/wp-json\/wp\/v2\/product\/752166","targetHints":{"allow":["GET"]}}],"collection":[{"href":"https:\/\/stoic-curie.212-227-153-4.plesk.page\/pt\/wp-json\/wp\/v2\/product"}],"about":[{"href":"https:\/\/stoic-curie.212-227-153-4.plesk.page\/pt\/wp-json\/wp\/v2\/types\/product"}],"replies":[{"embeddable":true,"href":"https:\/\/stoic-curie.212-227-153-4.plesk.page\/pt\/wp-json\/wp\/v2\/comments?post=752166"}],"version-history":[{"count":0,"href":"https:\/\/stoic-curie.212-227-153-4.plesk.page\/pt\/wp-json\/wp\/v2\/product\/752166\/revisions"}],"wp:featuredmedia":[{"embeddable":true,"href":"https:\/\/stoic-curie.212-227-153-4.plesk.page\/pt\/wp-json\/wp\/v2\/media\/5948759"}],"wp:attachment":[{"href":"https:\/\/stoic-curie.212-227-153-4.plesk.page\/pt\/wp-json\/wp\/v2\/media?parent=752166"}],"wp:term":[{"taxonomy":"product_brand","embeddable":true,"href":"https:\/\/stoic-curie.212-227-153-4.plesk.page\/pt\/wp-json\/wp\/v2\/product_brand?post=752166"},{"taxonomy":"product_cat","embeddable":true,"href":"https:\/\/stoic-curie.212-227-153-4.plesk.page\/pt\/wp-json\/wp\/v2\/product_cat?post=752166"},{"taxonomy":"product_tag","embeddable":true,"href":"https:\/\/stoic-curie.212-227-153-4.plesk.page\/pt\/wp-json\/wp\/v2\/product_tag?post=752166"}],"curies":[{"name":"wp","href":"https:\/\/api.w.org\/{rel}","templated":true}]}}