{"id":752167,"date":"2025-03-04T01:23:35","date_gmt":"2025-03-04T00:23:35","guid":{"rendered":"https:\/\/stoic-curie.212-227-153-4.plesk.page\/producto\/quick-olympic-34kg\/"},"modified":"2026-02-25T00:28:27","modified_gmt":"2026-02-25T00:28:27","slug":"quick-olympic-34kg","status":"publish","type":"product","link":"https:\/\/stoic-curie.212-227-153-4.plesk.page\/pt\/product\/quick-olympic-34kg\/","title":{"rendered":"Quick Olympic 34kg"},"content":{"rendered":"<p>Quick Olympic 34kg &#8211; <\/p>\n<p>\u00c2ncora de a\u00e7o inoxid\u00e1vel de alto desempenho com uma alta rela\u00e7\u00e3o peso\/massa. Alta capacidade de penetra\u00e7\u00e3o com \u00e2ngulo \u00f3timo garantido gra\u00e7as \u00e0s barbatana estabilizadora e \u00e0 distribui\u00e7\u00e3o perfeita do peso. Corpo compacto adapt\u00e1vel \u00e0 maioria dos rolos do mercado, com orif\u00edcio para a fixa\u00e7\u00e3o da pega e base refor\u00e7ada para alta resist\u00eancia a for\u00e7as de tra\u00e7\u00e3o excepcionais. Olhal projetado para suportar altas tens\u00f5es de tra\u00e7\u00e3o.<\/p>\n<p style=\"color: rgb(34, 34, 34); font-family: Arial, Helvetica, sans-serif; font-size: small;\">Apresentando a \u00c2ncora Quick Olympic, pesando 34 kg (75 lb), feita de a\u00e7o inoxid\u00e1vel AISI 316 polido e apresentando um bra\u00e7o em forma de arado.<\/p>\n<p style=\"color: rgb(34, 34, 34); font-family: Arial, Helvetica, sans-serif; font-size: small;\"><strong>Especifica\u00e7\u00f5es da \u00e2ncora:<\/strong><\/p>\n<ul style=\"color: rgb(34, 34, 34); font-family: Arial, Helvetica, sans-serif; font-size: small;\">\n<li><strong>Peso:<\/strong>\u00a034 kg (75 lb)<\/li>\n<li><strong>Tamanho de corrente recomendado:<\/strong>\u00a010 mm (3\/8&#8243;)<\/li>\n<li><strong>Comprimento de barco adequado:<\/strong>\u00a0At\u00e9 15 metros (49 p\u00e9s)<\/li>\n<li><strong>Peso m\u00e1ximo do barco:<\/strong>\u00a021 toneladas (23,1 toneladas dos EUA)<\/li>\n<li><strong>Material:<\/strong>\u00a0A\u00e7o inoxid\u00e1vel AISI 316 com acabamento polido<\/li>\n<\/ul>\n<p style=\"color: rgb(34, 34, 34); font-family: Arial, Helvetica, sans-serif; font-size: small;\"><strong>Detalhes adicionais:<\/strong><\/p>\n<ul style=\"color: rgb(34, 34, 34); font-family: Arial, Helvetica, sans-serif; font-size: small;\">\n<li><strong>Marca:<\/strong>\u00a0Quick<\/li>\n<li><strong>Constru\u00e7\u00e3o prim\u00e1ria:<\/strong>\u00a0A\u00e7o inoxid\u00e1vel 316<\/li>\n<li><strong>Pa\u00eds de origem:<\/strong>\u00a0It\u00e1lia<\/li>\n<li><strong>Tamanho de barco recomendado:<\/strong>\u00a0At\u00e9 15 metros de comprimento<\/li>\n<\/ul>\n<p style=\"color: rgb(34, 34, 34); font-family: Arial, Helvetica, sans-serif; font-size: small;\">Esta \u00e2ncora foi projetada para fornecer desempenho confi\u00e1vel para embarca\u00e7\u00f5es de at\u00e9 15 metros, garantindo estabilidade e seguran\u00e7a enquanto ancoradas.<\/p>\n","protected":false},"excerpt":{"rendered":"<p>Quick Olympic 34kg &#8211; \u00c2ncora de a\u00e7o inoxid\u00e1vel de alto desempenho com uma alta rela\u00e7\u00e3o peso\/massa. Alta capacidade de penetra\u00e7\u00e3o<\/p>\n","protected":false},"featured_media":5948759,"comment_status":"open","ping_status":"closed","template":"","meta":[],"product_brand":[3282],"product_cat":[2153],"product_tag":[],"class_list":{"0":"post-752167","1":"product","2":"type-product","3":"status-publish","4":"has-post-thumbnail","6":"product_brand-quick-pt","7":"product_cat-ancoras-delta","9":"first","10":"instock","11":"shipping-taxable","12":"purchasable","13":"product-type-simple"},"_links":{"self":[{"href":"https:\/\/stoic-curie.212-227-153-4.plesk.page\/pt\/wp-json\/wp\/v2\/product\/752167","targetHints":{"allow":["GET"]}}],"collection":[{"href":"https:\/\/stoic-curie.212-227-153-4.plesk.page\/pt\/wp-json\/wp\/v2\/product"}],"about":[{"href":"https:\/\/stoic-curie.212-227-153-4.plesk.page\/pt\/wp-json\/wp\/v2\/types\/product"}],"replies":[{"embeddable":true,"href":"https:\/\/stoic-curie.212-227-153-4.plesk.page\/pt\/wp-json\/wp\/v2\/comments?post=752167"}],"version-history":[{"count":0,"href":"https:\/\/stoic-curie.212-227-153-4.plesk.page\/pt\/wp-json\/wp\/v2\/product\/752167\/revisions"}],"wp:featuredmedia":[{"embeddable":true,"href":"https:\/\/stoic-curie.212-227-153-4.plesk.page\/pt\/wp-json\/wp\/v2\/media\/5948759"}],"wp:attachment":[{"href":"https:\/\/stoic-curie.212-227-153-4.plesk.page\/pt\/wp-json\/wp\/v2\/media?parent=752167"}],"wp:term":[{"taxonomy":"product_brand","embeddable":true,"href":"https:\/\/stoic-curie.212-227-153-4.plesk.page\/pt\/wp-json\/wp\/v2\/product_brand?post=752167"},{"taxonomy":"product_cat","embeddable":true,"href":"https:\/\/stoic-curie.212-227-153-4.plesk.page\/pt\/wp-json\/wp\/v2\/product_cat?post=752167"},{"taxonomy":"product_tag","embeddable":true,"href":"https:\/\/stoic-curie.212-227-153-4.plesk.page\/pt\/wp-json\/wp\/v2\/product_tag?post=752167"}],"curies":[{"name":"wp","href":"https:\/\/api.w.org\/{rel}","templated":true}]}}