{"id":752172,"date":"2025-03-04T01:23:37","date_gmt":"2025-03-04T00:23:37","guid":{"rendered":"https:\/\/stoic-curie.212-227-153-4.plesk.page\/producto\/kit-de-ancoragem-liros-12mm-x-40mt-65kg\/"},"modified":"2026-02-25T00:28:29","modified_gmt":"2026-02-25T00:28:29","slug":"kit-de-ancoragem-liros-12mm-x-40mt-65kg","status":"publish","type":"product","link":"https:\/\/stoic-curie.212-227-153-4.plesk.page\/pt\/product\/kit-de-ancoragem-liros-12mm-x-40mt-65kg\/","title":{"rendered":"Kit de Ancoragem Liros 12mm x 40mt 6,5kg"},"content":{"rendered":"<p>Kit de Ancoragem Liros 12mm x 40mt 6,5kg &#8211; <\/p>\n<p>Rede de \u00e2ncora de alta qualidade Liros Handy-Anchor. Com peso de chumbo integrado nos \u00faltimos dez metros, la\u00e7o, la\u00e7o de a\u00e7o inoxid\u00e1vel e splicing. \u2022 Feito de 100% poli\u00e9ster tecido 20 camadas \u2022 Resistente \u00e0 abras\u00e3o e aos raios UV \u2022 N\u00facleo de poli\u00e9ster e chumbo \u2022 Pode ser usado sem corrente \u2022 Fornecido com bolsa Liros<\/p>\n","protected":false},"excerpt":{"rendered":"<p>Kit de Ancoragem Liros 12mm x 40mt 6,5kg &#8211; Rede de \u00e2ncora de alta qualidade Liros Handy-Anchor. Com peso de<\/p>\n","protected":false},"featured_media":5948765,"comment_status":"open","ping_status":"closed","template":"","meta":[],"product_brand":[3067],"product_cat":[2149,1910],"product_tag":[],"class_list":{"0":"post-752172","1":"product","2":"type-product","3":"status-publish","4":"has-post-thumbnail","6":"product_brand-liros-pt","7":"product_cat-cabos-de-fundear","8":"product_cat-cabos-entrelacados","10":"first","11":"instock","12":"shipping-taxable","13":"purchasable","14":"product-type-simple"},"_links":{"self":[{"href":"https:\/\/stoic-curie.212-227-153-4.plesk.page\/pt\/wp-json\/wp\/v2\/product\/752172","targetHints":{"allow":["GET"]}}],"collection":[{"href":"https:\/\/stoic-curie.212-227-153-4.plesk.page\/pt\/wp-json\/wp\/v2\/product"}],"about":[{"href":"https:\/\/stoic-curie.212-227-153-4.plesk.page\/pt\/wp-json\/wp\/v2\/types\/product"}],"replies":[{"embeddable":true,"href":"https:\/\/stoic-curie.212-227-153-4.plesk.page\/pt\/wp-json\/wp\/v2\/comments?post=752172"}],"version-history":[{"count":0,"href":"https:\/\/stoic-curie.212-227-153-4.plesk.page\/pt\/wp-json\/wp\/v2\/product\/752172\/revisions"}],"wp:featuredmedia":[{"embeddable":true,"href":"https:\/\/stoic-curie.212-227-153-4.plesk.page\/pt\/wp-json\/wp\/v2\/media\/5948765"}],"wp:attachment":[{"href":"https:\/\/stoic-curie.212-227-153-4.plesk.page\/pt\/wp-json\/wp\/v2\/media?parent=752172"}],"wp:term":[{"taxonomy":"product_brand","embeddable":true,"href":"https:\/\/stoic-curie.212-227-153-4.plesk.page\/pt\/wp-json\/wp\/v2\/product_brand?post=752172"},{"taxonomy":"product_cat","embeddable":true,"href":"https:\/\/stoic-curie.212-227-153-4.plesk.page\/pt\/wp-json\/wp\/v2\/product_cat?post=752172"},{"taxonomy":"product_tag","embeddable":true,"href":"https:\/\/stoic-curie.212-227-153-4.plesk.page\/pt\/wp-json\/wp\/v2\/product_tag?post=752172"}],"curies":[{"name":"wp","href":"https:\/\/api.w.org\/{rel}","templated":true}]}}