{"id":752174,"date":"2025-03-04T01:23:37","date_gmt":"2025-03-04T00:23:37","guid":{"rendered":"https:\/\/stoic-curie.212-227-153-4.plesk.page\/producto\/dometic-nrx-50\/"},"modified":"2026-02-25T00:28:29","modified_gmt":"2026-02-25T00:28:29","slug":"dometic-nrx-50","status":"publish","type":"product","link":"https:\/\/stoic-curie.212-227-153-4.plesk.page\/pt\/product\/dometic-nrx-50\/","title":{"rendered":"Frigor\u00edfico Dometic NRX 50C"},"content":{"rendered":"<p>Frigor\u00edfico Dometic NRX 50C &#8211; <\/p>\n<p>Refrigeradores Dometic NRX (12\/24V)<\/p>\n<p>Apresentamos o refrigerador Dometic NRX, que conta com uma unidade externa de resfriamento com velocidade vari\u00e1vel que consome 25% menos energia. Este modelo inclui um compartimento remov\u00edvel para congelamento, permitindo op\u00e7\u00f5es flex\u00edveis de armazenamento. O painel de controle t\u00e1til f\u00e1cil de usar permite que voc\u00ea escolha entre resfriamento apenas, congelamento apenas ou o uso de ambas as fun\u00e7\u00f5es simultaneamente. Tamb\u00e9m vem com uma luz LED, uma al\u00e7a de largura total e um painel frontal cinza escuro. Voc\u00ea pode optar por molduras de instala\u00e7\u00e3o padr\u00e3o ou embutidas como acess\u00f3rios.<\/p>\n<p><strong>Refrigerador Compressor Dometic NRX 50C<\/strong><\/p>\n<ul>\n<li>Capacidade: 44 litros<\/li>\n<li>Cor: Frontal cinza escuro<\/li>\n<\/ul>\n<p>Este elegante refrigerador compressor oferece 44 litros de armazenamento refrigerado com um design de porta moderno sem moldura. O painel frontal cinza escuro e a al\u00e7a de largura total oferecem tanto eleg\u00e2ncia quanto conveni\u00eancia. No interior, voc\u00ea encontrar\u00e1 um layout vers\u00e1til, incluindo um compartimento de congelador remov\u00edvel de 4,4 litros. Esse recurso permite que voc\u00ea maximize o espa\u00e7o de refrigera\u00e7\u00e3o ou armazene alimentos congelados por alguns dias.<\/p>\n<p><strong>Caracter\u00edsticas Chave:<\/strong><\/p>\n<ul>\n<li>Compressores Dometic premium<\/li>\n<li>Painel de controle f\u00e1cil de usar<\/li>\n<li>Compartimento remov\u00edvel para congelamento<\/li>\n<li>Dois gavetas para armazenamento organizado<\/li>\n<li>Acess\u00edvel de qualquer \u00e2ngulo<\/li>\n<li>Interior bem equipado<\/li>\n<\/ul>\n<p><strong>Solu\u00e7\u00e3o de Resfriamento 3 em 1:<\/strong><br \/>Este refrigerador pode funcionar como um refrigerador, congelador ou ambos ao mesmo tempo. Possui um compressor energeticamente eficiente com tr\u00eas modos de opera\u00e7\u00e3o: Eco, Boost e Silent.<\/p>\n<p>A porta sem moldura com um painel frontal cinza escuro e uma al\u00e7a de largura total aprimora sua apar\u00eancia moderna. O lado traseiro chanfrado maximiza a utiliza\u00e7\u00e3o do espa\u00e7o a bordo, e as dobradi\u00e7as de porta revers\u00edveis permitem uma instala\u00e7\u00e3o flex\u00edvel em qualquer um dos lados. Al\u00e9m disso, as travas de fun\u00e7\u00e3o dupla tamb\u00e9m podem servir como ventila\u00e7\u00e3o para seu refrigerador.<\/p>\n<p><strong>Especifica\u00e7\u00f5es:<\/strong><\/p>\n<ul>\n<li>N\u00famero SKU: 9620001481<\/li>\n<li>Modelo: NRX0050C<\/li>\n<li>Modelo no r\u00f3tulo: NRX0050<\/li>\n<li>Escopo de entrega: 1 refrigerador, 1 cotovelo de drenagem, 1 manual SOM, 1 manual INM<\/li>\n<\/ul>\n<p><strong>Detalhes do Produto:<\/strong><\/p>\n<ul>\n<li>Tipo: Refrigerador de compressor<\/li>\n<li>Capacidade: 44 litros<\/li>\n<li>Tecnologia de refrigera\u00e7\u00e3o: Compressor<\/li>\n<\/ul>\n<p><strong>Dimens\u00f5es:<\/strong><\/p>\n<ul>\n<li>Profundidade: 510 mm<\/li>\n<li>Altura: 525 mm<\/li>\n<li>Largura: 380 mm<\/li>\n<li>Peso l\u00edquido: 17 kg<\/li>\n<li>Volume total (IEC 62552-3): 44 litros<\/li>\n<li>Volume congelado total (EN62552): 4,4 litros<\/li>\n<\/ul>\n<p>Este refrigerador Dometic NRX combina um design moderno com uma efici\u00eancia energ\u00e9tica superior, tornando-se uma excelente escolha para suas necessidades de refrigera\u00e7\u00e3o.<\/p>\n","protected":false},"excerpt":{"rendered":"<p>Frigor\u00edfico Dometic NRX 50C &#8211; Refrigeradores Dometic NRX (12\/24V) Apresentamos o refrigerador Dometic NRX, que conta com uma unidade externa<\/p>\n","protected":false},"featured_media":5948768,"comment_status":"open","ping_status":"closed","template":"","meta":[],"product_brand":[2897],"product_cat":[2038],"product_tag":[],"class_list":{"0":"post-752174","1":"product","2":"type-product","3":"status-publish","4":"has-post-thumbnail","6":"product_brand-dometic-pt","7":"product_cat-frigorificos-e-congeladores","9":"first","10":"instock","11":"shipping-taxable","12":"purchasable","13":"product-type-simple"},"_links":{"self":[{"href":"https:\/\/stoic-curie.212-227-153-4.plesk.page\/pt\/wp-json\/wp\/v2\/product\/752174","targetHints":{"allow":["GET"]}}],"collection":[{"href":"https:\/\/stoic-curie.212-227-153-4.plesk.page\/pt\/wp-json\/wp\/v2\/product"}],"about":[{"href":"https:\/\/stoic-curie.212-227-153-4.plesk.page\/pt\/wp-json\/wp\/v2\/types\/product"}],"replies":[{"embeddable":true,"href":"https:\/\/stoic-curie.212-227-153-4.plesk.page\/pt\/wp-json\/wp\/v2\/comments?post=752174"}],"version-history":[{"count":0,"href":"https:\/\/stoic-curie.212-227-153-4.plesk.page\/pt\/wp-json\/wp\/v2\/product\/752174\/revisions"}],"wp:featuredmedia":[{"embeddable":true,"href":"https:\/\/stoic-curie.212-227-153-4.plesk.page\/pt\/wp-json\/wp\/v2\/media\/5948768"}],"wp:attachment":[{"href":"https:\/\/stoic-curie.212-227-153-4.plesk.page\/pt\/wp-json\/wp\/v2\/media?parent=752174"}],"wp:term":[{"taxonomy":"product_brand","embeddable":true,"href":"https:\/\/stoic-curie.212-227-153-4.plesk.page\/pt\/wp-json\/wp\/v2\/product_brand?post=752174"},{"taxonomy":"product_cat","embeddable":true,"href":"https:\/\/stoic-curie.212-227-153-4.plesk.page\/pt\/wp-json\/wp\/v2\/product_cat?post=752174"},{"taxonomy":"product_tag","embeddable":true,"href":"https:\/\/stoic-curie.212-227-153-4.plesk.page\/pt\/wp-json\/wp\/v2\/product_tag?post=752174"}],"curies":[{"name":"wp","href":"https:\/\/api.w.org\/{rel}","templated":true}]}}