{"id":752175,"date":"2025-03-04T01:23:38","date_gmt":"2025-03-04T00:23:38","guid":{"rendered":"https:\/\/stoic-curie.212-227-153-4.plesk.page\/producto\/dometic-nrx-60\/"},"modified":"2026-02-25T00:28:29","modified_gmt":"2026-02-25T00:28:29","slug":"dometic-nrx-60","status":"publish","type":"product","link":"https:\/\/stoic-curie.212-227-153-4.plesk.page\/pt\/product\/dometic-nrx-60\/","title":{"rendered":"Geladeira Dometic NRX 60C"},"content":{"rendered":"<p>Geladeira Dometic NRX 60C &#8211; <\/p>\n<p>Os refrigeradores Dometic NRX (12\/24V) apresentam uma unidade de refrigera\u00e7\u00e3o externa de velocidade vari\u00e1vel que consome 25% menos energia. A unidade inclui um compartimento de congelamento remov\u00edvel. O painel de controle sens\u00edvel ao toque permite que voc\u00ea selecione apenas resfriamento, apenas congelamento ou ambas as fun\u00e7\u00f5es simultaneamente. Ele \u00e9 equipado com uma luz LED, uma al\u00e7a de largura total e um painel frontal cinza escuro. Voc\u00ea tamb\u00e9m pode comprar um quadro de instala\u00e7\u00e3o padr\u00e3o ou embutido como acess\u00f3rio.<\/p>\n<p>Apresentamos o Dometic NRX 60C, uma geladeira com compressor, com capacidade de 55 litros e uma elegante frente cinza escuro. Esta geladeira combina um design moderno com efici\u00eancia energ\u00e9tica superior, oferecendo amplo armazenamento refrigerado. Sua elegante porta sem moldura, que integra um painel frontal cinza escuro e uma conveniente al\u00e7a de largura total, se abre para revelar um interior vers\u00e1til. O compartimento de congelamento de 6,1 litros \u00e9 remov\u00edvel, permitindo maximizar a capacidade do refrigerador para resfriamento ou armazenar alimentos congelados por alguns dias.<\/p>\n<p>Principais caracter\u00edsticas:<\/p>\n<ul>\n<li>Compressor Dometic de ponta<\/li>\n<li>Painel de controle amig\u00e1vel ao usu\u00e1rio<\/li>\n<li>Compartimento de congelamento remov\u00edvel<\/li>\n<li>Dois compartimentos para vegetais para armazenamento organizado<\/li>\n<li>Acesso f\u00e1cil de qualquer \u00e2ngulo<\/li>\n<li>Interior bem equipado<\/li>\n<\/ul>\n<p>Esta geladeira oferece uma solu\u00e7\u00e3o de resfriamento 3 em 1: pode funcionar como uma geladeira, um congelador ou ambos ao mesmo tempo. Possui um compressor de alta efici\u00eancia energ\u00e9tica com tr\u00eas modos de opera\u00e7\u00e3o: Eco, Boost e Silent. A porta sem moldura com painel frontal cinza escuro e al\u00e7a de largura total melhora sua apar\u00eancia moderna. A parte traseira biselada permite uma utiliza\u00e7\u00e3o \u00f3tima do espa\u00e7o a bordo, e a dobradi\u00e7a da porta revers\u00edvel pode ser ajustada para abrir da esquerda ou da direita, conforme necess\u00e1rio. Al\u00e9m disso, trancas de fun\u00e7\u00e3o dupla podem servir como aberturas de ventila\u00e7\u00e3o para sua geladeira.<\/p>\n<p>Detalhes do produto:<\/p>\n<ul>\n<li>N\u00famero SKU: 9620001486<\/li>\n<li>Modelo: NRX0060C<\/li>\n<li>Modelo no r\u00f3tulo: NRX0060<\/li>\n<li>Escopo de entrega: 1 refrigerador, 1 cotovelo de dreno, 1 manual SOM, 1 manual INM<\/li>\n<li>Descri\u00e7\u00e3o do produto: Refrigerador com compressor, 55 litros, frente cinza escuro<\/li>\n<li>Tecnologia de refrigera\u00e7\u00e3o: Compressor<\/li>\n<li>Dimens\u00f5es (Profundidade): 537 mm<\/li>\n<li>Dimens\u00f5es (Altura): 525 mm<\/li>\n<li>Dimens\u00f5es (Largura): 448 mm<\/li>\n<li>Peso l\u00edquido: 17 kg<\/li>\n<li>Volume total (IEC 62552-3): 55 litros<\/li>\n<li>Volume total congelado (EN62552): 6,1 litros<\/li>\n<\/ul>\n<p>Este refrigerador Dometic NRX foi projetado para atender \u00e0s suas necessidades de refrigera\u00e7\u00e3o, garantindo efici\u00eancia energ\u00e9tica e conveni\u00eancia.<\/p>\n","protected":false},"excerpt":{"rendered":"<p>Geladeira Dometic NRX 60C &#8211; Os refrigeradores Dometic NRX (12\/24V) apresentam uma unidade de refrigera\u00e7\u00e3o externa de velocidade vari\u00e1vel que<\/p>\n","protected":false},"featured_media":5948768,"comment_status":"open","ping_status":"closed","template":"","meta":[],"product_brand":[2897],"product_cat":[2038],"product_tag":[],"class_list":{"0":"post-752175","1":"product","2":"type-product","3":"status-publish","4":"has-post-thumbnail","6":"product_brand-dometic-pt","7":"product_cat-frigorificos-e-congeladores","9":"first","10":"instock","11":"shipping-taxable","12":"purchasable","13":"product-type-simple"},"_links":{"self":[{"href":"https:\/\/stoic-curie.212-227-153-4.plesk.page\/pt\/wp-json\/wp\/v2\/product\/752175","targetHints":{"allow":["GET"]}}],"collection":[{"href":"https:\/\/stoic-curie.212-227-153-4.plesk.page\/pt\/wp-json\/wp\/v2\/product"}],"about":[{"href":"https:\/\/stoic-curie.212-227-153-4.plesk.page\/pt\/wp-json\/wp\/v2\/types\/product"}],"replies":[{"embeddable":true,"href":"https:\/\/stoic-curie.212-227-153-4.plesk.page\/pt\/wp-json\/wp\/v2\/comments?post=752175"}],"version-history":[{"count":0,"href":"https:\/\/stoic-curie.212-227-153-4.plesk.page\/pt\/wp-json\/wp\/v2\/product\/752175\/revisions"}],"wp:featuredmedia":[{"embeddable":true,"href":"https:\/\/stoic-curie.212-227-153-4.plesk.page\/pt\/wp-json\/wp\/v2\/media\/5948768"}],"wp:attachment":[{"href":"https:\/\/stoic-curie.212-227-153-4.plesk.page\/pt\/wp-json\/wp\/v2\/media?parent=752175"}],"wp:term":[{"taxonomy":"product_brand","embeddable":true,"href":"https:\/\/stoic-curie.212-227-153-4.plesk.page\/pt\/wp-json\/wp\/v2\/product_brand?post=752175"},{"taxonomy":"product_cat","embeddable":true,"href":"https:\/\/stoic-curie.212-227-153-4.plesk.page\/pt\/wp-json\/wp\/v2\/product_cat?post=752175"},{"taxonomy":"product_tag","embeddable":true,"href":"https:\/\/stoic-curie.212-227-153-4.plesk.page\/pt\/wp-json\/wp\/v2\/product_tag?post=752175"}],"curies":[{"name":"wp","href":"https:\/\/api.w.org\/{rel}","templated":true}]}}