{"id":752176,"date":"2025-03-04T01:23:38","date_gmt":"2025-03-04T00:23:38","guid":{"rendered":"https:\/\/stoic-curie.212-227-153-4.plesk.page\/producto\/dometic-nrx-80\/"},"modified":"2026-02-25T00:28:29","modified_gmt":"2026-02-25T00:28:29","slug":"dometic-nrx-80","status":"publish","type":"product","link":"https:\/\/stoic-curie.212-227-153-4.plesk.page\/pt\/product\/dometic-nrx-80\/","title":{"rendered":"Refrigerador Dometic NRX 80C"},"content":{"rendered":"<p>Refrigerador Dometic NRX 80C &#8211; <\/p>\n<p style=\"color: rgb(34, 34, 34); font-family: Arial, Helvetica, sans-serif; font-size: small;\">Apresentando um design moderno com excelente efici\u00eancia energ\u00e9tica, este refrigerador de compressor inteligente oferece 75 litros de espa\u00e7o para armazenamento refrigerado. A sua elegante porta sem moldura apresenta um painel frontal prateado escuro e uma pr\u00e1tica pega de largura total, revelando um interior vers\u00e1til. Voc\u00ea pode facilmente remover o compartimento do congelador de 6.1 litros para maximizar a capacidade do refrigerador para refrigera\u00e7\u00e3o ou para armazenar alimentos congelados por alguns dias.<\/p>\n<p style=\"color: rgb(34, 34, 34); font-family: Arial, Helvetica, sans-serif; font-size: small;\">Este refrigerador Dometic NRX opera em 12\/24V e inclui uma unidade de resfriamento externa de velocidade vari\u00e1vel que consome 25% menos energia. O painel de controle sens\u00edvel ao toque e f\u00e1cil de usar permite que voc\u00ea escolha apenas refrigera\u00e7\u00e3o, apenas congelamento ou ambas as fun\u00e7\u00f5es simultaneamente. Outras caracter\u00edsticas incluem ilumina\u00e7\u00e3o LED, uma pega de largura total e op\u00e7\u00f5es para quadros de instala\u00e7\u00e3o padr\u00e3o ou embutidos.<\/p>\n<p style=\"color: rgb(34, 34, 34); font-family: Arial, Helvetica, sans-serif; font-size: small;\"><strong>Principais caracter\u00edsticas:<\/strong><\/p>\n<ul style=\"color: rgb(34, 34, 34); font-family: Arial, Helvetica, sans-serif; font-size: small;\">\n<li><strong>Painel de controle f\u00e1cil de usar:<\/strong> Simplifica a opera\u00e7\u00e3o para todos os usu\u00e1rios.<\/li>\n<li><strong>Modo de inverno:<\/strong> Ajuda a manter a frescura durante os meses mais frios.<\/li>\n<li><strong>Compressor Dometic Premium:<\/strong> Garante desempenho confi\u00e1vel.<\/li>\n<li><strong>Solu\u00e7\u00e3o de refrigera\u00e7\u00e3o 3 em 1:<\/strong> Funciona como um refrigerador, congelador ou ambos ao mesmo tempo.<\/li>\n<li><strong>Compressor eficiente em termos de energia:<\/strong> Oferece tr\u00eas modos de opera\u00e7\u00e3o: Eco, Boost e Silencioso.<\/li>\n<li><strong>Design de porta sem moldura:<\/strong> Melhora a est\u00e9tica com um painel frontal prateado escuro e uma pega de largura total.<\/li>\n<li><strong>Parte traseira biselada que economiza espa\u00e7o:<\/strong> Maximiza a utiliza\u00e7\u00e3o do espa\u00e7o a bordo.<\/li>\n<li><strong>Haste de porta revers\u00edvel:<\/strong> Pode ser ajustada para abrir da esquerda ou da direita, conforme necess\u00e1rio.<\/li>\n<li><strong>Trancas de dupla fun\u00e7\u00e3o:<\/strong> Servem tanto como fechaduras quanto como ventila\u00e7\u00e3o para o refrigerador.<\/li>\n<li><strong>Op\u00e7\u00f5es de quadro de instala\u00e7\u00e3o:<\/strong> Dispon\u00edveis em estilos padr\u00e3o ou embutidos.<\/li>\n<\/ul>\n<p style=\"color: rgb(34, 34, 34); font-family: Arial, Helvetica, sans-serif; font-size: small;\"><strong>Especifica\u00e7\u00f5es:<\/strong><\/p>\n<ul style=\"color: rgb(34, 34, 34); font-family: Arial, Helvetica, sans-serif; font-size: small;\">\n<li><strong>Voltagem:<\/strong> 12\/24V<\/li>\n<li><strong>Prote\u00e7\u00e3o da bateria (12V):<\/strong>\n<ul>\n<li>Voltagem de corte: 10,4V<\/li>\n<li>Voltagem de reconex\u00e3o: 11,7V<\/li>\n<\/ul>\n<\/li>\n<li><strong>Prote\u00e7\u00e3o da bateria (24V):<\/strong>\n<ul>\n<li>Voltagem de corte: 22,8V<\/li>\n<li>Voltagem de reconex\u00e3o: 24,2V<\/li>\n<\/ul>\n<\/li>\n<li><strong>Faixa de temperatura de armazenamento:<\/strong>\n<ul>\n<li>Geladeira: de 0\u00b0C a +12\u00b0C<\/li>\n<li>Compartimento do congelador: de -15\u00b0C a -5\u00b0C<\/li>\n<li>Modo do congelador: -6\u00b0C<\/li>\n<\/ul>\n<\/li>\n<li><strong>Uso pretendido da temperatura ambiente:<\/strong> +16\u00b0C a +43\u00b0C<\/li>\n<li><strong>Peso l\u00edquido:<\/strong> 20 kg<\/li>\n<li><strong>Capacidade:<\/strong>\n<ul>\n<li>Compartimento da geladeira: 68,4L<\/li>\n<li>Compartimento do congelador: 6,6L<\/li>\n<li>Capacidade total: 75L<\/li>\n<li>Capacidade total (com o compartimento do congelador removido): 78L<\/li>\n<\/ul>\n<\/li>\n<\/ul>\n<p style=\"color: rgb(34, 34, 34); font-family: Arial, Helvetica, sans-serif; font-size: small;\">Este refrigerador combina um design moderno com recursos pr\u00e1ticos, o que o torna uma excelente escolha para suas necessidades de refrigera\u00e7\u00e3o a bordo.<\/p>\n","protected":false},"excerpt":{"rendered":"<p>Refrigerador Dometic NRX 80C &#8211; Apresentando um design moderno com excelente efici\u00eancia energ\u00e9tica, este refrigerador de compressor inteligente oferece 75<\/p>\n","protected":false},"featured_media":5948768,"comment_status":"open","ping_status":"closed","template":"","meta":[],"product_brand":[2897],"product_cat":[2038],"product_tag":[],"class_list":{"0":"post-752176","1":"product","2":"type-product","3":"status-publish","4":"has-post-thumbnail","6":"product_brand-dometic-pt","7":"product_cat-frigorificos-e-congeladores","9":"first","10":"instock","11":"shipping-taxable","12":"purchasable","13":"product-type-simple"},"_links":{"self":[{"href":"https:\/\/stoic-curie.212-227-153-4.plesk.page\/pt\/wp-json\/wp\/v2\/product\/752176","targetHints":{"allow":["GET"]}}],"collection":[{"href":"https:\/\/stoic-curie.212-227-153-4.plesk.page\/pt\/wp-json\/wp\/v2\/product"}],"about":[{"href":"https:\/\/stoic-curie.212-227-153-4.plesk.page\/pt\/wp-json\/wp\/v2\/types\/product"}],"replies":[{"embeddable":true,"href":"https:\/\/stoic-curie.212-227-153-4.plesk.page\/pt\/wp-json\/wp\/v2\/comments?post=752176"}],"version-history":[{"count":0,"href":"https:\/\/stoic-curie.212-227-153-4.plesk.page\/pt\/wp-json\/wp\/v2\/product\/752176\/revisions"}],"wp:featuredmedia":[{"embeddable":true,"href":"https:\/\/stoic-curie.212-227-153-4.plesk.page\/pt\/wp-json\/wp\/v2\/media\/5948768"}],"wp:attachment":[{"href":"https:\/\/stoic-curie.212-227-153-4.plesk.page\/pt\/wp-json\/wp\/v2\/media?parent=752176"}],"wp:term":[{"taxonomy":"product_brand","embeddable":true,"href":"https:\/\/stoic-curie.212-227-153-4.plesk.page\/pt\/wp-json\/wp\/v2\/product_brand?post=752176"},{"taxonomy":"product_cat","embeddable":true,"href":"https:\/\/stoic-curie.212-227-153-4.plesk.page\/pt\/wp-json\/wp\/v2\/product_cat?post=752176"},{"taxonomy":"product_tag","embeddable":true,"href":"https:\/\/stoic-curie.212-227-153-4.plesk.page\/pt\/wp-json\/wp\/v2\/product_tag?post=752176"}],"curies":[{"name":"wp","href":"https:\/\/api.w.org\/{rel}","templated":true}]}}