{"id":752177,"date":"2025-03-04T01:23:38","date_gmt":"2025-03-04T00:23:38","guid":{"rendered":"https:\/\/stoic-curie.212-227-153-4.plesk.page\/producto\/dometic-nrx-115\/"},"modified":"2026-02-25T00:28:29","modified_gmt":"2026-02-25T00:28:29","slug":"dometic-nrx-115","status":"publish","type":"product","link":"https:\/\/stoic-curie.212-227-153-4.plesk.page\/pt\/product\/dometic-nrx-115\/","title":{"rendered":"Frigor\u00edfico Dometic NRX 115C"},"content":{"rendered":"<p>Frigor\u00edfico Dometic NRX 115C &#8211; <\/p>\n<p style=\"color: rgb(34, 34, 34); font-family: Arial, Helvetica, sans-serif; font-size: small;\">Os refrigeradores Dometic NRX (12\/24V) s\u00e3o projetados com uma unidade de resfriamento de velocidade vari\u00e1vel externa, n\u00e3o remov\u00edvel, que reduz efetivamente o consumo de energia em 25%. Este modelo apresenta um compartimento de congelador remov\u00edvel e seu painel de controle de toque amig\u00e1vel permite que os usu\u00e1rios escolham entre resfriar, congelar ou utilizar ambas as fun\u00e7\u00f5es ao mesmo tempo. Al\u00e9m disso, vem com uma luz LED, uma ma\u00e7aneta de largura total e um painel frontal cinza escuro, com a op\u00e7\u00e3o de comprar um quadro de instala\u00e7\u00e3o padr\u00e3o ou embutido como acess\u00f3rio.<\/p>\n<p style=\"color: rgb(34, 34, 34); font-family: Arial, Helvetica, sans-serif; font-size: small;\">Este refrigerador combina uma est\u00e9tica contempor\u00e2nea com excepcional efici\u00eancia energ\u00e9tica, proporcionando um amplo armazenamento de 113 litros. A elegante porta sem moldura, que incorpora um painel frontal cinza escuro e uma pr\u00e1tica ma\u00e7aneta de largura total, abre para revelar um interior flex\u00edvel. O compartimento do congelador de 8,2 litros \u00e9 facilmente remov\u00edvel, permitindo a maximiza\u00e7\u00e3o da capacidade de refrigera\u00e7\u00e3o ou a conserva\u00e7\u00e3o de um a uma estrela, ideal para preservar itens congelados por v\u00e1rios dias.<\/p>\n<p style=\"color: rgb(34, 34, 34); font-family: Arial, Helvetica, sans-serif; font-size: small;\">Recursos not\u00e1veis:<\/p>\n<ul style=\"color: rgb(34, 34, 34); font-family: Arial, Helvetica, sans-serif; font-size: small;\">\n<li>Compressor de alta qualidade que garante desempenho confi\u00e1vel<\/li>\n<li>Painel de controle intuitivo para facilidade de uso<\/li>\n<li>Dois compartimentos para vegetais para organiza\u00e7\u00e3o eficaz<\/li>\n<li>Acess\u00edvel de qualquer \u00e2ngulo para conveni\u00eancia<\/li>\n<li>Congelador remov\u00edvel para solu\u00e7\u00f5es de armazenamento adapt\u00e1veis<\/li>\n<li>Interior bem projetado atendendo a diversas necessidades de armazenamento<\/li>\n<\/ul>\n<p style=\"color: rgb(34, 34, 34); font-family: Arial, Helvetica, sans-serif; font-size: small;\">Este refrigerador atua como uma solu\u00e7\u00e3o de resfriamento vers\u00e1til 3-em-1, capaz de funcionar como geladeira, congelador ou ambos ao mesmo tempo. Possui um compressor premium energeticamente eficiente com tr\u00eas modos de opera\u00e7\u00e3o: Eco, Boost e Silent.<\/p>\n<p style=\"color: rgb(34, 34, 34); font-family: Arial, Helvetica, sans-serif; font-size: small;\">Atributos adicionais incluem:<\/p>\n<ul style=\"color: rgb(34, 34, 34); font-family: Arial, Helvetica, sans-serif; font-size: small;\">\n<li>Uma porta sem moldura com um painel frontal cinza escuro e ma\u00e7aneta de largura total<\/li>\n<li>Um lado traseiro chanfrado projetado para otimizar o uso do espa\u00e7o a bordo<\/li>\n<li>Uma dobradi\u00e7a de porta revers\u00edvel que pode ser ajustada para abrir \u00e0 esquerda ou \u00e0 direita conforme necess\u00e1rio<\/li>\n<li>Fechos de fun\u00e7\u00e3o dupla que tamb\u00e9m atuam como ventila\u00e7\u00e3o para melhorar o fluxo de ar dentro do refrigerador<\/li>\n<\/ul>\n<p><span style=\"color: rgb(34, 34, 34); font-family: Arial, Helvetica, sans-serif; font-size: small;\">Um quadro de instala\u00e7\u00e3o padr\u00e3o ou embutido est\u00e1 dispon\u00edvel como acess\u00f3rio para facilitar as op\u00e7\u00f5es de instala\u00e7\u00e3o.<\/span><\/p>\n","protected":false},"excerpt":{"rendered":"<p>Frigor\u00edfico Dometic NRX 115C &#8211; Os refrigeradores Dometic NRX (12\/24V) s\u00e3o projetados com uma unidade de resfriamento de velocidade vari\u00e1vel<\/p>\n","protected":false},"featured_media":5948768,"comment_status":"open","ping_status":"closed","template":"","meta":[],"product_brand":[2897],"product_cat":[2038],"product_tag":[],"class_list":{"0":"post-752177","1":"product","2":"type-product","3":"status-publish","4":"has-post-thumbnail","6":"product_brand-dometic-pt","7":"product_cat-frigorificos-e-congeladores","9":"first","10":"instock","11":"shipping-taxable","12":"purchasable","13":"product-type-simple"},"_links":{"self":[{"href":"https:\/\/stoic-curie.212-227-153-4.plesk.page\/pt\/wp-json\/wp\/v2\/product\/752177","targetHints":{"allow":["GET"]}}],"collection":[{"href":"https:\/\/stoic-curie.212-227-153-4.plesk.page\/pt\/wp-json\/wp\/v2\/product"}],"about":[{"href":"https:\/\/stoic-curie.212-227-153-4.plesk.page\/pt\/wp-json\/wp\/v2\/types\/product"}],"replies":[{"embeddable":true,"href":"https:\/\/stoic-curie.212-227-153-4.plesk.page\/pt\/wp-json\/wp\/v2\/comments?post=752177"}],"version-history":[{"count":0,"href":"https:\/\/stoic-curie.212-227-153-4.plesk.page\/pt\/wp-json\/wp\/v2\/product\/752177\/revisions"}],"wp:featuredmedia":[{"embeddable":true,"href":"https:\/\/stoic-curie.212-227-153-4.plesk.page\/pt\/wp-json\/wp\/v2\/media\/5948768"}],"wp:attachment":[{"href":"https:\/\/stoic-curie.212-227-153-4.plesk.page\/pt\/wp-json\/wp\/v2\/media?parent=752177"}],"wp:term":[{"taxonomy":"product_brand","embeddable":true,"href":"https:\/\/stoic-curie.212-227-153-4.plesk.page\/pt\/wp-json\/wp\/v2\/product_brand?post=752177"},{"taxonomy":"product_cat","embeddable":true,"href":"https:\/\/stoic-curie.212-227-153-4.plesk.page\/pt\/wp-json\/wp\/v2\/product_cat?post=752177"},{"taxonomy":"product_tag","embeddable":true,"href":"https:\/\/stoic-curie.212-227-153-4.plesk.page\/pt\/wp-json\/wp\/v2\/product_tag?post=752177"}],"curies":[{"name":"wp","href":"https:\/\/api.w.org\/{rel}","templated":true}]}}