{"id":752180,"date":"2025-03-04T01:26:02","date_gmt":"2025-03-04T00:26:02","guid":{"rendered":"https:\/\/stoic-curie.212-227-153-4.plesk.page\/producto\/seatalk-conversor-raymarine\/"},"modified":"2026-02-25T00:28:29","modified_gmt":"2026-02-25T00:28:29","slug":"seatalk-conversor-raymarine","status":"publish","type":"product","link":"https:\/\/stoic-curie.212-227-153-4.plesk.page\/pt\/product\/seatalk-conversor-raymarine\/","title":{"rendered":"Seatalk Conversor Raymarine"},"content":{"rendered":"<p>Seatalk Conversor Raymarine &#8211; <\/p>\n<p>Pacote de piloto autom\u00e1tico hidr\u00e1ulico Raymarine Evolution EV-200 para embarca\u00e7\u00f5es de motor. Inclui o computador de curso ACU-200, a unidade de controle p70Rs e uma bomba hidr\u00e1ulica tipo 1 que suporta de 80 a 230 cc. Capaz de detectar par\u00e2metros ambientais e calcular rapidamente as melhores configura\u00e7\u00f5es para alcan\u00e7ar o m\u00e1ximo desempenho. O resultado \u00e9 uma navega\u00e7\u00e3o precisa e confi\u00e1vel, independentemente da velocidade do barco ou das condi\u00e7\u00f5es do mar. Sem procedimentos de aprendizagem complicados e calibra\u00e7\u00e3o de b\u00fassola, mas equipado com calibra\u00e7\u00e3o autom\u00e1tica e monitoramento preciso em 9 eixos da proa, rolamento e oscila\u00e7\u00e3o. O controle remoto sem fio opcional S100 est\u00e1 equipado com um receptor de esta\u00e7\u00e3o base e deve ser conectado ao piloto autom\u00e1tico por meio do conversor Seatalk1>NG.<\/p>\n","protected":false},"excerpt":{"rendered":"<p>Seatalk Conversor Raymarine &#8211; Pacote de piloto autom\u00e1tico hidr\u00e1ulico Raymarine Evolution EV-200 para embarca\u00e7\u00f5es de motor. Inclui o computador de<\/p>\n","protected":false},"featured_media":5948781,"comment_status":"open","ping_status":"closed","template":"","meta":[],"product_brand":[3302],"product_cat":[2031],"product_tag":[],"class_list":{"0":"post-752180","1":"product","2":"type-product","3":"status-publish","4":"has-post-thumbnail","6":"product_brand-raymarine-pt","7":"product_cat-equipamento-eletronico","9":"first","10":"instock","11":"shipping-taxable","12":"purchasable","13":"product-type-simple"},"_links":{"self":[{"href":"https:\/\/stoic-curie.212-227-153-4.plesk.page\/pt\/wp-json\/wp\/v2\/product\/752180","targetHints":{"allow":["GET"]}}],"collection":[{"href":"https:\/\/stoic-curie.212-227-153-4.plesk.page\/pt\/wp-json\/wp\/v2\/product"}],"about":[{"href":"https:\/\/stoic-curie.212-227-153-4.plesk.page\/pt\/wp-json\/wp\/v2\/types\/product"}],"replies":[{"embeddable":true,"href":"https:\/\/stoic-curie.212-227-153-4.plesk.page\/pt\/wp-json\/wp\/v2\/comments?post=752180"}],"version-history":[{"count":0,"href":"https:\/\/stoic-curie.212-227-153-4.plesk.page\/pt\/wp-json\/wp\/v2\/product\/752180\/revisions"}],"wp:featuredmedia":[{"embeddable":true,"href":"https:\/\/stoic-curie.212-227-153-4.plesk.page\/pt\/wp-json\/wp\/v2\/media\/5948781"}],"wp:attachment":[{"href":"https:\/\/stoic-curie.212-227-153-4.plesk.page\/pt\/wp-json\/wp\/v2\/media?parent=752180"}],"wp:term":[{"taxonomy":"product_brand","embeddable":true,"href":"https:\/\/stoic-curie.212-227-153-4.plesk.page\/pt\/wp-json\/wp\/v2\/product_brand?post=752180"},{"taxonomy":"product_cat","embeddable":true,"href":"https:\/\/stoic-curie.212-227-153-4.plesk.page\/pt\/wp-json\/wp\/v2\/product_cat?post=752180"},{"taxonomy":"product_tag","embeddable":true,"href":"https:\/\/stoic-curie.212-227-153-4.plesk.page\/pt\/wp-json\/wp\/v2\/product_tag?post=752180"}],"curies":[{"name":"wp","href":"https:\/\/api.w.org\/{rel}","templated":true}]}}