{"id":752183,"date":"2025-03-04T01:28:16","date_gmt":"2025-03-04T00:28:16","guid":{"rendered":"https:\/\/stoic-curie.212-227-153-4.plesk.page\/producto\/fita-antiderrapante-3m-preto-5cm-x-18mt\/"},"modified":"2026-02-25T00:28:29","modified_gmt":"2026-02-25T00:28:29","slug":"fita-antiderrapante-3m-preto-5cm-x-18mt","status":"publish","type":"product","link":"https:\/\/stoic-curie.212-227-153-4.plesk.page\/pt\/product\/fita-antiderrapante-3m-preto-5cm-x-18mt\/","title":{"rendered":"Fita Antiderrapante 3M Preto 5cm x 18mt"},"content":{"rendered":"<p>Fita Antiderrapante 3M Preto 5cm x 18mt &#8211; <\/p>\n<p>As tiras autocolantes antideslizantes 3M Safety-Walk s\u00e3o espec\u00edficas para uso ao ar livre e resistentes a ambientes marinhos. S\u00e3o adequadas para piscinas, escadas, degraus, barcos, botes, jet skis e docas. Constru\u00eddas com finos gr\u00e2nulos de resina em uma base de poli\u00e9ster robusta, s\u00e3o higi\u00eanicas e confort\u00e1veis para andar descal\u00e7o.<\/p>\n","protected":false},"excerpt":{"rendered":"<p>Fita Antiderrapante 3M Preto 5cm x 18mt &#8211; As tiras autocolantes antideslizantes 3M Safety-Walk s\u00e3o espec\u00edficas para uso ao ar<\/p>\n","protected":false},"featured_media":5948785,"comment_status":"open","ping_status":"closed","template":"","meta":[],"product_brand":[2772],"product_cat":[1916],"product_tag":[],"class_list":{"0":"post-752183","1":"product","2":"type-product","3":"status-publish","4":"has-post-thumbnail","6":"product_brand-3m-marine-pt","7":"product_cat-fitas-e-tapetes-antiderrapantes","9":"first","10":"instock","11":"shipping-taxable","12":"purchasable","13":"product-type-simple"},"_links":{"self":[{"href":"https:\/\/stoic-curie.212-227-153-4.plesk.page\/pt\/wp-json\/wp\/v2\/product\/752183","targetHints":{"allow":["GET"]}}],"collection":[{"href":"https:\/\/stoic-curie.212-227-153-4.plesk.page\/pt\/wp-json\/wp\/v2\/product"}],"about":[{"href":"https:\/\/stoic-curie.212-227-153-4.plesk.page\/pt\/wp-json\/wp\/v2\/types\/product"}],"replies":[{"embeddable":true,"href":"https:\/\/stoic-curie.212-227-153-4.plesk.page\/pt\/wp-json\/wp\/v2\/comments?post=752183"}],"version-history":[{"count":0,"href":"https:\/\/stoic-curie.212-227-153-4.plesk.page\/pt\/wp-json\/wp\/v2\/product\/752183\/revisions"}],"wp:featuredmedia":[{"embeddable":true,"href":"https:\/\/stoic-curie.212-227-153-4.plesk.page\/pt\/wp-json\/wp\/v2\/media\/5948785"}],"wp:attachment":[{"href":"https:\/\/stoic-curie.212-227-153-4.plesk.page\/pt\/wp-json\/wp\/v2\/media?parent=752183"}],"wp:term":[{"taxonomy":"product_brand","embeddable":true,"href":"https:\/\/stoic-curie.212-227-153-4.plesk.page\/pt\/wp-json\/wp\/v2\/product_brand?post=752183"},{"taxonomy":"product_cat","embeddable":true,"href":"https:\/\/stoic-curie.212-227-153-4.plesk.page\/pt\/wp-json\/wp\/v2\/product_cat?post=752183"},{"taxonomy":"product_tag","embeddable":true,"href":"https:\/\/stoic-curie.212-227-153-4.plesk.page\/pt\/wp-json\/wp\/v2\/product_tag?post=752183"}],"curies":[{"name":"wp","href":"https:\/\/api.w.org\/{rel}","templated":true}]}}