{"id":752186,"date":"2025-03-04T01:28:17","date_gmt":"2025-03-04T00:28:17","guid":{"rendered":"https:\/\/stoic-curie.212-227-153-4.plesk.page\/producto\/revestimento-isolante-legetolex-60-x-100cm\/"},"modified":"2026-02-25T00:28:29","modified_gmt":"2026-02-25T00:28:29","slug":"revestimento-isolante-legetolex-60-x-100cm","status":"publish","type":"product","link":"https:\/\/stoic-curie.212-227-153-4.plesk.page\/pt\/product\/revestimento-isolante-legetolex-60-x-100cm\/","title":{"rendered":"Revestimento isolante Legetolex 60 x 100cm"},"content":{"rendered":"<p>Revestimento isolante Legetolex 60 x 100cm &#8211; <\/p>\n<p>Painel isolante adesivo feito de composto de borracha e laminado de alum\u00ednio, com propriedades de amortecimento de vibra\u00e7\u00f5es e resist\u00eancia a temperatura e fogo. O adesivo proporciona uma fixa\u00e7\u00e3o forte e s\u00f3lida, mesmo em superf\u00edcies n\u00e3o ideais na presen\u00e7a de poeira e umidade. F\u00e1cil de aplicar \u00e0 m\u00e3o, pode ser cortado e moldado de acordo com a superf\u00edcie a ser coberta.<\/p>\n","protected":false},"excerpt":{"rendered":"<p>Revestimento isolante Legetolex 60 x 100cm &#8211; Painel isolante adesivo feito de composto de borracha e laminado de alum\u00ednio, com<\/p>\n","protected":false},"featured_media":5948792,"comment_status":"open","ping_status":"closed","template":"","meta":[],"product_brand":[3292],"product_cat":[2097],"product_tag":[],"class_list":{"0":"post-752186","1":"product","2":"type-product","3":"status-publish","4":"has-post-thumbnail","6":"product_brand-quietlife-pt","7":"product_cat-isolamento-e-insonorizacao","9":"first","10":"instock","11":"shipping-taxable","12":"purchasable","13":"product-type-simple"},"_links":{"self":[{"href":"https:\/\/stoic-curie.212-227-153-4.plesk.page\/pt\/wp-json\/wp\/v2\/product\/752186","targetHints":{"allow":["GET"]}}],"collection":[{"href":"https:\/\/stoic-curie.212-227-153-4.plesk.page\/pt\/wp-json\/wp\/v2\/product"}],"about":[{"href":"https:\/\/stoic-curie.212-227-153-4.plesk.page\/pt\/wp-json\/wp\/v2\/types\/product"}],"replies":[{"embeddable":true,"href":"https:\/\/stoic-curie.212-227-153-4.plesk.page\/pt\/wp-json\/wp\/v2\/comments?post=752186"}],"version-history":[{"count":0,"href":"https:\/\/stoic-curie.212-227-153-4.plesk.page\/pt\/wp-json\/wp\/v2\/product\/752186\/revisions"}],"wp:featuredmedia":[{"embeddable":true,"href":"https:\/\/stoic-curie.212-227-153-4.plesk.page\/pt\/wp-json\/wp\/v2\/media\/5948792"}],"wp:attachment":[{"href":"https:\/\/stoic-curie.212-227-153-4.plesk.page\/pt\/wp-json\/wp\/v2\/media?parent=752186"}],"wp:term":[{"taxonomy":"product_brand","embeddable":true,"href":"https:\/\/stoic-curie.212-227-153-4.plesk.page\/pt\/wp-json\/wp\/v2\/product_brand?post=752186"},{"taxonomy":"product_cat","embeddable":true,"href":"https:\/\/stoic-curie.212-227-153-4.plesk.page\/pt\/wp-json\/wp\/v2\/product_cat?post=752186"},{"taxonomy":"product_tag","embeddable":true,"href":"https:\/\/stoic-curie.212-227-153-4.plesk.page\/pt\/wp-json\/wp\/v2\/product_tag?post=752186"}],"curies":[{"name":"wp","href":"https:\/\/api.w.org\/{rel}","templated":true}]}}