{"id":752187,"date":"2025-03-04T01:28:17","date_gmt":"2025-03-04T00:28:17","guid":{"rendered":"https:\/\/stoic-curie.212-227-153-4.plesk.page\/producto\/quick-olympic-7kg\/"},"modified":"2026-02-25T00:28:29","modified_gmt":"2026-02-25T00:28:29","slug":"quick-olympic-7kg","status":"publish","type":"product","link":"https:\/\/stoic-curie.212-227-153-4.plesk.page\/pt\/product\/quick-olympic-7kg\/","title":{"rendered":"\u00c2ncora Quick Olympic 7kg"},"content":{"rendered":"<p>\u00c2ncora Quick Olympic 7kg &#8211; <\/p>\n<p style=\"color: rgb(34, 34, 34); font-family: Arial, Helvetica, sans-serif; font-size: small;\">Apresentamos a \u00e2ncora Quick Olympic, que pesa 7 kg (20 lb) e \u00e9 feita de a\u00e7o inoxid\u00e1vel AISI 316 polido. Esta \u00e2ncora possui um bra\u00e7o em forma de arado, projetado para alto desempenho e uma excelente rela\u00e7\u00e3o peso-massa. Suas aletinhas estabilizadoras e a distribui\u00e7\u00e3o de peso ideal garantem uma penetra\u00e7\u00e3o profunda no fundo do mar.<\/p>\n<p style=\"color: rgb(34, 34, 34); font-family: Arial, Helvetica, sans-serif; font-size: small;\">O barril compacto \u00e9 compat\u00edvel com a maioria dos rolos dispon\u00edveis no mercado. Inclui um orif\u00edcio para fixa\u00e7\u00e3o do grip e uma base refor\u00e7ada, que fornece resist\u00eancia excepcional a altas tens\u00f5es. O olho \u00e9 projetado especificamente para suportar tens\u00f5es tensas elevadas.<\/p>\n<p style=\"color: rgb(34, 34, 34); font-family: Arial, Helvetica, sans-serif; font-size: small;\"><strong>Especifica\u00e7\u00f5es da \u00e2ncora:<\/strong><\/p>\n<ul style=\"color: rgb(34, 34, 34); font-family: Arial, Helvetica, sans-serif; font-size: small;\">\n<li><strong>Peso:<\/strong> 7 kg (20 lb)<\/li>\n<li><strong>Tamanho de corrente recomendado:<\/strong> 6 mm (1\/4&#8243;)<\/li>\n<li><strong>Comprimento do barco:<\/strong> 6 metros (20 ft)<\/li>\n<li><strong>Peso do barco:<\/strong> 1,8 toneladas (2 toneladas americanas)<\/li>\n<li><strong>Material:<\/strong> A\u00e7o inoxid\u00e1vel AISI 316 com acabamento polido<\/li>\n<\/ul>\n","protected":false},"excerpt":{"rendered":"<p>\u00c2ncora Quick Olympic 7kg &#8211; Apresentamos a \u00e2ncora Quick Olympic, que pesa 7 kg (20 lb) e \u00e9 feita de<\/p>\n","protected":false},"featured_media":5948759,"comment_status":"open","ping_status":"closed","template":"","meta":[],"product_brand":[3282],"product_cat":[2153],"product_tag":[],"class_list":{"0":"post-752187","1":"product","2":"type-product","3":"status-publish","4":"has-post-thumbnail","6":"product_brand-quick-pt","7":"product_cat-ancoras-delta","9":"first","10":"instock","11":"shipping-taxable","12":"purchasable","13":"product-type-simple"},"_links":{"self":[{"href":"https:\/\/stoic-curie.212-227-153-4.plesk.page\/pt\/wp-json\/wp\/v2\/product\/752187","targetHints":{"allow":["GET"]}}],"collection":[{"href":"https:\/\/stoic-curie.212-227-153-4.plesk.page\/pt\/wp-json\/wp\/v2\/product"}],"about":[{"href":"https:\/\/stoic-curie.212-227-153-4.plesk.page\/pt\/wp-json\/wp\/v2\/types\/product"}],"replies":[{"embeddable":true,"href":"https:\/\/stoic-curie.212-227-153-4.plesk.page\/pt\/wp-json\/wp\/v2\/comments?post=752187"}],"version-history":[{"count":0,"href":"https:\/\/stoic-curie.212-227-153-4.plesk.page\/pt\/wp-json\/wp\/v2\/product\/752187\/revisions"}],"wp:featuredmedia":[{"embeddable":true,"href":"https:\/\/stoic-curie.212-227-153-4.plesk.page\/pt\/wp-json\/wp\/v2\/media\/5948759"}],"wp:attachment":[{"href":"https:\/\/stoic-curie.212-227-153-4.plesk.page\/pt\/wp-json\/wp\/v2\/media?parent=752187"}],"wp:term":[{"taxonomy":"product_brand","embeddable":true,"href":"https:\/\/stoic-curie.212-227-153-4.plesk.page\/pt\/wp-json\/wp\/v2\/product_brand?post=752187"},{"taxonomy":"product_cat","embeddable":true,"href":"https:\/\/stoic-curie.212-227-153-4.plesk.page\/pt\/wp-json\/wp\/v2\/product_cat?post=752187"},{"taxonomy":"product_tag","embeddable":true,"href":"https:\/\/stoic-curie.212-227-153-4.plesk.page\/pt\/wp-json\/wp\/v2\/product_tag?post=752187"}],"curies":[{"name":"wp","href":"https:\/\/api.w.org\/{rel}","templated":true}]}}