{"id":752188,"date":"2025-03-04T01:28:17","date_gmt":"2025-03-04T00:28:17","guid":{"rendered":"https:\/\/stoic-curie.212-227-153-4.plesk.page\/producto\/quick-olympic-10kg\/"},"modified":"2026-02-25T00:28:29","modified_gmt":"2026-02-25T00:28:29","slug":"quick-olympic-10kg","status":"publish","type":"product","link":"https:\/\/stoic-curie.212-227-153-4.plesk.page\/pt\/product\/quick-olympic-10kg\/","title":{"rendered":"\u00e2ncora Quick Olympic 10kg"},"content":{"rendered":"<p>\u00e2ncora Quick Olympic 10kg &#8211; <\/p>\n<p style=\"color: rgb(34, 34, 34); font-family: Arial, Helvetica, sans-serif; font-size: small;\">Apresentamos a\u00c2 \u00c2 \u00c2 \u00c2 \u00c2 \u00c2 \u00c2 \u00c2 \u00c2 \u00c2 \u00c2 \u00c2 \u00c2 \u00c2 \u00c2 \u00c2 \u00c2 \u00c2 \u00c2 \u00c2 \u00c2 \u00c2 \u00c2 \u00c2 \u00c2 \u00c2 \u00c2 \u00c2 \u00c2 \u00c2 \u00c2 \u00c2 \u00c2 \u00c2 \u00c2 \u00c2 \u00c2 \u00c2 \u00c2 \u00c2 \u00c2 \u00c2 \u00c2 \u00c2 \u00c2 \u00c2 \u00c2 \u00c2 \u00c2 \u00c2 \u00c2 \u00c2 \u00c2 \u00c2 \u00c2 \u00c2 \u00c2 \u00c2 \u00c2 \u00c2 \u00c2 \u00c2 \u00c2 \u00c2 \u00c2 \u00c2 \u00c2 \u00c2 \u00c2 \u00c2 \u00c2 \u00c2 \u00c2 \u00c2 \u00c2 \u00c2 \u00c2 \u00c2 \u00c2 \u00c2 \u00c2 \u00c2 \u00c2 \u00c2 \u00c2 \u00c2 \u00c2 \u00c2 \u00c2 \u00c2 \u00c2 \u00c2 \u00c2 \u00c2 \u00c2 \u00c2 \u00c2 \u00c2 \u00c2 \u00c2 \u00c2 \u00c2 \u00c2 \u00c2 \u00c2 \u00c2 \u00c2 \u00c2 \u00c2 \u00c2 \u00c2 \u00c2 \u00c2 \u00c2 \u00c2 \u00c2 \u00c2 \u00c2 \u00c2 \u00c2 \u00c2 \u00c2 \u00c2 \u00c2 \u00c2 \u00c2 \u00c2 \u00c2 \u00c2 \u00c2 \u00c2 \u00c2 \u00c2 \u00c2 \u00c2 \u00c2 \u00c2 \u00c2 \u00c2 \u00c2 \u00c2 \u00c2 \u00c2 \u00c2 \u00c2 \u00c2 \u00c2 \u00c2 \u00c2 \u00c2 \u00c2 \u00c2 \u00c2 \u00c2 \u00c2 \u00c2 \u00c2 \u00c2 \u00c2 \u00c2 \u00c2 \u00c2 \u00c2 \u00c2 \u00c2 \u00c2 \u00c2 \u00c2 \u00c2 \u00c2 \u00c2 \u00c2 \u00c2 \u00c2 \u00c2 \u00c2 \u00c2\u00c2 \u00c2 \u00c2 \u00c2 \u00c2 \u00c2 \u00c2 \u00c2 \u00c2 \u00c2 \u00c2 \u00c2 \u00c2 \u00c2 \u00c2 \u00c2 \u00c2 \u00c2 \u00c2 \u00c2 \u00c2 \u00c2 \u00c2 \u00c2 \u00c2 \u00c2 \u00c2 \u00c2 \u00c2 \u00c2 \u00c2 \u00c2 \u00c2 \u00c2 \u00c2 \u00c2 \u00c2 \u00c2 \u00c2 \u00c2 \u00c2 \u00c2 \u00c2 \u00c2 \u00c2 \u00c2 \u00c2 \u00c2 \u00c2 \u00c2 \u00c2 \u00c2 \u00c2 \u00c2 \u00c2 \u00c2 \u00c2 \u00c2 \u00c2 \u00c2 \u00c2 \u00c2 \u00c2 \u00c2 \u00c2 \u00c2 \u00c2 \u00c2 \u00c2 \u00c2 \u00c2 \u00c2 \u00c2 \u00c2 \u00c2 \u00c2 \u00c2 \u00c2 \u00c2 \u00c2 \u00c2 \u00c2 \u00c2 \u00c2 \u00c2 \u00c2 \u00c2 \u00c2 \u00c2 \u00c2 Ancla R\u00e1pida Ol\u00edmpicos, que pesa 10 kg e \u00e9 constru\u00eddo em a\u00e7o inoxid\u00e1vel polido, com um bra\u00e7o em forma de arado. Este \u00e2ncora \u00e9 projetada para desempenho superior, apresentando uma rela\u00e7\u00e3o peso-massa impressionante. As suas aletas de estabiliza\u00e7\u00e3o e a distribui\u00e7\u00e3o de peso ideal garantem uma capacidade de penetra\u00e7\u00e3o excepcional no \u00e2ngulo apropriado.<\/p>\n<p style=\"color: rgb(34, 34, 34); font-family: Arial, Helvetica, sans-serif; font-size: small;\">O barril compacto \u00e9 compat\u00edvel com a maioria dos rolos dispon\u00edveis no mercado e inclui um buraco para anexo de pega, complementado por uma base refor\u00e7ada que oferece uma resist\u00eancia not\u00e1vel \u00e0 alta tra\u00e7\u00e3o. O olho \u00e9 especificamente projetado para suportar consider\u00e1veis tens\u00f5es de tra\u00e7\u00e3o.<\/p>\n<p style=\"color: rgb(34, 34, 34); font-family: Arial, Helvetica, sans-serif; font-size: small;\"><strong>Especifica\u00e7\u00f5es do \u00e2ncora:<\/strong><\/p>\n<ul style=\"color: rgb(34, 34, 34); font-family: Arial, Helvetica, sans-serif; font-size: small;\">\n<li><strong>Peso:<\/strong>\u00a010 kg (22 lb)<\/li>\n<li><strong>Tamanho da corrente recomendado:<\/strong>\u00a06mm (1\/4&#8243; )<\/li>\n<li><strong>Comprimento do barco adequado:<\/strong>\u00a08,5 metros (27 ft)<\/li>\n<li><strong>Peso m\u00e1ximo do barco:<\/strong>\u00a03,5 toneladas (3,8 toneladas estadunidenses)<\/li>\n<li><strong>Material:<\/strong>\u00a0A\u00e7o inoxid\u00e1vel AISI 316 com acabamento polido<\/li>\n<\/ul>\n<p style=\"color: rgb(34, 34, 34); font-family: Arial, Helvetica, sans-serif; font-size: small;\">Essa \u00e2ncora representa uma op\u00e7\u00e3o excepcional para propriet\u00e1rios de barcos que buscam solu\u00e7\u00f5es de ancoragem confi\u00e1veis e de alto desempenho.<\/p>\n","protected":false},"excerpt":{"rendered":"<p>\u00e2ncora Quick Olympic 10kg &#8211; Apresentamos a\u00c2 \u00c2 \u00c2 \u00c2 \u00c2 \u00c2 \u00c2 \u00c2 \u00c2 \u00c2 \u00c2 \u00c2 \u00c2 \u00c2<\/p>\n","protected":false},"featured_media":5948759,"comment_status":"open","ping_status":"closed","template":"","meta":[],"product_brand":[3282],"product_cat":[2153],"product_tag":[],"class_list":{"0":"post-752188","1":"product","2":"type-product","3":"status-publish","4":"has-post-thumbnail","6":"product_brand-quick-pt","7":"product_cat-ancoras-delta","9":"first","10":"instock","11":"shipping-taxable","12":"purchasable","13":"product-type-simple"},"_links":{"self":[{"href":"https:\/\/stoic-curie.212-227-153-4.plesk.page\/pt\/wp-json\/wp\/v2\/product\/752188","targetHints":{"allow":["GET"]}}],"collection":[{"href":"https:\/\/stoic-curie.212-227-153-4.plesk.page\/pt\/wp-json\/wp\/v2\/product"}],"about":[{"href":"https:\/\/stoic-curie.212-227-153-4.plesk.page\/pt\/wp-json\/wp\/v2\/types\/product"}],"replies":[{"embeddable":true,"href":"https:\/\/stoic-curie.212-227-153-4.plesk.page\/pt\/wp-json\/wp\/v2\/comments?post=752188"}],"version-history":[{"count":0,"href":"https:\/\/stoic-curie.212-227-153-4.plesk.page\/pt\/wp-json\/wp\/v2\/product\/752188\/revisions"}],"wp:featuredmedia":[{"embeddable":true,"href":"https:\/\/stoic-curie.212-227-153-4.plesk.page\/pt\/wp-json\/wp\/v2\/media\/5948759"}],"wp:attachment":[{"href":"https:\/\/stoic-curie.212-227-153-4.plesk.page\/pt\/wp-json\/wp\/v2\/media?parent=752188"}],"wp:term":[{"taxonomy":"product_brand","embeddable":true,"href":"https:\/\/stoic-curie.212-227-153-4.plesk.page\/pt\/wp-json\/wp\/v2\/product_brand?post=752188"},{"taxonomy":"product_cat","embeddable":true,"href":"https:\/\/stoic-curie.212-227-153-4.plesk.page\/pt\/wp-json\/wp\/v2\/product_cat?post=752188"},{"taxonomy":"product_tag","embeddable":true,"href":"https:\/\/stoic-curie.212-227-153-4.plesk.page\/pt\/wp-json\/wp\/v2\/product_tag?post=752188"}],"curies":[{"name":"wp","href":"https:\/\/api.w.org\/{rel}","templated":true}]}}