{"id":752189,"date":"2025-03-04T01:28:17","date_gmt":"2025-03-04T00:28:17","guid":{"rendered":"https:\/\/stoic-curie.212-227-153-4.plesk.page\/producto\/quick-olympic-16kg\/"},"modified":"2026-02-25T00:28:29","modified_gmt":"2026-02-25T00:28:29","slug":"quick-olympic-16kg","status":"publish","type":"product","link":"https:\/\/stoic-curie.212-227-153-4.plesk.page\/pt\/product\/quick-olympic-16kg\/","title":{"rendered":"Quick Olympic 16kg"},"content":{"rendered":"<p>Quick Olympic 16kg &#8211; <\/p>\n<p style=\"color: rgb(34, 34, 34); font-family: Arial, Helvetica, sans-serif; font-size: small;\">Apresentamos o Ancla Ol\u00edmpico R\u00e1pido, que pesa 16 kg e \u00e9 feito de a\u00e7o inoxid\u00e1vel polido, com um bra\u00e7o em forma de arado. Este \u00e2ncora \u00e9 projetado para alto desempenho e possui uma impressionante rela\u00e7\u00e3o peso\/masa. Suas nadadeiras estabilizadoras e a distribui\u00e7\u00e3o de peso ideal garantem uma excelente capacidade de penetra\u00e7\u00e3o no \u00e2ngulo correto.<\/p>\n<p style=\"color: rgb(34, 34, 34); font-family: Arial, Helvetica, sans-serif; font-size: small;\">O barril compacto \u00e9 compat\u00edvel com a maioria dos rolos dispon\u00edveis no mercado e inclui um buraco para a fixa\u00e7\u00e3o do cabo, juntamente com uma base refor\u00e7ada que oferece resist\u00eancia excepcional a altas tra\u00e7\u00f5es. O olhal \u00e9 projetado especificamente para suportar tens\u00f5es de tra\u00e7\u00e3o significativas.<\/p>\n<p style=\"color: rgb(34, 34, 34); font-family: Arial, Helvetica, sans-serif; font-size: small;\"><strong>Especifica\u00e7\u00f5es do Ancla:<\/strong><\/p>\n<ul style=\"color: rgb(34, 34, 34); font-family: Arial, Helvetica, sans-serif; font-size: small;\">\n<li><strong>Peso:<\/strong>\u00a016 kg (35 lb)<\/li>\n<li><strong>Tamanho da Cadeia Recomendado:<\/strong>\u00a08 mm (5\/16&#8243;)<\/li>\n<li><strong>Comprimento do Barco:<\/strong>\u00a010,8 metros (35 ft)<\/li>\n<li><strong>Peso do Barco:<\/strong>\u00a06,3 toneladas (7 toneladas americanas)<\/li>\n<li><strong>Material:<\/strong>\u00a0A\u00e7o Inoxid\u00e1vel AISI 316 com acabamento polido<\/li>\n<\/ul>\n","protected":false},"excerpt":{"rendered":"<p>Quick Olympic 16kg &#8211; Apresentamos o Ancla Ol\u00edmpico R\u00e1pido, que pesa 16 kg e \u00e9 feito de a\u00e7o inoxid\u00e1vel polido,<\/p>\n","protected":false},"featured_media":5948759,"comment_status":"open","ping_status":"closed","template":"","meta":[],"product_brand":[3282],"product_cat":[2153],"product_tag":[],"class_list":{"0":"post-752189","1":"product","2":"type-product","3":"status-publish","4":"has-post-thumbnail","6":"product_brand-quick-pt","7":"product_cat-ancoras-delta","9":"first","10":"instock","11":"shipping-taxable","12":"purchasable","13":"product-type-simple"},"_links":{"self":[{"href":"https:\/\/stoic-curie.212-227-153-4.plesk.page\/pt\/wp-json\/wp\/v2\/product\/752189","targetHints":{"allow":["GET"]}}],"collection":[{"href":"https:\/\/stoic-curie.212-227-153-4.plesk.page\/pt\/wp-json\/wp\/v2\/product"}],"about":[{"href":"https:\/\/stoic-curie.212-227-153-4.plesk.page\/pt\/wp-json\/wp\/v2\/types\/product"}],"replies":[{"embeddable":true,"href":"https:\/\/stoic-curie.212-227-153-4.plesk.page\/pt\/wp-json\/wp\/v2\/comments?post=752189"}],"version-history":[{"count":0,"href":"https:\/\/stoic-curie.212-227-153-4.plesk.page\/pt\/wp-json\/wp\/v2\/product\/752189\/revisions"}],"wp:featuredmedia":[{"embeddable":true,"href":"https:\/\/stoic-curie.212-227-153-4.plesk.page\/pt\/wp-json\/wp\/v2\/media\/5948759"}],"wp:attachment":[{"href":"https:\/\/stoic-curie.212-227-153-4.plesk.page\/pt\/wp-json\/wp\/v2\/media?parent=752189"}],"wp:term":[{"taxonomy":"product_brand","embeddable":true,"href":"https:\/\/stoic-curie.212-227-153-4.plesk.page\/pt\/wp-json\/wp\/v2\/product_brand?post=752189"},{"taxonomy":"product_cat","embeddable":true,"href":"https:\/\/stoic-curie.212-227-153-4.plesk.page\/pt\/wp-json\/wp\/v2\/product_cat?post=752189"},{"taxonomy":"product_tag","embeddable":true,"href":"https:\/\/stoic-curie.212-227-153-4.plesk.page\/pt\/wp-json\/wp\/v2\/product_tag?post=752189"}],"curies":[{"name":"wp","href":"https:\/\/api.w.org\/{rel}","templated":true}]}}