{"id":752191,"date":"2025-03-04T01:28:18","date_gmt":"2025-03-04T00:28:18","guid":{"rendered":"https:\/\/stoic-curie.212-227-153-4.plesk.page\/producto\/escada-de-seguranca-3-30mt\/"},"modified":"2026-02-25T00:28:29","modified_gmt":"2026-02-25T00:28:29","slug":"escada-de-seguranca-3-30mt","status":"publish","type":"product","link":"https:\/\/stoic-curie.212-227-153-4.plesk.page\/pt\/product\/escada-de-seguranca-3-30mt\/","title":{"rendered":"Escada de seguran\u00e7a 3.30mt"},"content":{"rendered":"<p>Escada de seguran\u00e7a 3.30mt &#8211; <\/p>\n<p>Escada de seguran\u00e7a universal. Cumpre com a norma ISO 15085. Adequada para todos os barcos. F\u00e1cil e segura de usar, o desdobramento \u00e9 feito da \u00e1gua usando a corda apropriada. Feita de fita de poli\u00e9ster com degraus de fibra de vidro. Inclui um recipiente robusto de tecido de poli\u00e9ster de 28x26x6 cm. Fixa\u00e7\u00e3o ao p\u00falpito utilizando duas fivelas e dois bot\u00f5es de mola.<\/p>\n","protected":false},"excerpt":{"rendered":"<p>Escada de seguran\u00e7a 3.30mt &#8211; Escada de seguran\u00e7a universal. Cumpre com a norma ISO 15085. Adequada para todos os barcos.<\/p>\n","protected":false},"featured_media":5948811,"comment_status":"open","ping_status":"closed","template":"","meta":[],"product_brand":[3237],"product_cat":[1892,1905],"product_tag":[],"class_list":{"0":"post-752191","1":"product","2":"type-product","3":"status-publish","4":"has-post-thumbnail","6":"product_brand-osculati-pt","7":"product_cat-acessorios-de-seguranca","8":"product_cat-escadas","10":"first","11":"instock","12":"shipping-taxable","13":"purchasable","14":"product-type-simple"},"_links":{"self":[{"href":"https:\/\/stoic-curie.212-227-153-4.plesk.page\/pt\/wp-json\/wp\/v2\/product\/752191","targetHints":{"allow":["GET"]}}],"collection":[{"href":"https:\/\/stoic-curie.212-227-153-4.plesk.page\/pt\/wp-json\/wp\/v2\/product"}],"about":[{"href":"https:\/\/stoic-curie.212-227-153-4.plesk.page\/pt\/wp-json\/wp\/v2\/types\/product"}],"replies":[{"embeddable":true,"href":"https:\/\/stoic-curie.212-227-153-4.plesk.page\/pt\/wp-json\/wp\/v2\/comments?post=752191"}],"version-history":[{"count":0,"href":"https:\/\/stoic-curie.212-227-153-4.plesk.page\/pt\/wp-json\/wp\/v2\/product\/752191\/revisions"}],"wp:featuredmedia":[{"embeddable":true,"href":"https:\/\/stoic-curie.212-227-153-4.plesk.page\/pt\/wp-json\/wp\/v2\/media\/5948811"}],"wp:attachment":[{"href":"https:\/\/stoic-curie.212-227-153-4.plesk.page\/pt\/wp-json\/wp\/v2\/media?parent=752191"}],"wp:term":[{"taxonomy":"product_brand","embeddable":true,"href":"https:\/\/stoic-curie.212-227-153-4.plesk.page\/pt\/wp-json\/wp\/v2\/product_brand?post=752191"},{"taxonomy":"product_cat","embeddable":true,"href":"https:\/\/stoic-curie.212-227-153-4.plesk.page\/pt\/wp-json\/wp\/v2\/product_cat?post=752191"},{"taxonomy":"product_tag","embeddable":true,"href":"https:\/\/stoic-curie.212-227-153-4.plesk.page\/pt\/wp-json\/wp\/v2\/product_tag?post=752191"}],"curies":[{"name":"wp","href":"https:\/\/api.w.org\/{rel}","templated":true}]}}