{"id":752192,"date":"2025-03-04T01:28:18","date_gmt":"2025-03-04T00:28:18","guid":{"rendered":"https:\/\/stoic-curie.212-227-153-4.plesk.page\/producto\/cadeira-dobravel-marathon-r120-azul\/"},"modified":"2026-02-25T00:28:29","modified_gmt":"2026-02-25T00:28:29","slug":"cadeira-dobravel-marathon-r120-azul","status":"publish","type":"product","link":"https:\/\/stoic-curie.212-227-153-4.plesk.page\/pt\/product\/cadeira-dobravel-marathon-r120-azul\/","title":{"rendered":"Cadeira dobr\u00e1vel Marathon r120 Azul"},"content":{"rendered":"<p>Cadeira dobr\u00e1vel Marathon r120 Azul &#8211; <\/p>\n<p>Cadeira Marathon R120 da Forma, confort\u00e1vel e elegante. Estrutura em alum\u00ednio anodizado, leve e muito resistente, com juntas fundidas. Lona de grau marinho Recacril, resistente a manchas. Ferragens de a\u00e7o inoxid\u00e1vel.<\/p>\n","protected":false},"excerpt":{"rendered":"<p>Cadeira dobr\u00e1vel Marathon r120 Azul &#8211; Cadeira Marathon R120 da Forma, confort\u00e1vel e elegante. Estrutura em alum\u00ednio anodizado, leve e<\/p>\n","protected":false},"featured_media":5948813,"comment_status":"open","ping_status":"closed","template":"","meta":[],"product_brand":[2952],"product_cat":[1929],"product_tag":[],"class_list":{"0":"post-752192","1":"product","2":"type-product","3":"status-publish","4":"has-post-thumbnail","6":"product_brand-forma-pt","7":"product_cat-mesas-e-cadeiras","9":"first","10":"instock","11":"shipping-taxable","12":"purchasable","13":"product-type-simple"},"_links":{"self":[{"href":"https:\/\/stoic-curie.212-227-153-4.plesk.page\/pt\/wp-json\/wp\/v2\/product\/752192","targetHints":{"allow":["GET"]}}],"collection":[{"href":"https:\/\/stoic-curie.212-227-153-4.plesk.page\/pt\/wp-json\/wp\/v2\/product"}],"about":[{"href":"https:\/\/stoic-curie.212-227-153-4.plesk.page\/pt\/wp-json\/wp\/v2\/types\/product"}],"replies":[{"embeddable":true,"href":"https:\/\/stoic-curie.212-227-153-4.plesk.page\/pt\/wp-json\/wp\/v2\/comments?post=752192"}],"version-history":[{"count":0,"href":"https:\/\/stoic-curie.212-227-153-4.plesk.page\/pt\/wp-json\/wp\/v2\/product\/752192\/revisions"}],"wp:featuredmedia":[{"embeddable":true,"href":"https:\/\/stoic-curie.212-227-153-4.plesk.page\/pt\/wp-json\/wp\/v2\/media\/5948813"}],"wp:attachment":[{"href":"https:\/\/stoic-curie.212-227-153-4.plesk.page\/pt\/wp-json\/wp\/v2\/media?parent=752192"}],"wp:term":[{"taxonomy":"product_brand","embeddable":true,"href":"https:\/\/stoic-curie.212-227-153-4.plesk.page\/pt\/wp-json\/wp\/v2\/product_brand?post=752192"},{"taxonomy":"product_cat","embeddable":true,"href":"https:\/\/stoic-curie.212-227-153-4.plesk.page\/pt\/wp-json\/wp\/v2\/product_cat?post=752192"},{"taxonomy":"product_tag","embeddable":true,"href":"https:\/\/stoic-curie.212-227-153-4.plesk.page\/pt\/wp-json\/wp\/v2\/product_tag?post=752192"}],"curies":[{"name":"wp","href":"https:\/\/api.w.org\/{rel}","templated":true}]}}