{"id":752198,"date":"2025-03-04T01:28:20","date_gmt":"2025-03-04T00:28:20","guid":{"rendered":"https:\/\/stoic-curie.212-227-153-4.plesk.page\/producto\/perfil-de-vedacao-trim-lok-20-a-70mm-x-15mt\/"},"modified":"2026-02-25T00:28:29","modified_gmt":"2026-02-25T00:28:29","slug":"perfil-de-vedacao-trim-lok-20-a-70mm-x-15mt","status":"publish","type":"product","link":"https:\/\/stoic-curie.212-227-153-4.plesk.page\/pt\/product\/perfil-de-vedacao-trim-lok-20-a-70mm-x-15mt\/","title":{"rendered":"Perfil de veda\u00e7\u00e3o Trim-lok 2,0 a 7,0mm x 15mt"},"content":{"rendered":"<p>Perfil de veda\u00e7\u00e3o Trim-lok 2,0 a 7,0mm x 15mt &#8211; <\/p>\n<p>Selagem Trim-Lok co-extrudada para portas, escotilhas e fechos. Composto por um anel de borracha EPDM expandido extrudido em um perfil de PVC. \u00c9 facilmente montada gra\u00e7as \u00e0 estrutura com uma mola de a\u00e7o fundida na borracha, que se adapta facilmente \u00e0 borda a ser coberta. V\u00e1rias guias de bloqueio garantem um selamento perfeito mesmo sem adesivo. Pacote de 15 metros.<\/p>\n","protected":false},"excerpt":{"rendered":"<p>Perfil de veda\u00e7\u00e3o Trim-lok 2,0 a 7,0mm x 15mt &#8211; Selagem Trim-Lok co-extrudada para portas, escotilhas e fechos. Composto por<\/p>\n","protected":false},"featured_media":5948823,"comment_status":"open","ping_status":"closed","template":"","meta":[],"product_brand":[3482],"product_cat":[1989],"product_tag":[],"class_list":{"0":"post-752198","1":"product","2":"type-product","3":"status-publish","4":"has-post-thumbnail","6":"product_brand-tessilmare-pt","7":"product_cat-escotilhas","9":"first","10":"instock","11":"shipping-taxable","12":"purchasable","13":"product-type-simple"},"_links":{"self":[{"href":"https:\/\/stoic-curie.212-227-153-4.plesk.page\/pt\/wp-json\/wp\/v2\/product\/752198","targetHints":{"allow":["GET"]}}],"collection":[{"href":"https:\/\/stoic-curie.212-227-153-4.plesk.page\/pt\/wp-json\/wp\/v2\/product"}],"about":[{"href":"https:\/\/stoic-curie.212-227-153-4.plesk.page\/pt\/wp-json\/wp\/v2\/types\/product"}],"replies":[{"embeddable":true,"href":"https:\/\/stoic-curie.212-227-153-4.plesk.page\/pt\/wp-json\/wp\/v2\/comments?post=752198"}],"version-history":[{"count":0,"href":"https:\/\/stoic-curie.212-227-153-4.plesk.page\/pt\/wp-json\/wp\/v2\/product\/752198\/revisions"}],"wp:featuredmedia":[{"embeddable":true,"href":"https:\/\/stoic-curie.212-227-153-4.plesk.page\/pt\/wp-json\/wp\/v2\/media\/5948823"}],"wp:attachment":[{"href":"https:\/\/stoic-curie.212-227-153-4.plesk.page\/pt\/wp-json\/wp\/v2\/media?parent=752198"}],"wp:term":[{"taxonomy":"product_brand","embeddable":true,"href":"https:\/\/stoic-curie.212-227-153-4.plesk.page\/pt\/wp-json\/wp\/v2\/product_brand?post=752198"},{"taxonomy":"product_cat","embeddable":true,"href":"https:\/\/stoic-curie.212-227-153-4.plesk.page\/pt\/wp-json\/wp\/v2\/product_cat?post=752198"},{"taxonomy":"product_tag","embeddable":true,"href":"https:\/\/stoic-curie.212-227-153-4.plesk.page\/pt\/wp-json\/wp\/v2\/product_tag?post=752198"}],"curies":[{"name":"wp","href":"https:\/\/api.w.org\/{rel}","templated":true}]}}