{"id":752200,"date":"2025-03-04T01:28:21","date_gmt":"2025-03-04T00:28:21","guid":{"rendered":"https:\/\/stoic-curie.212-227-153-4.plesk.page\/producto\/perfil-de-acabamento-trim-lok-branco-230-x-125mm-x-15-mt\/"},"modified":"2026-02-25T00:28:29","modified_gmt":"2026-02-25T00:28:29","slug":"perfil-de-acabamento-trim-lok-branco-230-x-125mm-x-15-mt","status":"publish","type":"product","link":"https:\/\/stoic-curie.212-227-153-4.plesk.page\/pt\/product\/perfil-de-acabamento-trim-lok-branco-230-x-125mm-x-15-mt\/","title":{"rendered":"Perfil de Acabamento Trim-lok Branco 23,0 x 12,5mm x 15 mt"},"content":{"rendered":"<p>Perfil de Acabamento Trim-lok Branco 23,0 x 12,5mm x 15 mt &#8211; <\/p>\n<p>Perfil de gotejamento Trim-Lok para o escoamento de \u00e1gua e gotas que se formam na borda superior de aberturas, janelas e portas. Aplicado a superestruturas, evita o enchimento de cockpits e por\u00f5es. Completo com forte adesivo 3M espec\u00edfico para uso externo, \u00e9 facilmente montado gra\u00e7as \u00e0 estrutura flex\u00edvel de PVC que se adapta \u00e0 forma da borda. Pacote de 15 metros.<\/p>\n","protected":false},"excerpt":{"rendered":"<p>Perfil de Acabamento Trim-lok Branco 23,0 x 12,5mm x 15 mt &#8211; Perfil de gotejamento Trim-Lok para o escoamento de<\/p>\n","protected":false},"featured_media":5948832,"comment_status":"open","ping_status":"closed","template":"","meta":[],"product_brand":[3482],"product_cat":[2139],"product_tag":[],"class_list":{"0":"post-752200","1":"product","2":"type-product","3":"status-publish","4":"has-post-thumbnail","6":"product_brand-tessilmare-pt","7":"product_cat-batentes-de-defensas","9":"first","10":"instock","11":"shipping-taxable","12":"purchasable","13":"product-type-simple"},"_links":{"self":[{"href":"https:\/\/stoic-curie.212-227-153-4.plesk.page\/pt\/wp-json\/wp\/v2\/product\/752200","targetHints":{"allow":["GET"]}}],"collection":[{"href":"https:\/\/stoic-curie.212-227-153-4.plesk.page\/pt\/wp-json\/wp\/v2\/product"}],"about":[{"href":"https:\/\/stoic-curie.212-227-153-4.plesk.page\/pt\/wp-json\/wp\/v2\/types\/product"}],"replies":[{"embeddable":true,"href":"https:\/\/stoic-curie.212-227-153-4.plesk.page\/pt\/wp-json\/wp\/v2\/comments?post=752200"}],"version-history":[{"count":0,"href":"https:\/\/stoic-curie.212-227-153-4.plesk.page\/pt\/wp-json\/wp\/v2\/product\/752200\/revisions"}],"wp:featuredmedia":[{"embeddable":true,"href":"https:\/\/stoic-curie.212-227-153-4.plesk.page\/pt\/wp-json\/wp\/v2\/media\/5948832"}],"wp:attachment":[{"href":"https:\/\/stoic-curie.212-227-153-4.plesk.page\/pt\/wp-json\/wp\/v2\/media?parent=752200"}],"wp:term":[{"taxonomy":"product_brand","embeddable":true,"href":"https:\/\/stoic-curie.212-227-153-4.plesk.page\/pt\/wp-json\/wp\/v2\/product_brand?post=752200"},{"taxonomy":"product_cat","embeddable":true,"href":"https:\/\/stoic-curie.212-227-153-4.plesk.page\/pt\/wp-json\/wp\/v2\/product_cat?post=752200"},{"taxonomy":"product_tag","embeddable":true,"href":"https:\/\/stoic-curie.212-227-153-4.plesk.page\/pt\/wp-json\/wp\/v2\/product_tag?post=752200"}],"curies":[{"name":"wp","href":"https:\/\/api.w.org\/{rel}","templated":true}]}}