{"id":752201,"date":"2025-03-04T01:28:21","date_gmt":"2025-03-04T00:28:21","guid":{"rendered":"https:\/\/stoic-curie.212-227-153-4.plesk.page\/producto\/johnson-aqua-void-bomba-de-porao-ref-800-v-12\/"},"modified":"2026-02-25T00:28:29","modified_gmt":"2026-02-25T00:28:29","slug":"johnson-aqua-void-bomba-de-porao-ref-800-v-12","status":"publish","type":"product","link":"https:\/\/stoic-curie.212-227-153-4.plesk.page\/pt\/product\/johnson-aqua-void-bomba-de-porao-ref-800-v-12\/","title":{"rendered":"Johnson aqua void bomba de por\u00e3o ref 800 v 12"},"content":{"rendered":"<p>Johnson aqua void bomba de por\u00e3o ref 800 v 12  &#8211; <\/p>\n<p>Bomba de por\u00e3o submers\u00edvel Johnson Aqua Void de qualidade superior e durabilidade, com base e cabe\u00e7a destac\u00e1veis para f\u00e1cil limpeza. Com veda\u00e7\u00e3o de cabos \u00e0 prova d&#8217;\u00e1gua, fus\u00edveis de reposi\u00e7\u00e3o e conector Deutsch para desconex\u00e3o r\u00e1pida da rede durante a manuten\u00e7\u00e3o. Corpo termofixo com motor selado refrigerado por \u00e1gua e eixo em a\u00e7o inoxid\u00e1vel. Porta com rosca de 3\/4&#8243; com conex\u00f5es de mangueira retas e ajust\u00e1veis de 20 mm, incluindo veda\u00e7\u00e3o e v\u00e1lvula de reten\u00e7\u00e3o. Dimens\u00f5es da bomba 70 x 133 x H119 mm.<\/p>\n","protected":false},"excerpt":{"rendered":"<p>Johnson aqua void bomba de por\u00e3o ref 800 v 12 &#8211; Bomba de por\u00e3o submers\u00edvel Johnson Aqua Void de qualidade<\/p>\n","protected":false},"featured_media":5948842,"comment_status":"open","ping_status":"closed","template":"","meta":[],"product_brand":[3047],"product_cat":[1946],"product_tag":[],"class_list":{"0":"post-752201","1":"product","2":"type-product","3":"status-publish","4":"has-post-thumbnail","6":"product_brand-johnson-marine-pt","7":"product_cat-bombas-eletricas-de-fundo","9":"first","10":"instock","11":"shipping-taxable","12":"purchasable","13":"product-type-simple"},"_links":{"self":[{"href":"https:\/\/stoic-curie.212-227-153-4.plesk.page\/pt\/wp-json\/wp\/v2\/product\/752201","targetHints":{"allow":["GET"]}}],"collection":[{"href":"https:\/\/stoic-curie.212-227-153-4.plesk.page\/pt\/wp-json\/wp\/v2\/product"}],"about":[{"href":"https:\/\/stoic-curie.212-227-153-4.plesk.page\/pt\/wp-json\/wp\/v2\/types\/product"}],"replies":[{"embeddable":true,"href":"https:\/\/stoic-curie.212-227-153-4.plesk.page\/pt\/wp-json\/wp\/v2\/comments?post=752201"}],"version-history":[{"count":0,"href":"https:\/\/stoic-curie.212-227-153-4.plesk.page\/pt\/wp-json\/wp\/v2\/product\/752201\/revisions"}],"wp:featuredmedia":[{"embeddable":true,"href":"https:\/\/stoic-curie.212-227-153-4.plesk.page\/pt\/wp-json\/wp\/v2\/media\/5948842"}],"wp:attachment":[{"href":"https:\/\/stoic-curie.212-227-153-4.plesk.page\/pt\/wp-json\/wp\/v2\/media?parent=752201"}],"wp:term":[{"taxonomy":"product_brand","embeddable":true,"href":"https:\/\/stoic-curie.212-227-153-4.plesk.page\/pt\/wp-json\/wp\/v2\/product_brand?post=752201"},{"taxonomy":"product_cat","embeddable":true,"href":"https:\/\/stoic-curie.212-227-153-4.plesk.page\/pt\/wp-json\/wp\/v2\/product_cat?post=752201"},{"taxonomy":"product_tag","embeddable":true,"href":"https:\/\/stoic-curie.212-227-153-4.plesk.page\/pt\/wp-json\/wp\/v2\/product_tag?post=752201"}],"curies":[{"name":"wp","href":"https:\/\/api.w.org\/{rel}","templated":true}]}}