{"id":752211,"date":"2025-03-04T01:28:25","date_gmt":"2025-03-04T00:28:25","guid":{"rendered":"https:\/\/stoic-curie.212-227-153-4.plesk.page\/producto\/garmin-striker-vivid-4cv\/"},"modified":"2026-02-25T00:28:29","modified_gmt":"2026-02-25T00:28:29","slug":"garmin-striker-vivid-4cv","status":"publish","type":"product","link":"https:\/\/stoic-curie.212-227-153-4.plesk.page\/pt\/product\/garmin-striker-vivid-4cv\/","title":{"rendered":"Garmin striker vivid 4cv"},"content":{"rendered":"<p>Garmin striker vivid 4cv &#8211; <\/p>\n<p>Sonar Garmin Striker Vivid 4CV com receptor GPS integrado. Equipado com tecnologia padr\u00e3o, CHIRP e ClearVu. Pot\u00eancia de 300W. Novo display brilhante de 4,3&#8243;\/480&#215;272 pixels com uma ampla varia\u00e7\u00e3o de cores para identificar at\u00e9 os menores alvos. Com Quickdraw Contours, que permite tra\u00e7ar batimetria em tempo real e compartilh\u00e1-la online. Completo com transdutor, suporte de inclina\u00e7\u00e3o rotativo, kit de montagem de popa e cabo de alimenta\u00e7\u00e3o\/dados.<\/p>\n","protected":false},"excerpt":{"rendered":"<p>Garmin striker vivid 4cv &#8211; Sonar Garmin Striker Vivid 4CV com receptor GPS integrado. Equipado com tecnologia padr\u00e3o, CHIRP e<\/p>\n","protected":false},"featured_media":5948867,"comment_status":"open","ping_status":"closed","template":"","meta":[],"product_brand":[2972],"product_cat":[2031],"product_tag":[],"class_list":{"0":"post-752211","1":"product","2":"type-product","3":"status-publish","4":"has-post-thumbnail","6":"product_brand-garmin-pt","7":"product_cat-equipamento-eletronico","9":"first","10":"instock","11":"shipping-taxable","12":"purchasable","13":"product-type-simple"},"_links":{"self":[{"href":"https:\/\/stoic-curie.212-227-153-4.plesk.page\/pt\/wp-json\/wp\/v2\/product\/752211","targetHints":{"allow":["GET"]}}],"collection":[{"href":"https:\/\/stoic-curie.212-227-153-4.plesk.page\/pt\/wp-json\/wp\/v2\/product"}],"about":[{"href":"https:\/\/stoic-curie.212-227-153-4.plesk.page\/pt\/wp-json\/wp\/v2\/types\/product"}],"replies":[{"embeddable":true,"href":"https:\/\/stoic-curie.212-227-153-4.plesk.page\/pt\/wp-json\/wp\/v2\/comments?post=752211"}],"version-history":[{"count":0,"href":"https:\/\/stoic-curie.212-227-153-4.plesk.page\/pt\/wp-json\/wp\/v2\/product\/752211\/revisions"}],"wp:featuredmedia":[{"embeddable":true,"href":"https:\/\/stoic-curie.212-227-153-4.plesk.page\/pt\/wp-json\/wp\/v2\/media\/5948867"}],"wp:attachment":[{"href":"https:\/\/stoic-curie.212-227-153-4.plesk.page\/pt\/wp-json\/wp\/v2\/media?parent=752211"}],"wp:term":[{"taxonomy":"product_brand","embeddable":true,"href":"https:\/\/stoic-curie.212-227-153-4.plesk.page\/pt\/wp-json\/wp\/v2\/product_brand?post=752211"},{"taxonomy":"product_cat","embeddable":true,"href":"https:\/\/stoic-curie.212-227-153-4.plesk.page\/pt\/wp-json\/wp\/v2\/product_cat?post=752211"},{"taxonomy":"product_tag","embeddable":true,"href":"https:\/\/stoic-curie.212-227-153-4.plesk.page\/pt\/wp-json\/wp\/v2\/product_tag?post=752211"}],"curies":[{"name":"wp","href":"https:\/\/api.w.org\/{rel}","templated":true}]}}