{"id":752212,"date":"2025-03-04T01:28:25","date_gmt":"2025-03-04T00:28:25","guid":{"rendered":"https:\/\/stoic-curie.212-227-153-4.plesk.page\/producto\/garmin-echomap-uhd2-72cv-sem-transdutor\/"},"modified":"2026-02-25T00:28:29","modified_gmt":"2026-02-25T00:28:29","slug":"garmin-echomap-uhd2-72cv-sem-transdutor","status":"publish","type":"product","link":"https:\/\/stoic-curie.212-227-153-4.plesk.page\/pt\/product\/garmin-echomap-uhd2-72cv-sem-transdutor\/","title":{"rendered":"Garmin echomap uhd2 72cv sem transdutor"},"content":{"rendered":"<p>Garmin echomap uhd2 72cv sem transdutor &#8211; <\/p>\n<p>O Garmin echoMAP UHD2 72CV \u00e9 um plotter de cartas\/sonar de peixes com um display touchscreen de 7&#8243;\/800&#215;480 pixels, teclado integrado e receptor GPS interno. M\u00f3dulo CHIRP integrado de 500W, ClearVu e UHD. Compat\u00edvel com toda a cartografia Garmin BlueChart e Garmin Navionics+, com conectividade sem fio integrada, NMEA0183\/2000 e Fusion-Link. Integra-se completamente com todos os sistemas a bordo. Equipado com todas as fun\u00e7\u00f5es Garmin, como Auto Guidance, Active Captain, Sail Assist e Quickdraw Contours. Inclui suporte ajust\u00e1vel e cabo de alimenta\u00e7\u00e3o\/dados. Compat\u00edvel com todos os transdutores tradicionais, All-in-One e UHD, conex\u00e3o de 4 pinos. Para transdutores de 8 pinos, o cabo adaptador deve ser adquirido separadamente. TD = Transdutor<\/p>\n","protected":false},"excerpt":{"rendered":"<p>Garmin echomap uhd2 72cv sem transdutor &#8211; O Garmin echoMAP UHD2 72CV \u00e9 um plotter de cartas\/sonar de peixes com<\/p>\n","protected":false},"featured_media":5948869,"comment_status":"open","ping_status":"closed","template":"","meta":[],"product_brand":[2972],"product_cat":[2031],"product_tag":[],"class_list":{"0":"post-752212","1":"product","2":"type-product","3":"status-publish","4":"has-post-thumbnail","6":"product_brand-garmin-pt","7":"product_cat-equipamento-eletronico","9":"first","10":"instock","11":"shipping-taxable","12":"purchasable","13":"product-type-simple"},"_links":{"self":[{"href":"https:\/\/stoic-curie.212-227-153-4.plesk.page\/pt\/wp-json\/wp\/v2\/product\/752212","targetHints":{"allow":["GET"]}}],"collection":[{"href":"https:\/\/stoic-curie.212-227-153-4.plesk.page\/pt\/wp-json\/wp\/v2\/product"}],"about":[{"href":"https:\/\/stoic-curie.212-227-153-4.plesk.page\/pt\/wp-json\/wp\/v2\/types\/product"}],"replies":[{"embeddable":true,"href":"https:\/\/stoic-curie.212-227-153-4.plesk.page\/pt\/wp-json\/wp\/v2\/comments?post=752212"}],"version-history":[{"count":0,"href":"https:\/\/stoic-curie.212-227-153-4.plesk.page\/pt\/wp-json\/wp\/v2\/product\/752212\/revisions"}],"wp:featuredmedia":[{"embeddable":true,"href":"https:\/\/stoic-curie.212-227-153-4.plesk.page\/pt\/wp-json\/wp\/v2\/media\/5948869"}],"wp:attachment":[{"href":"https:\/\/stoic-curie.212-227-153-4.plesk.page\/pt\/wp-json\/wp\/v2\/media?parent=752212"}],"wp:term":[{"taxonomy":"product_brand","embeddable":true,"href":"https:\/\/stoic-curie.212-227-153-4.plesk.page\/pt\/wp-json\/wp\/v2\/product_brand?post=752212"},{"taxonomy":"product_cat","embeddable":true,"href":"https:\/\/stoic-curie.212-227-153-4.plesk.page\/pt\/wp-json\/wp\/v2\/product_cat?post=752212"},{"taxonomy":"product_tag","embeddable":true,"href":"https:\/\/stoic-curie.212-227-153-4.plesk.page\/pt\/wp-json\/wp\/v2\/product_tag?post=752212"}],"curies":[{"name":"wp","href":"https:\/\/api.w.org\/{rel}","templated":true}]}}