{"id":752213,"date":"2025-03-04T01:28:26","date_gmt":"2025-03-04T00:28:26","guid":{"rendered":"https:\/\/stoic-curie.212-227-153-4.plesk.page\/producto\/garmin-echomap-uhd2-72cv-com-transdutor\/"},"modified":"2026-02-25T00:28:29","modified_gmt":"2026-02-25T00:28:29","slug":"garmin-echomap-uhd2-72cv-com-transdutor","status":"publish","type":"product","link":"https:\/\/stoic-curie.212-227-153-4.plesk.page\/pt\/product\/garmin-echomap-uhd2-72cv-com-transdutor\/","title":{"rendered":"Garmin echomap uhd2 72cv com transdutor"},"content":{"rendered":"<p>Garmin echomap uhd2 72cv com transdutor &#8211; <\/p>\n<p>Apresentando o Garmin echoMAP UHD2 72CV, um sofisticado chartplotter e sonar para pesca, com um display touchscreen de 7 polegadas e resolu\u00e7\u00e3o de 800&#215;480 pixels. Este dispositivo inclui um teclado integrado e receptor de GPS, juntamente com um potente sonar CHIRP de 500W, ClearV\u00fc e m\u00f3dulo UHD. \u00c9 compat\u00edvel com todas as cartas Garmin BlueChart e Garmin Navionics+, e oferece conectividade sem fio integrada, al\u00e9m de compatibilidade com NMEA0183\/2000 e Fusion-Link. O echoMAP UHD2 se integra perfeitamente a todos os sistemas a bordo.<\/p>\n<p>Este recente modelo da Garmin \u00e9 compacto, mas poderoso, dispon\u00edvel com um display de 5 ou 7 polegadas. Com 500 watts de pot\u00eancia de varredura, \u00e9 ideal para pescadores que desejam explorar tanto as \u00e1guas \u00e0 frente quanto as abaixo da superf\u00edcie. A s\u00e9rie echoMAP UHD2 mant\u00e9m o design elegante dos modelos anteriores, enquanto fornece uma interface moderna, opera\u00e7\u00e3o intuitiva por bot\u00f5es e gr\u00e1ficos aprimorados. O display brilhante permanece f\u00e1cil de ler, mesmo sob luz solar direta.<\/p>\n<p>O echoMAP UHD2 fornece aos pescadores tudo o que precisam para uma viagem de pesca bem-sucedida, incluindo visualiza\u00e7\u00f5es de sonar em tempo real n\u00edtidas, redesenhos r\u00e1pidos de cartas e suporte para cartografia Garmin Navionics+. \u00c9 adequado para todas as \u00e1guas interiores e costeiras.<\/p>\n<p><strong>Opera\u00e7\u00e3o Simples:<\/strong> O dispositivo apresenta um display brilhante de 7 polegadas com bot\u00f5es para controle f\u00e1cil. Marcar pontos de interesse e alternar entre diferentes visualiza\u00e7\u00f5es de cartas nunca foi t\u00e3o f\u00e1cil.<\/p>\n<p><strong>Imagens Claras:<\/strong> As imagens de sonar tradicionais CHIRP e ClearV\u00fc s\u00e3o excepcionalmente claras, garantindo que nenhum peixe possa se esconder. Sinais de sonar de alto contraste em cores brilhantes facilitam a distin\u00e7\u00e3o entre peixes e estruturas subaqu\u00e1ticas.<\/p>\n<p><strong>Experi\u00eancia Conectada:<\/strong> O echoMAP UHD2 \u00e9 compat\u00edvel com redes, com Wi-Fi integrado, permitindo compartilhar dados de sonar, pontos de interesse ou rotas entre dois dispositivos echoMAP. Os usu\u00e1rios tamb\u00e9m podem se conectar ao aplicativo ActiveCaptain gratuito, que oferece acesso a recursos adicionais como OneChart\u2122, Notifica\u00e7\u00f5es Inteligentes, atualiza\u00e7\u00f5es de software e a comunidade Garmin Quickdraw.<\/p>\n<p><strong>Mantenha-se na Rota:<\/strong> Com gr\u00e1ficos n\u00e1uticos Garmin Navionics+ e Garmin Navionics Vision+, voc\u00ea sempre permanecer\u00e1 na rota enquanto obt\u00e9m informa\u00e7\u00f5es valiosas sobre as \u00e1guas que navega. O dispositivo inclui a tecnologia Auto Guidance+ e pode rastrear at\u00e9 5.000 pontos de interesse. O software Quickdraw Contours pr\u00e9-instalado \u00e9 um recurso destaque, criando mapas de pesca em tempo real enquanto o barco est\u00e1 em movimento e exibindo \u00e1reas j\u00e1 mapeadas diretamente no chartplotter. Voc\u00ea pode compartilhar seus pr\u00f3prios mapas com a comunidade ActiveCaptain e trocar Pontos de Interesse, caso deseje.<\/p>\n<p><strong>Dados T\u00e9cnicos:<\/strong><\/p>\n<ul>\n<li><strong>Tamanho do Display:<\/strong> 7&#8243; (155 x 87 mm)<\/li>\n<li><strong>Tipo de Display:<\/strong> WVGA, TN<\/li>\n<li><strong>Resolu\u00e7\u00e3o:<\/strong> 800 x 480 px<\/li>\n<li><strong>Fonte de Alimenta\u00e7\u00e3o:<\/strong> 9-18 V DC<\/li>\n<li><strong>Consumo de Energia:<\/strong> 1 A (t\u00edpico), 1.5 A (m\u00e1x)<\/li>\n<li><strong>Consumo de Energia:<\/strong> 18 W<\/li>\n<li><strong>Sa\u00edda de Pot\u00eancia do Sonar:<\/strong> 500 W<\/li>\n<li><strong>Frequ\u00eancias do Sonar:<\/strong> CHIRP: 70\/83\/200 kHz; ClearV\u00fc: 260\/455\/800 kHz<\/li>\n<li><strong>Porta do Transdutor:<\/strong> 4 pinos<\/li>\n<li><strong>GPS:<\/strong> Sim, integrado<\/li>\n<li><strong>Apoio a Gr\u00e1ficos N\u00e1uticos:<\/strong> Sim<\/li>\n<li><strong>Gr\u00e1ficos:<\/strong> BlueChart g3, BlueChart g3 Vision, Garmin Navionics+, Garmin Navionics Vision+<\/li>\n<li><strong>Slot para Cart\u00e3o:<\/strong> 1x microSD<\/li>\n<li><strong>Classe de Resist\u00eancia \u00e0 \u00c1gua:<\/strong> IPX7<\/li>\n<li><strong>Dimens\u00f5es:<\/strong> 232 x 143 x 67 mm<\/li>\n<li><strong>Peso:<\/strong> 0.7 kg<\/li>\n<\/ul>\n<p><strong>Conte\u00fado da Entrega:<\/strong><\/p>\n<ul>\n<li>ECHOMAP UHD2 72cv<\/li>\n<li>Transdutor GT20-TM<\/li>\n<li>Cabo de alimenta\u00e7\u00e3o\/dados<\/li>\n<li>Suporte inclin\u00e1vel\/girat\u00f3rio<\/li>\n<li>Junta e hardware para montagem embutida<\/li>\n<li>Documenta\u00e7\u00e3o<\/li>\n<\/ul>\n<p>O echoMAP UHD2 foi projetado para aprimorar sua experi\u00eancia de pesca, fornecendo as ferramentas essenciais para o sucesso na \u00e1gua.<\/p>\n","protected":false},"excerpt":{"rendered":"<p>Garmin echomap uhd2 72cv com transdutor &#8211; Apresentando o Garmin echoMAP UHD2 72CV, um sofisticado chartplotter e sonar para pesca,<\/p>\n","protected":false},"featured_media":5948869,"comment_status":"open","ping_status":"closed","template":"","meta":[],"product_brand":[2972],"product_cat":[2031],"product_tag":[],"class_list":{"0":"post-752213","1":"product","2":"type-product","3":"status-publish","4":"has-post-thumbnail","6":"product_brand-garmin-pt","7":"product_cat-equipamento-eletronico","9":"first","10":"instock","11":"shipping-taxable","12":"purchasable","13":"product-type-simple"},"_links":{"self":[{"href":"https:\/\/stoic-curie.212-227-153-4.plesk.page\/pt\/wp-json\/wp\/v2\/product\/752213","targetHints":{"allow":["GET"]}}],"collection":[{"href":"https:\/\/stoic-curie.212-227-153-4.plesk.page\/pt\/wp-json\/wp\/v2\/product"}],"about":[{"href":"https:\/\/stoic-curie.212-227-153-4.plesk.page\/pt\/wp-json\/wp\/v2\/types\/product"}],"replies":[{"embeddable":true,"href":"https:\/\/stoic-curie.212-227-153-4.plesk.page\/pt\/wp-json\/wp\/v2\/comments?post=752213"}],"version-history":[{"count":0,"href":"https:\/\/stoic-curie.212-227-153-4.plesk.page\/pt\/wp-json\/wp\/v2\/product\/752213\/revisions"}],"wp:featuredmedia":[{"embeddable":true,"href":"https:\/\/stoic-curie.212-227-153-4.plesk.page\/pt\/wp-json\/wp\/v2\/media\/5948869"}],"wp:attachment":[{"href":"https:\/\/stoic-curie.212-227-153-4.plesk.page\/pt\/wp-json\/wp\/v2\/media?parent=752213"}],"wp:term":[{"taxonomy":"product_brand","embeddable":true,"href":"https:\/\/stoic-curie.212-227-153-4.plesk.page\/pt\/wp-json\/wp\/v2\/product_brand?post=752213"},{"taxonomy":"product_cat","embeddable":true,"href":"https:\/\/stoic-curie.212-227-153-4.plesk.page\/pt\/wp-json\/wp\/v2\/product_cat?post=752213"},{"taxonomy":"product_tag","embeddable":true,"href":"https:\/\/stoic-curie.212-227-153-4.plesk.page\/pt\/wp-json\/wp\/v2\/product_tag?post=752213"}],"curies":[{"name":"wp","href":"https:\/\/api.w.org\/{rel}","templated":true}]}}