{"id":752215,"date":"2025-03-04T01:28:26","date_gmt":"2025-03-04T00:28:26","guid":{"rendered":"https:\/\/stoic-curie.212-227-153-4.plesk.page\/producto\/jobe-chaser-verde-2p\/"},"modified":"2026-02-25T00:28:29","modified_gmt":"2026-02-25T00:28:29","slug":"jobe-chaser-verde-2p","status":"publish","type":"product","link":"https:\/\/stoic-curie.212-227-153-4.plesk.page\/pt\/product\/jobe-chaser-verde-2p\/","title":{"rendered":"Jobe chaser Verde 2p"},"content":{"rendered":"<p>Jobe chaser Verde 2p &#8211; <\/p>\n<p>Towable tipo banana cl\u00e1ssico feito de PVC 28G resistente com capa protetora de nylon 840D. Anel de reboque refor\u00e7ado, v\u00e1lvula Boston, al\u00e7as preenchidas com espuma e assentos de neoprene. Com 3 anos de garantia ap\u00f3s o registro no site da Jobe.<\/p>\n","protected":false},"excerpt":{"rendered":"<p>Jobe chaser Verde 2p &#8211; Towable tipo banana cl\u00e1ssico feito de PVC 28G resistente com capa protetora de nylon 840D.<\/p>\n","protected":false},"featured_media":5948872,"comment_status":"open","ping_status":"closed","template":"","meta":[],"product_brand":[3042],"product_cat":[2133],"product_tag":[],"class_list":{"0":"post-752215","1":"product","2":"type-product","3":"status-publish","4":"has-post-thumbnail","6":"product_brand-jobe-sports-pt","7":"product_cat-acessorios-para-esqui-aquatico","9":"first","10":"instock","11":"shipping-taxable","12":"purchasable","13":"product-type-simple"},"_links":{"self":[{"href":"https:\/\/stoic-curie.212-227-153-4.plesk.page\/pt\/wp-json\/wp\/v2\/product\/752215","targetHints":{"allow":["GET"]}}],"collection":[{"href":"https:\/\/stoic-curie.212-227-153-4.plesk.page\/pt\/wp-json\/wp\/v2\/product"}],"about":[{"href":"https:\/\/stoic-curie.212-227-153-4.plesk.page\/pt\/wp-json\/wp\/v2\/types\/product"}],"replies":[{"embeddable":true,"href":"https:\/\/stoic-curie.212-227-153-4.plesk.page\/pt\/wp-json\/wp\/v2\/comments?post=752215"}],"version-history":[{"count":0,"href":"https:\/\/stoic-curie.212-227-153-4.plesk.page\/pt\/wp-json\/wp\/v2\/product\/752215\/revisions"}],"wp:featuredmedia":[{"embeddable":true,"href":"https:\/\/stoic-curie.212-227-153-4.plesk.page\/pt\/wp-json\/wp\/v2\/media\/5948872"}],"wp:attachment":[{"href":"https:\/\/stoic-curie.212-227-153-4.plesk.page\/pt\/wp-json\/wp\/v2\/media?parent=752215"}],"wp:term":[{"taxonomy":"product_brand","embeddable":true,"href":"https:\/\/stoic-curie.212-227-153-4.plesk.page\/pt\/wp-json\/wp\/v2\/product_brand?post=752215"},{"taxonomy":"product_cat","embeddable":true,"href":"https:\/\/stoic-curie.212-227-153-4.plesk.page\/pt\/wp-json\/wp\/v2\/product_cat?post=752215"},{"taxonomy":"product_tag","embeddable":true,"href":"https:\/\/stoic-curie.212-227-153-4.plesk.page\/pt\/wp-json\/wp\/v2\/product_tag?post=752215"}],"curies":[{"name":"wp","href":"https:\/\/api.w.org\/{rel}","templated":true}]}}