{"id":752218,"date":"2025-03-04T01:28:27","date_gmt":"2025-03-04T00:28:27","guid":{"rendered":"https:\/\/stoic-curie.212-227-153-4.plesk.page\/producto\/esquis-aquaticos-jobe-allegre-red-170\/"},"modified":"2026-02-25T00:28:29","modified_gmt":"2026-02-25T00:28:29","slug":"esquis-aquaticos-jobe-allegre-red-170","status":"publish","type":"product","link":"https:\/\/stoic-curie.212-227-153-4.plesk.page\/pt\/product\/esquis-aquaticos-jobe-allegre-red-170\/","title":{"rendered":"Esquis aqu\u00e1ticos Jobe Allegre Red 170"},"content":{"rendered":"<p>Esquis aqu\u00e1ticos Jobe Allegre Red 170 &#8211; <\/p>\n<p>Esquis aqu\u00e1ticos Jobe projetados com a melhor combina\u00e7\u00e3o de desempenho e manobrabilidade. Constru\u00e7\u00e3o em fibra de vidro com inje\u00e7\u00e3o em um aro e varas met\u00e1licas extras para maior rigidez e um acabamento protetor brilhante. Completo com liga\u00e7\u00f5es refor\u00e7adas ajust\u00e1veis do tamanho 36 ao 47 e uma nadadeira de alta visibilidade. O pacote de esqui inclui tamb\u00e9m uma bolsa para guardar os esquis, uma corda de remo\u00e7\u00e3o de 18 m, um colete de flutua\u00e7\u00e3o universal e uma bandeira de sinaliza\u00e7\u00e3o para esportes aqu\u00e1ticos.<\/p>\n","protected":false},"excerpt":{"rendered":"<p>Esquis aqu\u00e1ticos Jobe Allegre Red 170 &#8211; Esquis aqu\u00e1ticos Jobe projetados com a melhor combina\u00e7\u00e3o de desempenho e manobrabilidade. Constru\u00e7\u00e3o<\/p>\n","protected":false},"featured_media":5948879,"comment_status":"open","ping_status":"closed","template":"","meta":[],"product_brand":[3042],"product_cat":[2133],"product_tag":[],"class_list":{"0":"post-752218","1":"product","2":"type-product","3":"status-publish","4":"has-post-thumbnail","6":"product_brand-jobe-sports-pt","7":"product_cat-acessorios-para-esqui-aquatico","9":"first","10":"instock","11":"shipping-taxable","12":"purchasable","13":"product-type-simple"},"_links":{"self":[{"href":"https:\/\/stoic-curie.212-227-153-4.plesk.page\/pt\/wp-json\/wp\/v2\/product\/752218","targetHints":{"allow":["GET"]}}],"collection":[{"href":"https:\/\/stoic-curie.212-227-153-4.plesk.page\/pt\/wp-json\/wp\/v2\/product"}],"about":[{"href":"https:\/\/stoic-curie.212-227-153-4.plesk.page\/pt\/wp-json\/wp\/v2\/types\/product"}],"replies":[{"embeddable":true,"href":"https:\/\/stoic-curie.212-227-153-4.plesk.page\/pt\/wp-json\/wp\/v2\/comments?post=752218"}],"version-history":[{"count":0,"href":"https:\/\/stoic-curie.212-227-153-4.plesk.page\/pt\/wp-json\/wp\/v2\/product\/752218\/revisions"}],"wp:featuredmedia":[{"embeddable":true,"href":"https:\/\/stoic-curie.212-227-153-4.plesk.page\/pt\/wp-json\/wp\/v2\/media\/5948879"}],"wp:attachment":[{"href":"https:\/\/stoic-curie.212-227-153-4.plesk.page\/pt\/wp-json\/wp\/v2\/media?parent=752218"}],"wp:term":[{"taxonomy":"product_brand","embeddable":true,"href":"https:\/\/stoic-curie.212-227-153-4.plesk.page\/pt\/wp-json\/wp\/v2\/product_brand?post=752218"},{"taxonomy":"product_cat","embeddable":true,"href":"https:\/\/stoic-curie.212-227-153-4.plesk.page\/pt\/wp-json\/wp\/v2\/product_cat?post=752218"},{"taxonomy":"product_tag","embeddable":true,"href":"https:\/\/stoic-curie.212-227-153-4.plesk.page\/pt\/wp-json\/wp\/v2\/product_tag?post=752218"}],"curies":[{"name":"wp","href":"https:\/\/api.w.org\/{rel}","templated":true}]}}