{"id":752220,"date":"2025-03-04T01:28:28","date_gmt":"2025-03-04T00:28:28","guid":{"rendered":"https:\/\/stoic-curie.212-227-153-4.plesk.page\/producto\/jobe-boat-rack\/"},"modified":"2026-02-25T00:28:29","modified_gmt":"2026-02-25T00:28:29","slug":"jobe-boat-rack","status":"publish","type":"product","link":"https:\/\/stoic-curie.212-227-153-4.plesk.page\/pt\/product\/jobe-boat-rack\/","title":{"rendered":"Jobe boat rack"},"content":{"rendered":"<p>Jobe boat rack &#8211; <\/p>\n<p>Suporte para SUP em liga de alum\u00ednio Jobe, com cordas el\u00e1sticas fortes para manter a prancha no lugar, inser\u00e7\u00f5es em espuma EVA macia para proteger as laterais e bra\u00e7adeiras ajust\u00e1veis para se adaptar a qualquer altura e espessura do corrim\u00e3o. Adequado para qualquer barco com corrim\u00e3os retos nas laterais do conv\u00e9s com trilhos de \u00d8 7\/8&#8243;, 1&#8243; e 1-1\/4&#8243;.<\/p>\n","protected":false},"excerpt":{"rendered":"<p>Jobe boat rack &#8211; Suporte para SUP em liga de alum\u00ednio Jobe, com cordas el\u00e1sticas fortes para manter a prancha<\/p>\n","protected":false},"featured_media":5948882,"comment_status":"open","ping_status":"closed","template":"","meta":[],"product_brand":[3042],"product_cat":[2132],"product_tag":[],"class_list":{"0":"post-752220","1":"product","2":"type-product","3":"status-publish","4":"has-post-thumbnail","6":"product_brand-jobe-sports-pt","7":"product_cat-pranchas-de-paddle","9":"first","10":"instock","11":"shipping-taxable","12":"purchasable","13":"product-type-simple"},"_links":{"self":[{"href":"https:\/\/stoic-curie.212-227-153-4.plesk.page\/pt\/wp-json\/wp\/v2\/product\/752220","targetHints":{"allow":["GET"]}}],"collection":[{"href":"https:\/\/stoic-curie.212-227-153-4.plesk.page\/pt\/wp-json\/wp\/v2\/product"}],"about":[{"href":"https:\/\/stoic-curie.212-227-153-4.plesk.page\/pt\/wp-json\/wp\/v2\/types\/product"}],"replies":[{"embeddable":true,"href":"https:\/\/stoic-curie.212-227-153-4.plesk.page\/pt\/wp-json\/wp\/v2\/comments?post=752220"}],"version-history":[{"count":0,"href":"https:\/\/stoic-curie.212-227-153-4.plesk.page\/pt\/wp-json\/wp\/v2\/product\/752220\/revisions"}],"wp:featuredmedia":[{"embeddable":true,"href":"https:\/\/stoic-curie.212-227-153-4.plesk.page\/pt\/wp-json\/wp\/v2\/media\/5948882"}],"wp:attachment":[{"href":"https:\/\/stoic-curie.212-227-153-4.plesk.page\/pt\/wp-json\/wp\/v2\/media?parent=752220"}],"wp:term":[{"taxonomy":"product_brand","embeddable":true,"href":"https:\/\/stoic-curie.212-227-153-4.plesk.page\/pt\/wp-json\/wp\/v2\/product_brand?post=752220"},{"taxonomy":"product_cat","embeddable":true,"href":"https:\/\/stoic-curie.212-227-153-4.plesk.page\/pt\/wp-json\/wp\/v2\/product_cat?post=752220"},{"taxonomy":"product_tag","embeddable":true,"href":"https:\/\/stoic-curie.212-227-153-4.plesk.page\/pt\/wp-json\/wp\/v2\/product_tag?post=752220"}],"curies":[{"name":"wp","href":"https:\/\/api.w.org\/{rel}","templated":true}]}}