{"id":752226,"date":"2025-03-04T01:28:30","date_gmt":"2025-03-04T00:28:30","guid":{"rendered":"https:\/\/stoic-curie.212-227-153-4.plesk.page\/producto\/placas-inoxidaveis-uflex-304-x-304mm\/"},"modified":"2026-02-25T00:28:29","modified_gmt":"2026-02-25T00:28:29","slug":"placas-inoxidaveis-uflex-304-x-304mm","status":"publish","type":"product","link":"https:\/\/stoic-curie.212-227-153-4.plesk.page\/pt\/product\/placas-inoxidaveis-uflex-304-x-304mm\/","title":{"rendered":"Placas Inoxid\u00e1veis Uflex 304 x 304mm"},"content":{"rendered":"<p>Placas Inoxid\u00e1veis Uflex 304 x 304mm &#8211; <\/p>\n<p>Kit de trim eletromec\u00e2nico 12V Uflex, livre de manuten\u00e7\u00e3o e de f\u00e1cil instala\u00e7\u00e3o. N\u00e3o requer unidade de controle el\u00e9trica ou hidr\u00e1ulica e tubula\u00e7\u00f5es. O painel de controle com joystick permite alinhar as abas para ajustar o rolamento e o \u00e2ngulo. A caixa de controle tamb\u00e9m inclui a fun\u00e7\u00e3o de alinhamento autom\u00e1tico para o alinhamento autom\u00e1tico das aletas quando desativado, e tamb\u00e9m pode funcionar como um interruptor para um poss\u00edvel joystick de segunda esta\u00e7\u00e3o. O kit inclui dois atuadores AT e a caixa de controle com joystick cromado. As superf\u00edcies de a\u00e7o inoxid\u00e1vel devem ser compradas separadamente; podem ser padr\u00e3o ou com um perfil de alto desempenho polido em espelho. <br \/> &#8211; Melhora a economia de combust\u00edvel e o conforto dos passageiros <br \/> &#8211; Abas projetadas para durar nas condi\u00e7\u00f5es mar\u00edtimas mais exigentes <br \/> &#8211; Instala\u00e7\u00e3o com apenas um pequeno furo por aba atrav\u00e9s do espelho.<\/p>\n","protected":false},"excerpt":{"rendered":"<p>Placas Inoxid\u00e1veis Uflex 304 x 304mm &#8211; Kit de trim eletromec\u00e2nico 12V Uflex, livre de manuten\u00e7\u00e3o e de f\u00e1cil instala\u00e7\u00e3o.<\/p>\n","protected":false},"featured_media":5948740,"comment_status":"open","ping_status":"closed","template":"","meta":[],"product_brand":[3502],"product_cat":[2093],"product_tag":[],"class_list":{"0":"post-752226","1":"product","2":"type-product","3":"status-publish","4":"has-post-thumbnail","6":"product_brand-ultraflex-uflex-pt","7":"product_cat-estabilizadores","9":"first","10":"instock","11":"shipping-taxable","12":"purchasable","13":"product-type-simple"},"_links":{"self":[{"href":"https:\/\/stoic-curie.212-227-153-4.plesk.page\/pt\/wp-json\/wp\/v2\/product\/752226","targetHints":{"allow":["GET"]}}],"collection":[{"href":"https:\/\/stoic-curie.212-227-153-4.plesk.page\/pt\/wp-json\/wp\/v2\/product"}],"about":[{"href":"https:\/\/stoic-curie.212-227-153-4.plesk.page\/pt\/wp-json\/wp\/v2\/types\/product"}],"replies":[{"embeddable":true,"href":"https:\/\/stoic-curie.212-227-153-4.plesk.page\/pt\/wp-json\/wp\/v2\/comments?post=752226"}],"version-history":[{"count":0,"href":"https:\/\/stoic-curie.212-227-153-4.plesk.page\/pt\/wp-json\/wp\/v2\/product\/752226\/revisions"}],"wp:featuredmedia":[{"embeddable":true,"href":"https:\/\/stoic-curie.212-227-153-4.plesk.page\/pt\/wp-json\/wp\/v2\/media\/5948740"}],"wp:attachment":[{"href":"https:\/\/stoic-curie.212-227-153-4.plesk.page\/pt\/wp-json\/wp\/v2\/media?parent=752226"}],"wp:term":[{"taxonomy":"product_brand","embeddable":true,"href":"https:\/\/stoic-curie.212-227-153-4.plesk.page\/pt\/wp-json\/wp\/v2\/product_brand?post=752226"},{"taxonomy":"product_cat","embeddable":true,"href":"https:\/\/stoic-curie.212-227-153-4.plesk.page\/pt\/wp-json\/wp\/v2\/product_cat?post=752226"},{"taxonomy":"product_tag","embeddable":true,"href":"https:\/\/stoic-curie.212-227-153-4.plesk.page\/pt\/wp-json\/wp\/v2\/product_tag?post=752226"}],"curies":[{"name":"wp","href":"https:\/\/api.w.org\/{rel}","templated":true}]}}