{"id":752230,"date":"2025-03-04T01:28:31","date_gmt":"2025-03-04T00:28:31","guid":{"rendered":"https:\/\/stoic-curie.212-227-153-4.plesk.page\/producto\/ultraflex-x64\/"},"modified":"2026-02-25T00:28:29","modified_gmt":"2026-02-25T00:28:29","slug":"ultraflex-x64","status":"publish","type":"product","link":"https:\/\/stoic-curie.212-227-153-4.plesk.page\/pt\/product\/ultraflex-x64\/","title":{"rendered":"Ultraflex X64"},"content":{"rendered":"<p>Ultraflex X64 &#8211; <\/p>\n<p>Pe\u00e7as de reposi\u00e7\u00e3o e acess\u00f3rios para sistemas de dire\u00e7\u00e3o Nautech. Pe\u00e7as de reposi\u00e7\u00e3o: cilindros e bombas. Acess\u00f3rios: flange de bomba de tim\u00e3o X64, sistema de ajuste de \u00e2ngulo do volante X72, barra de conex\u00e3o de motores duplos A94. O sistema de ajuste de posi\u00e7\u00e3o do volante X72 (Cod MTM 4655530) para bombas de dire\u00e7\u00e3o Nautech e SilverSteer permite 5 posi\u00e7\u00f5es de dire\u00e7\u00e3o diferentes com um \u00e2ngulo total de 60\u00b0. A barra de conex\u00e3o de motores duplos A96 \u00e9 usada com um cilindro \u00fanico UC128-OBF e 2 motores com uma dist\u00e2ncia de eixos de 66-73 cm (4655055) ou 73-87 cm (4655057).<\/p>\n","protected":false},"excerpt":{"rendered":"<p>Ultraflex X64 &#8211; Pe\u00e7as de reposi\u00e7\u00e3o e acess\u00f3rios para sistemas de dire\u00e7\u00e3o Nautech. Pe\u00e7as de reposi\u00e7\u00e3o: cilindros e bombas. Acess\u00f3rios:<\/p>\n","protected":false},"featured_media":5948898,"comment_status":"open","ping_status":"closed","template":"","meta":[],"product_brand":[3502],"product_cat":[2110],"product_tag":[],"class_list":{"0":"post-752230","1":"product","2":"type-product","3":"status-publish","4":"has-post-thumbnail","6":"product_brand-ultraflex-uflex-pt","7":"product_cat-direcao-hidraulica","9":"first","10":"instock","11":"shipping-taxable","12":"purchasable","13":"product-type-simple"},"_links":{"self":[{"href":"https:\/\/stoic-curie.212-227-153-4.plesk.page\/pt\/wp-json\/wp\/v2\/product\/752230","targetHints":{"allow":["GET"]}}],"collection":[{"href":"https:\/\/stoic-curie.212-227-153-4.plesk.page\/pt\/wp-json\/wp\/v2\/product"}],"about":[{"href":"https:\/\/stoic-curie.212-227-153-4.plesk.page\/pt\/wp-json\/wp\/v2\/types\/product"}],"replies":[{"embeddable":true,"href":"https:\/\/stoic-curie.212-227-153-4.plesk.page\/pt\/wp-json\/wp\/v2\/comments?post=752230"}],"version-history":[{"count":0,"href":"https:\/\/stoic-curie.212-227-153-4.plesk.page\/pt\/wp-json\/wp\/v2\/product\/752230\/revisions"}],"wp:featuredmedia":[{"embeddable":true,"href":"https:\/\/stoic-curie.212-227-153-4.plesk.page\/pt\/wp-json\/wp\/v2\/media\/5948898"}],"wp:attachment":[{"href":"https:\/\/stoic-curie.212-227-153-4.plesk.page\/pt\/wp-json\/wp\/v2\/media?parent=752230"}],"wp:term":[{"taxonomy":"product_brand","embeddable":true,"href":"https:\/\/stoic-curie.212-227-153-4.plesk.page\/pt\/wp-json\/wp\/v2\/product_brand?post=752230"},{"taxonomy":"product_cat","embeddable":true,"href":"https:\/\/stoic-curie.212-227-153-4.plesk.page\/pt\/wp-json\/wp\/v2\/product_cat?post=752230"},{"taxonomy":"product_tag","embeddable":true,"href":"https:\/\/stoic-curie.212-227-153-4.plesk.page\/pt\/wp-json\/wp\/v2\/product_tag?post=752230"}],"curies":[{"name":"wp","href":"https:\/\/api.w.org\/{rel}","templated":true}]}}