{"id":752232,"date":"2025-03-04T01:28:32","date_gmt":"2025-03-04T00:28:32","guid":{"rendered":"https:\/\/stoic-curie.212-227-153-4.plesk.page\/producto\/controle-remoto-portatil-quick-8-funcoes\/"},"modified":"2026-02-25T00:28:29","modified_gmt":"2026-02-25T00:28:29","slug":"controle-remoto-portatil-quick-8-funcoes","status":"publish","type":"product","link":"https:\/\/stoic-curie.212-227-153-4.plesk.page\/pt\/product\/controle-remoto-portatil-quick-8-funcoes\/","title":{"rendered":"Controle Remoto Port\u00e1til Quick 8 Fun\u00e7\u00f5es"},"content":{"rendered":"<p>Controle Remoto Port\u00e1til Quick 8 Fun\u00e7\u00f5es &#8211; <\/p>\n<p>Controles remotos de r\u00e1dio port\u00e1teis e de bolso para propulsores de proa r\u00e1pidos. Flutuante, com prote\u00e7\u00e3o IP67 e indicador LED. O transmissor manual \u00e9 dotado de um revestimento em borracha \u00e0 prova de choque e um teclado retroiluminado em silicone. Pode funcionar com baterias recarreg\u00e1veis. Deve ser complementado com um receptor de 4 ou 6 rel\u00e9s, de acordo com os bot\u00f5es do transmissor.<\/p>\n","protected":false},"excerpt":{"rendered":"<p>Controle Remoto Port\u00e1til Quick 8 Fun\u00e7\u00f5es &#8211; Controles remotos de r\u00e1dio port\u00e1teis e de bolso para propulsores de proa r\u00e1pidos.<\/p>\n","protected":false},"featured_media":5948900,"comment_status":"open","ping_status":"closed","template":"","meta":[],"product_brand":[3282],"product_cat":[1898,1897],"product_tag":[],"class_list":{"0":"post-752232","1":"product","2":"type-product","3":"status-publish","4":"has-post-thumbnail","6":"product_brand-quick-pt","7":"product_cat-molinetes-quick-amarracao-e-fundear","8":"product_cat-motores-de-proa-quick","10":"first","11":"instock","12":"shipping-taxable","13":"purchasable","14":"product-type-simple"},"_links":{"self":[{"href":"https:\/\/stoic-curie.212-227-153-4.plesk.page\/pt\/wp-json\/wp\/v2\/product\/752232","targetHints":{"allow":["GET"]}}],"collection":[{"href":"https:\/\/stoic-curie.212-227-153-4.plesk.page\/pt\/wp-json\/wp\/v2\/product"}],"about":[{"href":"https:\/\/stoic-curie.212-227-153-4.plesk.page\/pt\/wp-json\/wp\/v2\/types\/product"}],"replies":[{"embeddable":true,"href":"https:\/\/stoic-curie.212-227-153-4.plesk.page\/pt\/wp-json\/wp\/v2\/comments?post=752232"}],"version-history":[{"count":0,"href":"https:\/\/stoic-curie.212-227-153-4.plesk.page\/pt\/wp-json\/wp\/v2\/product\/752232\/revisions"}],"wp:featuredmedia":[{"embeddable":true,"href":"https:\/\/stoic-curie.212-227-153-4.plesk.page\/pt\/wp-json\/wp\/v2\/media\/5948900"}],"wp:attachment":[{"href":"https:\/\/stoic-curie.212-227-153-4.plesk.page\/pt\/wp-json\/wp\/v2\/media?parent=752232"}],"wp:term":[{"taxonomy":"product_brand","embeddable":true,"href":"https:\/\/stoic-curie.212-227-153-4.plesk.page\/pt\/wp-json\/wp\/v2\/product_brand?post=752232"},{"taxonomy":"product_cat","embeddable":true,"href":"https:\/\/stoic-curie.212-227-153-4.plesk.page\/pt\/wp-json\/wp\/v2\/product_cat?post=752232"},{"taxonomy":"product_tag","embeddable":true,"href":"https:\/\/stoic-curie.212-227-153-4.plesk.page\/pt\/wp-json\/wp\/v2\/product_tag?post=752232"}],"curies":[{"name":"wp","href":"https:\/\/api.w.org\/{rel}","templated":true}]}}