{"id":752237,"date":"2025-03-04T01:28:33","date_gmt":"2025-03-04T00:28:33","guid":{"rendered":"https:\/\/stoic-curie.212-227-153-4.plesk.page\/producto\/kit-mangueiras-hidraulicas-ultraflex-nautech-4-5mt\/"},"modified":"2026-02-25T00:28:29","modified_gmt":"2026-02-25T00:28:29","slug":"kit-mangueiras-hidraulicas-ultraflex-nautech-4-5mt","status":"publish","type":"product","link":"https:\/\/stoic-curie.212-227-153-4.plesk.page\/pt\/product\/kit-mangueiras-hidraulicas-ultraflex-nautech-4-5mt\/","title":{"rendered":"Kit Mangueiras Hidr\u00e1ulicas Ultraflex Nautech 4.5mt"},"content":{"rendered":"<p>Kit Mangueiras Hidr\u00e1ulicas Ultraflex Nautech 4.5mt &#8211; <\/p>\n<p>Kit de sistema de dire\u00e7\u00e3o Nautech1 para motores de popa: Mercury 2 e 4T de 100 a 300 HP &#8211; Yamaha 4T de F70 a F150 e de F200 a F300 &#8211; Honda 4T 75\/90\/115A e de 135 a 250 HP &#8211; Suzuki 4T de 100 a 175 HP &#8211; Tohatsu 4T de 70 a 115 HP &#8211; Selva 2T de 80 a 150 e 4T 150 HP &#8211; Johnson 4T de 90 a 140 HP. Pr\u00e1tico e f\u00e1cil de instalar, inclui: 1 bomba de leme UP28F (Cod MTM 4656601), 4,3 voltas do volante de borda a borda 1 cilindro UC128-OBF\/1 (Cod MTM 4655014) 2 litros de \u00f3leo hidr\u00e1ulico Ultraflex. Passagens s\u00e3o usadas para passar as 2 mangueiras hidr\u00e1ulicas na popa.<\/p>\n","protected":false},"excerpt":{"rendered":"<p>Kit Mangueiras Hidr\u00e1ulicas Ultraflex Nautech 4.5mt &#8211; Kit de sistema de dire\u00e7\u00e3o Nautech1 para motores de popa: Mercury 2 e<\/p>\n","protected":false},"featured_media":5948895,"comment_status":"open","ping_status":"closed","template":"","meta":[],"product_brand":[3502],"product_cat":[2110],"product_tag":[],"class_list":{"0":"post-752237","1":"product","2":"type-product","3":"status-publish","4":"has-post-thumbnail","6":"product_brand-ultraflex-uflex-pt","7":"product_cat-direcao-hidraulica","9":"first","10":"instock","11":"shipping-taxable","12":"purchasable","13":"product-type-simple"},"_links":{"self":[{"href":"https:\/\/stoic-curie.212-227-153-4.plesk.page\/pt\/wp-json\/wp\/v2\/product\/752237","targetHints":{"allow":["GET"]}}],"collection":[{"href":"https:\/\/stoic-curie.212-227-153-4.plesk.page\/pt\/wp-json\/wp\/v2\/product"}],"about":[{"href":"https:\/\/stoic-curie.212-227-153-4.plesk.page\/pt\/wp-json\/wp\/v2\/types\/product"}],"replies":[{"embeddable":true,"href":"https:\/\/stoic-curie.212-227-153-4.plesk.page\/pt\/wp-json\/wp\/v2\/comments?post=752237"}],"version-history":[{"count":0,"href":"https:\/\/stoic-curie.212-227-153-4.plesk.page\/pt\/wp-json\/wp\/v2\/product\/752237\/revisions"}],"wp:featuredmedia":[{"embeddable":true,"href":"https:\/\/stoic-curie.212-227-153-4.plesk.page\/pt\/wp-json\/wp\/v2\/media\/5948895"}],"wp:attachment":[{"href":"https:\/\/stoic-curie.212-227-153-4.plesk.page\/pt\/wp-json\/wp\/v2\/media?parent=752237"}],"wp:term":[{"taxonomy":"product_brand","embeddable":true,"href":"https:\/\/stoic-curie.212-227-153-4.plesk.page\/pt\/wp-json\/wp\/v2\/product_brand?post=752237"},{"taxonomy":"product_cat","embeddable":true,"href":"https:\/\/stoic-curie.212-227-153-4.plesk.page\/pt\/wp-json\/wp\/v2\/product_cat?post=752237"},{"taxonomy":"product_tag","embeddable":true,"href":"https:\/\/stoic-curie.212-227-153-4.plesk.page\/pt\/wp-json\/wp\/v2\/product_tag?post=752237"}],"curies":[{"name":"wp","href":"https:\/\/api.w.org\/{rel}","templated":true}]}}