{"id":752246,"date":"2025-03-04T01:28:36","date_gmt":"2025-03-04T00:28:36","guid":{"rendered":"https:\/\/stoic-curie.212-227-153-4.plesk.page\/producto\/kit-anodos-mercruiser-alpha-1-gen-2-888756q03\/"},"modified":"2026-02-25T00:28:29","modified_gmt":"2026-02-25T00:28:29","slug":"kit-anodos-mercruiser-alpha-1-gen-2-888756q03","status":"publish","type":"product","link":"https:\/\/stoic-curie.212-227-153-4.plesk.page\/pt\/product\/kit-anodos-mercruiser-alpha-1-gen-2-888756q03\/","title":{"rendered":"Kit Anodos Mercruiser Alpha 1 Gen 2 888756q03"},"content":{"rendered":"<p>Kit Anodos Mercruiser Alpha 1 Gen 2 888756q03 &#8211; <\/p>\n<p>Kit de \u00e2nodos genu\u00ednos da Mercruiser em liga de alum\u00ednio, completo com parafusos e \u00e2nodos de cilindro de eleva\u00e7\u00e3o. Compat\u00edvel com Alpha I Gen II de 1991 at\u00e9 o presente (n\u00ba de s\u00e9rie OD469829 e posteriores).<\/p>\n","protected":false},"excerpt":{"rendered":"<p>Kit Anodos Mercruiser Alpha 1 Gen 2 888756q03 &#8211; Kit de \u00e2nodos genu\u00ednos da Mercruiser em liga de alum\u00ednio, completo<\/p>\n","protected":false},"featured_media":5948933,"comment_status":"open","ping_status":"closed","template":"","meta":[],"product_brand":[3287],"product_cat":[2117],"product_tag":[],"class_list":{"0":"post-752246","1":"product","2":"type-product","3":"status-publish","4":"has-post-thumbnail","6":"product_brand-quicksilver-pt","7":"product_cat-pecas-para-motores-mercruiser","9":"first","10":"instock","11":"shipping-taxable","12":"purchasable","13":"product-type-simple"},"_links":{"self":[{"href":"https:\/\/stoic-curie.212-227-153-4.plesk.page\/pt\/wp-json\/wp\/v2\/product\/752246","targetHints":{"allow":["GET"]}}],"collection":[{"href":"https:\/\/stoic-curie.212-227-153-4.plesk.page\/pt\/wp-json\/wp\/v2\/product"}],"about":[{"href":"https:\/\/stoic-curie.212-227-153-4.plesk.page\/pt\/wp-json\/wp\/v2\/types\/product"}],"replies":[{"embeddable":true,"href":"https:\/\/stoic-curie.212-227-153-4.plesk.page\/pt\/wp-json\/wp\/v2\/comments?post=752246"}],"version-history":[{"count":0,"href":"https:\/\/stoic-curie.212-227-153-4.plesk.page\/pt\/wp-json\/wp\/v2\/product\/752246\/revisions"}],"wp:featuredmedia":[{"embeddable":true,"href":"https:\/\/stoic-curie.212-227-153-4.plesk.page\/pt\/wp-json\/wp\/v2\/media\/5948933"}],"wp:attachment":[{"href":"https:\/\/stoic-curie.212-227-153-4.plesk.page\/pt\/wp-json\/wp\/v2\/media?parent=752246"}],"wp:term":[{"taxonomy":"product_brand","embeddable":true,"href":"https:\/\/stoic-curie.212-227-153-4.plesk.page\/pt\/wp-json\/wp\/v2\/product_brand?post=752246"},{"taxonomy":"product_cat","embeddable":true,"href":"https:\/\/stoic-curie.212-227-153-4.plesk.page\/pt\/wp-json\/wp\/v2\/product_cat?post=752246"},{"taxonomy":"product_tag","embeddable":true,"href":"https:\/\/stoic-curie.212-227-153-4.plesk.page\/pt\/wp-json\/wp\/v2\/product_tag?post=752246"}],"curies":[{"name":"wp","href":"https:\/\/api.w.org\/{rel}","templated":true}]}}