{"id":752247,"date":"2025-03-04T01:28:36","date_gmt":"2025-03-04T00:28:36","guid":{"rendered":"https:\/\/stoic-curie.212-227-153-4.plesk.page\/producto\/kit-anodos-mercruiser-bravo-1-888758q02\/"},"modified":"2026-02-25T00:28:29","modified_gmt":"2026-02-25T00:28:29","slug":"kit-anodos-mercruiser-bravo-1-888758q02","status":"publish","type":"product","link":"https:\/\/stoic-curie.212-227-153-4.plesk.page\/pt\/product\/kit-anodos-mercruiser-bravo-1-888758q02\/","title":{"rendered":"Kit Anodos Mercruiser Bravo 1 888758q02"},"content":{"rendered":"<p>Kit Anodos Mercruiser Bravo 1 888758q02 &#8211; <\/p>\n<p>Kit completo de \u00e2nodos Mercruiser em liga de alum\u00ednio, com parafusos. Compat\u00edvel com Bravo I de 1988 at\u00e9 o presente (s\/n OB664190 at\u00e9 o presente).<\/p>\n","protected":false},"excerpt":{"rendered":"<p>Kit Anodos Mercruiser Bravo 1 888758q02 &#8211; Kit completo de \u00e2nodos Mercruiser em liga de alum\u00ednio, com parafusos. Compat\u00edvel com<\/p>\n","protected":false},"featured_media":5948935,"comment_status":"open","ping_status":"closed","template":"","meta":[],"product_brand":[3287],"product_cat":[2117],"product_tag":[],"class_list":{"0":"post-752247","1":"product","2":"type-product","3":"status-publish","4":"has-post-thumbnail","6":"product_brand-quicksilver-pt","7":"product_cat-pecas-para-motores-mercruiser","9":"first","10":"instock","11":"shipping-taxable","12":"purchasable","13":"product-type-simple"},"_links":{"self":[{"href":"https:\/\/stoic-curie.212-227-153-4.plesk.page\/pt\/wp-json\/wp\/v2\/product\/752247","targetHints":{"allow":["GET"]}}],"collection":[{"href":"https:\/\/stoic-curie.212-227-153-4.plesk.page\/pt\/wp-json\/wp\/v2\/product"}],"about":[{"href":"https:\/\/stoic-curie.212-227-153-4.plesk.page\/pt\/wp-json\/wp\/v2\/types\/product"}],"replies":[{"embeddable":true,"href":"https:\/\/stoic-curie.212-227-153-4.plesk.page\/pt\/wp-json\/wp\/v2\/comments?post=752247"}],"version-history":[{"count":0,"href":"https:\/\/stoic-curie.212-227-153-4.plesk.page\/pt\/wp-json\/wp\/v2\/product\/752247\/revisions"}],"wp:featuredmedia":[{"embeddable":true,"href":"https:\/\/stoic-curie.212-227-153-4.plesk.page\/pt\/wp-json\/wp\/v2\/media\/5948935"}],"wp:attachment":[{"href":"https:\/\/stoic-curie.212-227-153-4.plesk.page\/pt\/wp-json\/wp\/v2\/media?parent=752247"}],"wp:term":[{"taxonomy":"product_brand","embeddable":true,"href":"https:\/\/stoic-curie.212-227-153-4.plesk.page\/pt\/wp-json\/wp\/v2\/product_brand?post=752247"},{"taxonomy":"product_cat","embeddable":true,"href":"https:\/\/stoic-curie.212-227-153-4.plesk.page\/pt\/wp-json\/wp\/v2\/product_cat?post=752247"},{"taxonomy":"product_tag","embeddable":true,"href":"https:\/\/stoic-curie.212-227-153-4.plesk.page\/pt\/wp-json\/wp\/v2\/product_tag?post=752247"}],"curies":[{"name":"wp","href":"https:\/\/api.w.org\/{rel}","templated":true}]}}