{"id":752252,"date":"2025-03-04T01:28:38","date_gmt":"2025-03-04T00:28:38","guid":{"rendered":"https:\/\/stoic-curie.212-227-153-4.plesk.page\/producto\/fogao-de-inducao-dometic-1-queimador\/"},"modified":"2026-02-25T00:28:29","modified_gmt":"2026-02-25T00:28:29","slug":"fogao-de-inducao-dometic-1-queimador","status":"publish","type":"product","link":"https:\/\/stoic-curie.212-227-153-4.plesk.page\/pt\/product\/fogao-de-inducao-dometic-1-queimador\/","title":{"rendered":"Fog\u00e3o de Indu\u00e7\u00e3o Dometic CVI 1350"},"content":{"rendered":"<p>Fog\u00e3o de Indu\u00e7\u00e3o Dometic CVI 1350 &#8211; <\/p>\n<p style=\"color: rgb(34, 34, 34); font-family: Arial, Helvetica, sans-serif; font-size: small;\">O DOMETIC CVI 1350 Fog\u00e3o de Indu\u00e7\u00e3o \u00danico \u00e9 um cooktop de indu\u00e7\u00e3o elegante com uma zona, perfeito para cozinhar de forma r\u00e1pida e f\u00e1cil, seja em um camping ou a bordo de um barco. Possui uma superf\u00edcie de vidro lisa que \u00e9 f\u00e1cil de limpar e conta com controles de toque sens\u00edvel para ajustes precisos de calor. De acordo com o conceito Cooking Vision da Dometic, este cooktop pode ser combinado com uma pia compat\u00edvel ou pode servir como substituto de um fog\u00e3o a g\u00e1s de \u00fanico queimador com as mesmas dimens\u00f5es, medindo 350 x 350 mm.<\/p>\n<p style=\"color: rgb(34, 34, 34); font-family: Arial, Helvetica, sans-serif; font-size: small;\">Este avan\u00e7ado fog\u00e3o de indu\u00e7\u00e3o cer\u00e2mico embutido de 220V da Dometic oferece controle por toque e apresenta 9 n\u00edveis diferentes de ajuste de temperatura. Inclui uma tampa de vidro temperado que tamb\u00e9m pode funcionar como uma superf\u00edcie de trabalho extra quando fechada. O design \u00e9 concebido para garantir que n\u00e3o sobrecarregue a rede el\u00e9trica ou o sistema el\u00e9trico. As especifica\u00e7\u00f5es de pot\u00eancia s\u00e3o as seguintes:<\/p>\n<ul style=\"color: rgb(34, 34, 34); font-family: Arial, Helvetica, sans-serif; font-size: small;\">\n<li>1-Queimador: 2300W, 10A<\/li>\n<\/ul>\n<p style=\"color: rgb(34, 34, 34); font-family: Arial, Helvetica, sans-serif; font-size: small;\">Em conformidade com os objetivos de sustentabilidade da Dometic, estes cooktops de indu\u00e7\u00e3o s\u00e3o projetados para atender aos limites de 10 A \/ 2300 W encontrados tipicamente em campings e em ve\u00edculos recreativos. Isso garante um uso seguro sem sobrecarregar o sistema el\u00e9trico. Para maior independ\u00eancia, eles tamb\u00e9m podem ser alimentados por um painel solar em combina\u00e7\u00e3o com uma bateria de l\u00edtio.<\/p>\n<p style=\"color: rgb(34, 34, 34); font-family: Arial, Helvetica, sans-serif; font-size: small;\">As caracter\u00edsticas de seguran\u00e7a incluem um bloqueio para crian\u00e7as para evitar acidentes, um timer, prote\u00e7\u00e3o contra superaquecimento, detec\u00e7\u00e3o de objetos inadequados e um temporizador autom\u00e1tico de desligamento.<\/p>\n<p style=\"color: rgb(34, 34, 34); font-family: Arial, Helvetica, sans-serif; font-size: small;\"><strong>Principais caracter\u00edsticas do DOMETIC CVI 1350 Fog\u00e3o de Indu\u00e7\u00e3o \u00danico:<\/strong><\/p>\n<ul style=\"color: rgb(34, 34, 34); font-family: Arial, Helvetica, sans-serif; font-size: small;\">\n<li>Cooktop de uma zona utilizando tecnologia de indu\u00e7\u00e3o avan\u00e7ada<\/li>\n<li>Complementa perfeitamente outros produtos da linha Dometic Cooking Vision<\/li>\n<li>Voltagem\/Frequ\u00eancia: 220 &#8211; 240V\/50Hz<\/li>\n<li>Pot\u00eancia Total: 2300W<\/li>\n<li>Regula\u00e7\u00e3o de calor f\u00e1cil com 9 configura\u00e7\u00f5es de temperatura distintas<\/li>\n<li>Diametro da Zona de Cozimento: 180 mm<\/li>\n<li>Cor: A\u00e7o Inoxid\u00e1vel e Preto<\/li>\n<li>Resist\u00eancia a vibra\u00e7\u00f5es testada em conformidade com normas de motorhomes<\/li>\n<li>Projetado para atender as limita\u00e7\u00f5es de 10A \/ 2300 W em campings e em ve\u00edculos recreativos<\/li>\n<li>Inclui um corte autom\u00e1tico de sobrecarga para aquecimento r\u00e1pido<\/li>\n<li>Adequado para instala\u00e7\u00e3o em salas internas de barcos, n\u00e3o destinado a uso em conv\u00e9s aberto<\/li>\n<\/ul>\n<p style=\"color: rgb(34, 34, 34); font-family: Arial, Helvetica, sans-serif; font-size: small;\"><strong>Marca:<\/strong>&nbsp;Dometic<\/p>\n<p style=\"color: rgb(34, 34, 34); font-family: Arial, Helvetica, sans-serif; font-size: small;\"><strong>Peso:<\/strong><\/p>\n<ul style=\"color: rgb(34, 34, 34); font-family: Arial, Helvetica, sans-serif; font-size: small;\">\n<li>Liquido: 5 kg<\/li>\n<li>Bruto: 5.8 kg<\/li>\n<\/ul>\n<p style=\"color: rgb(34, 34, 34); font-family: Arial, Helvetica, sans-serif; font-size: small;\"><strong>Marca de Teste:<\/strong>&nbsp;CE UK CA<\/p>\n<p style=\"color: rgb(34, 34, 34); font-family: Arial, Helvetica, sans-serif; font-size: small;\"><strong>C\u00f3digo do Produto:<\/strong>&nbsp;9600050570<\/p>\n<p style=\"color: rgb(34, 34, 34); font-family: Arial, Helvetica, sans-serif; font-size: small;\"><strong>Dimens\u00f5es:<\/strong><\/p>\n<ul style=\"color: rgb(34, 34, 34); font-family: Arial, Helvetica, sans-serif; font-size: small;\">\n<li>(L x A x P) 350 x 55 x 350 mm<\/li>\n<\/ul>\n<p style=\"color: rgb(34, 34, 34); font-family: Arial, Helvetica, sans-serif; font-size: small;\"><strong>Cor:<\/strong>&nbsp;A\u00e7o Inoxid\u00e1vel e Preto<\/p>\n<p style=\"color: rgb(34, 34, 34); font-family: Arial, Helvetica, sans-serif; font-size: small;\"><strong>Zona de Cozimento:<\/strong>&nbsp;\u00danica<\/p>\n<p style=\"color: rgb(34, 34, 34); font-family: Arial, Helvetica, sans-serif; font-size: small;\"><strong>Pot\u00eancia da Placa de Cozinha:<\/strong>&nbsp;2.3 kW<\/p>\n<p style=\"color: rgb(34, 34, 34); font-family: Arial, Helvetica, sans-serif; font-size: small;\"><strong>Instala\u00e7\u00e3o:<\/strong><\/p>\n<ul style=\"color: rgb(34, 34, 34); font-family: Arial, Helvetica, sans-serif; font-size: small;\">\n<li>Profundidade do recorte: 330 mm<\/li>\n<li>Altura do recorte: 100 mm<\/li>\n<li>Largura do recorte: 330 mm<\/li>\n<\/ul>\n<p style=\"color: rgb(34, 34, 34); font-family: Arial, Helvetica, sans-serif; font-size: small;\"><strong>Di\u00e2metro da Zona de Cozimento:<\/strong>&nbsp;180 mm<\/p>\n","protected":false},"excerpt":{"rendered":"<p>Fog\u00e3o de Indu\u00e7\u00e3o Dometic CVI 1350 &#8211; O DOMETIC CVI 1350 Fog\u00e3o de Indu\u00e7\u00e3o \u00danico \u00e9 um cooktop de indu\u00e7\u00e3o<\/p>\n","protected":false},"featured_media":5948945,"comment_status":"open","ping_status":"closed","template":"","meta":[],"product_brand":[2897],"product_cat":[1928],"product_tag":[],"class_list":{"0":"post-752252","1":"product","2":"type-product","3":"status-publish","4":"has-post-thumbnail","6":"product_brand-dometic-pt","7":"product_cat-fornos-e-fogoes","9":"first","10":"instock","11":"shipping-taxable","12":"purchasable","13":"product-type-simple"},"_links":{"self":[{"href":"https:\/\/stoic-curie.212-227-153-4.plesk.page\/pt\/wp-json\/wp\/v2\/product\/752252","targetHints":{"allow":["GET"]}}],"collection":[{"href":"https:\/\/stoic-curie.212-227-153-4.plesk.page\/pt\/wp-json\/wp\/v2\/product"}],"about":[{"href":"https:\/\/stoic-curie.212-227-153-4.plesk.page\/pt\/wp-json\/wp\/v2\/types\/product"}],"replies":[{"embeddable":true,"href":"https:\/\/stoic-curie.212-227-153-4.plesk.page\/pt\/wp-json\/wp\/v2\/comments?post=752252"}],"version-history":[{"count":0,"href":"https:\/\/stoic-curie.212-227-153-4.plesk.page\/pt\/wp-json\/wp\/v2\/product\/752252\/revisions"}],"wp:featuredmedia":[{"embeddable":true,"href":"https:\/\/stoic-curie.212-227-153-4.plesk.page\/pt\/wp-json\/wp\/v2\/media\/5948945"}],"wp:attachment":[{"href":"https:\/\/stoic-curie.212-227-153-4.plesk.page\/pt\/wp-json\/wp\/v2\/media?parent=752252"}],"wp:term":[{"taxonomy":"product_brand","embeddable":true,"href":"https:\/\/stoic-curie.212-227-153-4.plesk.page\/pt\/wp-json\/wp\/v2\/product_brand?post=752252"},{"taxonomy":"product_cat","embeddable":true,"href":"https:\/\/stoic-curie.212-227-153-4.plesk.page\/pt\/wp-json\/wp\/v2\/product_cat?post=752252"},{"taxonomy":"product_tag","embeddable":true,"href":"https:\/\/stoic-curie.212-227-153-4.plesk.page\/pt\/wp-json\/wp\/v2\/product_tag?post=752252"}],"curies":[{"name":"wp","href":"https:\/\/api.w.org\/{rel}","templated":true}]}}