{"id":752256,"date":"2025-03-04T01:28:39","date_gmt":"2025-03-04T00:28:39","guid":{"rendered":"https:\/\/stoic-curie.212-227-153-4.plesk.page\/producto\/giratorio-olympic-para-corrente-6-8mm\/"},"modified":"2026-02-25T00:28:29","modified_gmt":"2026-02-25T00:28:29","slug":"giratorio-olympic-para-corrente-6-8mm","status":"publish","type":"product","link":"https:\/\/stoic-curie.212-227-153-4.plesk.page\/pt\/product\/giratorio-olympic-para-corrente-6-8mm\/","title":{"rendered":"Girat\u00f3rio Olympic para corrente 6-8mm"},"content":{"rendered":"<p>Girat\u00f3rio Olympic para corrente 6-8mm &#8211; <\/p>\n<p>O girador de \u00e2ncora ol\u00edmpico Quick \u00e9 uma pe\u00e7a fundamental que conecta sua \u00e2ncora ol\u00edmpica \u00e0 corrente. Ele \u00e9 projetado para evitar que a corrente se enrosque e torna muito mais f\u00e1cil puxar a \u00e2ncora, pois mant\u00e9m-se alinhado ao recolh\u00ea-la.<\/p>\n<p>Veja algumas caracter\u00edsticas interessantes do girador de \u00e2ncora ol\u00edmpico Quick:<\/p>\n<p>Sem mais tor\u00e7\u00f5es na corrente:<br \/>Este girador permite que a \u00e2ncora gire livremente, o que significa muito menos chance de a corrente se emaranhar e causar danos.<\/p>\n<p>Recupera\u00e7\u00e3o f\u00e1cil:<br \/>Quando usado com o olhal da \u00e2ncora ol\u00edmpica, o girador garante que a \u00e2ncora esteja na posi\u00e7\u00e3o certa para ser puxada, especialmente se voc\u00ea estiver utilizando um rolo de proa.<\/p>\n<p>Recurso de auto-reversa:<br \/>O design do sistema de girador e \u00e2ncora ol\u00edmpica possui um recurso de auto-reversa que ajuda a \u00e2ncora a se posicionar corretamente para uma recupera\u00e7\u00e3o f\u00e1cil.<\/p>\n<p>Materiais de alta qualidade:<br \/>Fabricado em a\u00e7o inoxid\u00e1vel AISI 630, este girador \u00e9 conhecido por sua resist\u00eancia \u00e0 corros\u00e3o marinha e extraordin\u00e1ria durabilidade, tornando-o perfeito para uso na \u00e1gua.<\/p>\n<p>Instala\u00e7\u00e3o simples:<br \/>\u00c9 projetado para uma configura\u00e7\u00e3o f\u00e1cil e pode ser trocado com diferentes tipos de \u00e2ncoras sem complica\u00e7\u00f5es.<\/p>\n<p>Apar\u00eancia agrad\u00e1vel:<br \/>O girador possui um acabamento polido que n\u00e3o apenas reduz o atrito, mas tamb\u00e9m tem uma \u00f3tima apar\u00eancia!<\/p>\n","protected":false},"excerpt":{"rendered":"<p>Girat\u00f3rio Olympic para corrente 6-8mm &#8211; O girador de \u00e2ncora ol\u00edmpico Quick \u00e9 uma pe\u00e7a fundamental que conecta sua \u00e2ncora<\/p>\n","protected":false},"featured_media":5948958,"comment_status":"open","ping_status":"closed","template":"","meta":[],"product_brand":[3282],"product_cat":[2152],"product_tag":[],"class_list":{"0":"post-752256","1":"product","2":"type-product","3":"status-publish","4":"has-post-thumbnail","6":"product_brand-quick-pt","7":"product_cat-destorcedores-de-ancora","9":"first","10":"instock","11":"shipping-taxable","12":"purchasable","13":"product-type-simple"},"_links":{"self":[{"href":"https:\/\/stoic-curie.212-227-153-4.plesk.page\/pt\/wp-json\/wp\/v2\/product\/752256","targetHints":{"allow":["GET"]}}],"collection":[{"href":"https:\/\/stoic-curie.212-227-153-4.plesk.page\/pt\/wp-json\/wp\/v2\/product"}],"about":[{"href":"https:\/\/stoic-curie.212-227-153-4.plesk.page\/pt\/wp-json\/wp\/v2\/types\/product"}],"replies":[{"embeddable":true,"href":"https:\/\/stoic-curie.212-227-153-4.plesk.page\/pt\/wp-json\/wp\/v2\/comments?post=752256"}],"version-history":[{"count":0,"href":"https:\/\/stoic-curie.212-227-153-4.plesk.page\/pt\/wp-json\/wp\/v2\/product\/752256\/revisions"}],"wp:featuredmedia":[{"embeddable":true,"href":"https:\/\/stoic-curie.212-227-153-4.plesk.page\/pt\/wp-json\/wp\/v2\/media\/5948958"}],"wp:attachment":[{"href":"https:\/\/stoic-curie.212-227-153-4.plesk.page\/pt\/wp-json\/wp\/v2\/media?parent=752256"}],"wp:term":[{"taxonomy":"product_brand","embeddable":true,"href":"https:\/\/stoic-curie.212-227-153-4.plesk.page\/pt\/wp-json\/wp\/v2\/product_brand?post=752256"},{"taxonomy":"product_cat","embeddable":true,"href":"https:\/\/stoic-curie.212-227-153-4.plesk.page\/pt\/wp-json\/wp\/v2\/product_cat?post=752256"},{"taxonomy":"product_tag","embeddable":true,"href":"https:\/\/stoic-curie.212-227-153-4.plesk.page\/pt\/wp-json\/wp\/v2\/product_tag?post=752256"}],"curies":[{"name":"wp","href":"https:\/\/api.w.org\/{rel}","templated":true}]}}