{"id":752258,"date":"2025-03-04T01:28:40","date_gmt":"2025-03-04T00:28:40","guid":{"rendered":"https:\/\/stoic-curie.212-227-153-4.plesk.page\/producto\/giratorio-olympic-para-corrente-10-13mm\/"},"modified":"2026-02-25T00:28:29","modified_gmt":"2026-02-25T00:28:29","slug":"giratorio-olympic-para-corrente-10-13mm","status":"publish","type":"product","link":"https:\/\/stoic-curie.212-227-153-4.plesk.page\/pt\/product\/giratorio-olympic-para-corrente-10-13mm\/","title":{"rendered":"Girat\u00f3rio Olympic para corrente 10-13mm"},"content":{"rendered":"<p>Girat\u00f3rio Olympic para corrente 10-13mm &#8211; <\/p>\n<p>O girat\u00f3rio Quick Olympic \u00e2ncora \u00e9 um conector essencial que liga a \u00e2ncora ol\u00edmpica \u00e0 corrente. Seu design \u00e9 cuidadosamente elaborado para evitar que a corrente tor\u00e7a e para auxiliar na recupera\u00e7\u00e3o da \u00e2ncora, garantindo que ela esteja corretamente alinhada durante a retra\u00e7\u00e3o. Fabricado em a\u00e7o inoxid\u00e1vel AISI 630, este girat\u00f3rio \u00e9 altamente respeitado por sua resist\u00eancia excepcional \u00e0 corros\u00e3o marinha e sua impressionante resist\u00eancia.<\/p>\n<p>As principais caracter\u00edsticas do girat\u00f3rio Quick Olympic \u00e2ncora incluem:<\/p>\n<p>Preven\u00e7\u00e3o da tor\u00e7\u00e3o da corrente:<br \/>O girat\u00f3rio permite que a \u00e2ncora gire livremente, reduzindo significativamente a chance de tor\u00e7\u00e3o da corrente que poderia causar danos.<\/p>\n<p>Facilidade de recupera\u00e7\u00e3o:<br \/>Quando utilizado com o olhal da \u00e2ncora ol\u00edmpica, o girat\u00f3rio garante que a \u00e2ncora esteja idealmente posicionada para a recupera\u00e7\u00e3o, especialmente quando usado com um rolo de proa.<\/p>\n<p>Capacidade de auto-viragem:<br \/>O design do sistema de girat\u00f3rio e \u00e2ncora ol\u00edmpica inclui uma funcionalidade de auto-viragem, que ajuda a \u00e2ncora a girar para a posi\u00e7\u00e3o correta para uma recupera\u00e7\u00e3o f\u00e1cil.<\/p>\n<p>Materiais de alta qualidade:<br \/>Feito de a\u00e7o inoxid\u00e1vel AISI 630, o girat\u00f3rio \u00e9 conhecido por sua resist\u00eancia \u00e0 corros\u00e3o marinha e sua durabilidade, tornando-o perfeito para uso marinho.<\/p>\n<p>Instala\u00e7\u00e3o sem esfor\u00e7o:<br \/>O girat\u00f3rio \u00e9 projetado para f\u00e1cil instala\u00e7\u00e3o e pode ser convenientemente trocado com v\u00e1rios tipos de \u00e2ncoras existentes.<\/p>\n<p>Acabamento atraente:<br \/>O girat\u00f3rio possui um acabamento polido, que n\u00e3o s\u00f3 reduz o atrito, mas tamb\u00e9m real\u00e7a seu apelo visual.<\/p>\n","protected":false},"excerpt":{"rendered":"<p>Girat\u00f3rio Olympic para corrente 10-13mm &#8211; O girat\u00f3rio Quick Olympic \u00e2ncora \u00e9 um conector essencial que liga a \u00e2ncora ol\u00edmpica<\/p>\n","protected":false},"featured_media":5948958,"comment_status":"open","ping_status":"closed","template":"","meta":[],"product_brand":[3282],"product_cat":[2152],"product_tag":[],"class_list":{"0":"post-752258","1":"product","2":"type-product","3":"status-publish","4":"has-post-thumbnail","6":"product_brand-quick-pt","7":"product_cat-destorcedores-de-ancora","9":"first","10":"instock","11":"shipping-taxable","12":"purchasable","13":"product-type-simple"},"_links":{"self":[{"href":"https:\/\/stoic-curie.212-227-153-4.plesk.page\/pt\/wp-json\/wp\/v2\/product\/752258","targetHints":{"allow":["GET"]}}],"collection":[{"href":"https:\/\/stoic-curie.212-227-153-4.plesk.page\/pt\/wp-json\/wp\/v2\/product"}],"about":[{"href":"https:\/\/stoic-curie.212-227-153-4.plesk.page\/pt\/wp-json\/wp\/v2\/types\/product"}],"replies":[{"embeddable":true,"href":"https:\/\/stoic-curie.212-227-153-4.plesk.page\/pt\/wp-json\/wp\/v2\/comments?post=752258"}],"version-history":[{"count":0,"href":"https:\/\/stoic-curie.212-227-153-4.plesk.page\/pt\/wp-json\/wp\/v2\/product\/752258\/revisions"}],"wp:featuredmedia":[{"embeddable":true,"href":"https:\/\/stoic-curie.212-227-153-4.plesk.page\/pt\/wp-json\/wp\/v2\/media\/5948958"}],"wp:attachment":[{"href":"https:\/\/stoic-curie.212-227-153-4.plesk.page\/pt\/wp-json\/wp\/v2\/media?parent=752258"}],"wp:term":[{"taxonomy":"product_brand","embeddable":true,"href":"https:\/\/stoic-curie.212-227-153-4.plesk.page\/pt\/wp-json\/wp\/v2\/product_brand?post=752258"},{"taxonomy":"product_cat","embeddable":true,"href":"https:\/\/stoic-curie.212-227-153-4.plesk.page\/pt\/wp-json\/wp\/v2\/product_cat?post=752258"},{"taxonomy":"product_tag","embeddable":true,"href":"https:\/\/stoic-curie.212-227-153-4.plesk.page\/pt\/wp-json\/wp\/v2\/product_tag?post=752258"}],"curies":[{"name":"wp","href":"https:\/\/api.w.org\/{rel}","templated":true}]}}