{"id":752260,"date":"2025-03-04T01:28:41","date_gmt":"2025-03-04T00:28:41","guid":{"rendered":"https:\/\/stoic-curie.212-227-153-4.plesk.page\/producto\/corda-flutuante-20mm-x-150mt-fluo\/"},"modified":"2026-02-25T00:28:29","modified_gmt":"2026-02-25T00:28:29","slug":"corda-flutuante-20mm-x-150mt-fluo","status":"publish","type":"product","link":"https:\/\/stoic-curie.212-227-153-4.plesk.page\/pt\/product\/corda-flutuante-20mm-x-150mt-fluo\/","title":{"rendered":"Corda Flutuante 20mm x 150mt Fluo"},"content":{"rendered":"<p>Corda Flutuante 20mm x 150mt Fluo &#8211; <\/p>\n<p><span style=\"color: rgb(34, 34, 34); font-family: Arial, Helvetica, sans-serif; font-size: small;\">Esta corda flutuante fluorescente amarela, altamente vis\u00edvel, \u00e9 uma excelente op\u00e7\u00e3o para sinalizar ancoradouros em v\u00e1rias \u00e1reas, incluindo enseadas e docas. Sua cor v\u00edvida garante f\u00e1cil visibilidade, aumentando a seguran\u00e7a tanto para os navegadores quanto para as pessoas em terra. A corda \u00e9 leve, mas excepcionalmente forte, facilitando o transporte para a costa quando necess\u00e1rio. Feita de um robusto tran\u00e7ado de 16-fitas de polipropileno de alta resist\u00eancia, esta corda \u00e9 projetada para suportar os desafios de ambientes marinhos, proporcionando confiabilidade e durabilidade para todas as suas necessidades de navega\u00e7\u00e3o.<\/span><\/p>\n","protected":false},"excerpt":{"rendered":"<p>Corda Flutuante 20mm x 150mt Fluo &#8211; Esta corda flutuante fluorescente amarela, altamente vis\u00edvel, \u00e9 uma excelente op\u00e7\u00e3o para sinalizar<\/p>\n","protected":false},"featured_media":5948963,"comment_status":"open","ping_status":"closed","template":"","meta":[],"product_brand":[3102],"product_cat":[1908],"product_tag":[],"class_list":{"0":"post-752260","1":"product","2":"type-product","3":"status-publish","4":"has-post-thumbnail","6":"product_brand-marco-benvenuti-pt","7":"product_cat-retenidas","9":"first","10":"instock","11":"shipping-taxable","12":"purchasable","13":"product-type-simple"},"_links":{"self":[{"href":"https:\/\/stoic-curie.212-227-153-4.plesk.page\/pt\/wp-json\/wp\/v2\/product\/752260","targetHints":{"allow":["GET"]}}],"collection":[{"href":"https:\/\/stoic-curie.212-227-153-4.plesk.page\/pt\/wp-json\/wp\/v2\/product"}],"about":[{"href":"https:\/\/stoic-curie.212-227-153-4.plesk.page\/pt\/wp-json\/wp\/v2\/types\/product"}],"replies":[{"embeddable":true,"href":"https:\/\/stoic-curie.212-227-153-4.plesk.page\/pt\/wp-json\/wp\/v2\/comments?post=752260"}],"version-history":[{"count":0,"href":"https:\/\/stoic-curie.212-227-153-4.plesk.page\/pt\/wp-json\/wp\/v2\/product\/752260\/revisions"}],"wp:featuredmedia":[{"embeddable":true,"href":"https:\/\/stoic-curie.212-227-153-4.plesk.page\/pt\/wp-json\/wp\/v2\/media\/5948963"}],"wp:attachment":[{"href":"https:\/\/stoic-curie.212-227-153-4.plesk.page\/pt\/wp-json\/wp\/v2\/media?parent=752260"}],"wp:term":[{"taxonomy":"product_brand","embeddable":true,"href":"https:\/\/stoic-curie.212-227-153-4.plesk.page\/pt\/wp-json\/wp\/v2\/product_brand?post=752260"},{"taxonomy":"product_cat","embeddable":true,"href":"https:\/\/stoic-curie.212-227-153-4.plesk.page\/pt\/wp-json\/wp\/v2\/product_cat?post=752260"},{"taxonomy":"product_tag","embeddable":true,"href":"https:\/\/stoic-curie.212-227-153-4.plesk.page\/pt\/wp-json\/wp\/v2\/product_tag?post=752260"}],"curies":[{"name":"wp","href":"https:\/\/api.w.org\/{rel}","templated":true}]}}