{"id":752262,"date":"2025-03-04T01:28:41","date_gmt":"2025-03-04T00:28:41","guid":{"rendered":"https:\/\/stoic-curie.212-227-153-4.plesk.page\/producto\/passarela-hidraulica-smeraldo-200-x-43cm-12v\/"},"modified":"2026-02-25T00:28:29","modified_gmt":"2026-02-25T00:28:29","slug":"passarela-hidraulica-smeraldo-200-x-43cm-12v","status":"publish","type":"product","link":"https:\/\/stoic-curie.212-227-153-4.plesk.page\/pt\/product\/passarela-hidraulica-smeraldo-200-x-43cm-12v\/","title":{"rendered":"Passarela Hidr\u00e1ulica Smeraldo 200 x 43cm 12v"},"content":{"rendered":"<p>Passarela Hidr\u00e1ulica Smeraldo 200 x 43cm 12v &#8211; <\/p>\n<p>Passarela telesc\u00f3pica hidr\u00e1ulica com estrutura tubular de se\u00e7\u00e3o circular, em a\u00e7o inoxid\u00e1vel 316L polido. Superf\u00edcie antiderrapante em teca com luzes de LED. Completo com unidade de controle hidr\u00e1ulico de 800W e mangueiras de 3\/8 para um sistema de 3,5 metros. Pode ser operada com controle remoto e uma unidade de controle eletr\u00f4nico cabeada de 10 canais ou com um painel de controle montado na parede (127 x 87 mm). Tamb\u00e9m \u00e9 adequada para elevar tenders de at\u00e9 120 kg.<\/p>\n<p style=\"color: rgb(34, 34, 34); font-family: Arial, Helvetica, sans-serif; font-size: small;\"><strong>Passarela Hidr\u00e1ulica Smeraldo 200 x 43cm 12V<\/strong><\/p>\n<p style=\"color: rgb(34, 34, 34); font-family: Arial, Helvetica, sans-serif; font-size: small;\">Temos o prazer de apresentar nossa passarela hidr\u00e1ulica telesc\u00f3pica, projetada meticulosamente com uma estrutura circular feita de a\u00e7o inoxid\u00e1vel AISI 316, com acabamento polido. Esta passarela inclui corrim\u00e3os equipados com um mecanismo autom\u00e1tico de descida, facilitando transi\u00e7\u00f5es suaves entre configura\u00e7\u00f5es esquerda e direita, e \u00e9 complementada por um robusto piso de teca.<\/p>\n<p style=\"color: rgb(34, 34, 34); font-family: Arial, Helvetica, sans-serif; font-size: small;\">O sistema hidr\u00e1ulico opera com v\u00e1lvulas el\u00e9tricas e \u00e9 compat\u00edvel com uma fonte de alimenta\u00e7\u00e3o de 12\/24V, conforme indicado durante o processo de pedido. Para sua conveni\u00eancia, vem com um painel de controle montado na parede e um controle remoto compacto. Voc\u00ea tamb\u00e9m tem a op\u00e7\u00e3o de selecionar uma placa frontal padr\u00e3o ou personalizada de acordo com suas prefer\u00eancias.<\/p>\n<p style=\"color: rgb(34, 34, 34); font-family: Arial, Helvetica, sans-serif; font-size: small;\"><strong>Fun\u00e7\u00f5es Opcionais:<\/strong><\/p>\n<ul style=\"color: rgb(34, 34, 34); font-family: Arial, Helvetica, sans-serif; font-size: small;\">\n<li>Bomba manual<\/li>\n<li>Controle remoto adicional de bolso<\/li>\n<li>Estrutura met\u00e1lica pintada de branco RAL 9010<\/li>\n<li>Piso de contraplacado pintado<\/li>\n<li>Luzes de guia longitudinais<\/li>\n<li>Kit de cordas n\u00e1uticas<\/li>\n<li>Painel de fixa\u00e7\u00e3o met\u00e1lica<\/li>\n<\/ul>\n<p style=\"color: rgb(34, 34, 34); font-family: Arial, Helvetica, sans-serif; font-size: small;\"><strong>Especifica\u00e7\u00f5es:<\/strong><\/p>\n<ul style=\"color: rgb(34, 34, 34); font-family: Arial, Helvetica, sans-serif; font-size: small;\">\n<li><strong>Dom\u00ednio de Aplica\u00e7\u00e3o:<\/strong> Projetado para iates<\/li>\n<li><strong>Tipo:<\/strong> Telesc\u00f3pico<\/li>\n<li><strong>Opera\u00e7\u00e3o:<\/strong> Hidr\u00e1ulica<\/li>\n<li><strong>Materiais Estruturais:<\/strong> A\u00e7o inoxid\u00e1vel<\/li>\n<li><strong>Material de Superf\u00edcie:<\/strong> Teca<\/li>\n<li><strong>Funcionalidades Adicionais:<\/strong> Inclui corrim\u00e3os<\/li>\n<\/ul>\n<p style=\"color: rgb(34, 34, 34); font-family: Arial, Helvetica, sans-serif; font-size: small;\"><strong>Op\u00e7\u00f5es de Comprimento M\u00e1ximo:<\/strong><\/p>\n<ul style=\"color: rgb(34, 34, 34); font-family: Arial, Helvetica, sans-serif; font-size: small;\">\n<li>2 m (6&#8217;06&#8221;)<\/li>\n<li>2.3 m (7&#8217;06&#8221;)<\/li>\n<li>2.7 m (8&#8217;10&#8221;)<\/li>\n<li>3 m (9&#8217;10&#8221;)<\/li>\n<\/ul>\n<p style=\"color: rgb(34, 34, 34); font-family: Arial, Helvetica, sans-serif; font-size: small;\"><strong>Capacidade de Carga M\u00e1xima:<\/strong><\/p>\n<ul style=\"color: rgb(34, 34, 34); font-family: Arial, Helvetica, sans-serif; font-size: small;\">\n<li>150 kg (331 lb)<\/li>\n<li>200 kg (441 lb)<\/li>\n<\/ul>\n<p style=\"color: rgb(34, 34, 34); font-family: Arial, Helvetica, sans-serif; font-size: small;\">Esta passarela hidr\u00e1ulica telesc\u00f3pica combina funcionalidade e eleg\u00e2ncia, tornando-se um complemento indispens\u00e1vel para sua experi\u00eancia de navega\u00e7\u00e3o.<\/p>\n","protected":false},"excerpt":{"rendered":"<p>Passarela Hidr\u00e1ulica Smeraldo 200 x 43cm 12v &#8211; Passarela telesc\u00f3pica hidr\u00e1ulica com estrutura tubular de se\u00e7\u00e3o circular, em a\u00e7o inoxid\u00e1vel<\/p>\n","protected":false},"featured_media":5948965,"comment_status":"open","ping_status":"closed","template":"","meta":[],"product_brand":[3492],"product_cat":[1899],"product_tag":[],"class_list":{"0":"post-752262","1":"product","2":"type-product","3":"status-publish","4":"has-post-thumbnail","6":"product_brand-trem-pt","7":"product_cat-pranchas-de-embarque","9":"first","10":"instock","11":"shipping-taxable","12":"purchasable","13":"product-type-simple"},"_links":{"self":[{"href":"https:\/\/stoic-curie.212-227-153-4.plesk.page\/pt\/wp-json\/wp\/v2\/product\/752262","targetHints":{"allow":["GET"]}}],"collection":[{"href":"https:\/\/stoic-curie.212-227-153-4.plesk.page\/pt\/wp-json\/wp\/v2\/product"}],"about":[{"href":"https:\/\/stoic-curie.212-227-153-4.plesk.page\/pt\/wp-json\/wp\/v2\/types\/product"}],"replies":[{"embeddable":true,"href":"https:\/\/stoic-curie.212-227-153-4.plesk.page\/pt\/wp-json\/wp\/v2\/comments?post=752262"}],"version-history":[{"count":0,"href":"https:\/\/stoic-curie.212-227-153-4.plesk.page\/pt\/wp-json\/wp\/v2\/product\/752262\/revisions"}],"wp:featuredmedia":[{"embeddable":true,"href":"https:\/\/stoic-curie.212-227-153-4.plesk.page\/pt\/wp-json\/wp\/v2\/media\/5948965"}],"wp:attachment":[{"href":"https:\/\/stoic-curie.212-227-153-4.plesk.page\/pt\/wp-json\/wp\/v2\/media?parent=752262"}],"wp:term":[{"taxonomy":"product_brand","embeddable":true,"href":"https:\/\/stoic-curie.212-227-153-4.plesk.page\/pt\/wp-json\/wp\/v2\/product_brand?post=752262"},{"taxonomy":"product_cat","embeddable":true,"href":"https:\/\/stoic-curie.212-227-153-4.plesk.page\/pt\/wp-json\/wp\/v2\/product_cat?post=752262"},{"taxonomy":"product_tag","embeddable":true,"href":"https:\/\/stoic-curie.212-227-153-4.plesk.page\/pt\/wp-json\/wp\/v2\/product_tag?post=752262"}],"curies":[{"name":"wp","href":"https:\/\/api.w.org\/{rel}","templated":true}]}}