{"id":752264,"date":"2025-03-04T01:28:42","date_gmt":"2025-03-04T00:28:42","guid":{"rendered":"https:\/\/stoic-curie.212-227-153-4.plesk.page\/producto\/passarela-hidraulica-smeraldo-230-x-43cm-12v\/"},"modified":"2026-02-25T00:28:29","modified_gmt":"2026-02-25T00:28:29","slug":"passarela-hidraulica-smeraldo-230-x-43cm-12v","status":"publish","type":"product","link":"https:\/\/stoic-curie.212-227-153-4.plesk.page\/pt\/product\/passarela-hidraulica-smeraldo-230-x-43cm-12v\/","title":{"rendered":"Passarela Hidr\u00e1ulica Smeraldo 230 x 43cm 12v"},"content":{"rendered":"<p>Passarela Hidr\u00e1ulica Smeraldo 230 x 43cm 12v &#8211; <\/p>\n<p>Passarelle telesc\u00f3pica hidr\u00e1ulica com estrutura tubular de se\u00e7\u00e3o circular em a\u00e7o inoxid\u00e1vel 316L polido espelho. Top de teca antiderrapante com luzes LED. Completo com unidade de controle hidr\u00e1ulico de 800W e mangueiras de 3\/8 para um sistema de 3,5 metros. Pode ser operado com um controle remoto e uma unidade de controle eletr\u00f4nico com fio de 10 canais ou com um painel de controle montado na parede de 127 x 87 mm. Tamb\u00e9m \u00e9 adequado para levantar lanchas de at\u00e9 120 kg.<\/p>\n<p style=\"color: rgb(34, 34, 34); font-family: Arial, Helvetica, sans-serif; font-size: small;\">Passarela hidr\u00e1ulica Smeraldo 230 x 43 cm 12v<\/p>\n<p style=\"color: rgb(34, 34, 34); font-family: Arial, Helvetica, sans-serif; font-size: small;\">Apresentamos a Passarela Hidr\u00e1ulica Smeraldo, uma adi\u00e7\u00e3o sofisticada e altamente funcional \u00e0 sua experi\u00eancia n\u00e1utica. Esta passarela hidr\u00e1ulica telesc\u00f3pica \u00e9 meticulosamente projetada com uma estrutura circular feita de a\u00e7o inoxid\u00e1vel AISI 316. Essa escolha de material garante n\u00e3o apenas durabilidade excepcional, mas tamb\u00e9m resist\u00eancia not\u00e1vel \u00e0 corros\u00e3o, tornando-a uma op\u00e7\u00e3o ideal para ambientes marinhos onde a exposi\u00e7\u00e3o \u00e0 \u00e1gua do mar e a condi\u00e7\u00f5es clim\u00e1ticas severas s\u00e3o uma preocupa\u00e7\u00e3o. O acabamento brilhante da passarela n\u00e3o apenas real\u00e7a seu apelo est\u00e9tico, mas tamb\u00e9m garante que complemente a apar\u00eancia geral do seu embarca\u00e7\u00e3o, adicionando um toque de eleg\u00e2ncia.<\/p>\n<p style=\"color: rgb(34, 34, 34); font-family: Arial, Helvetica, sans-serif; font-size: small;\">Em termos de funcionalidade, a passarela \u00e9 equipada com corrim\u00e3os que possuem um dispositivo inovador de abaixamento autom\u00e1tico. Isso permite uma intercambialidade sem problemas entre configura\u00e7\u00f5es direita e esquerda, oferecendo flexibilidade e facilidade de uso. O piso de teca adiciona um toque cl\u00e1ssico ao design enquanto garante uma superf\u00edcie antiderrapante, que \u00e9 crucial para a seguran\u00e7a ao embarcar ou desembarcar.<\/p>\n<p style=\"color: rgb(34, 34, 34); font-family: Arial, Helvetica, sans-serif; font-size: small;\">A unidade hidr\u00e1ulica foi projetada para operar de forma eficiente com v\u00e1lvulas el\u00e9tricas e \u00e9 compat\u00edvel com uma fonte de alimenta\u00e7\u00e3o de 12V, como especificado durante o processo de pedido. Para sua conveni\u00eancia, um painel de controle montado na parede \u00e9 inclu\u00eddo, juntamente com um controle remoto de bolso, permitindo uma opera\u00e7\u00e3o sem esfor\u00e7o a partir de v\u00e1rios locais no seu embarca\u00e7\u00e3o. Essa combina\u00e7\u00e3o de estilo, seguran\u00e7a e conveni\u00eancia faz da Passarela Hidr\u00e1ulica Smeraldo um acess\u00f3rio essencial para qualquer propriet\u00e1rio de barco.<\/p>\n","protected":false},"excerpt":{"rendered":"<p>Passarela Hidr\u00e1ulica Smeraldo 230 x 43cm 12v &#8211; Passarelle telesc\u00f3pica hidr\u00e1ulica com estrutura tubular de se\u00e7\u00e3o circular em a\u00e7o inoxid\u00e1vel<\/p>\n","protected":false},"featured_media":5948965,"comment_status":"open","ping_status":"closed","template":"","meta":[],"product_brand":[3492],"product_cat":[1899],"product_tag":[],"class_list":{"0":"post-752264","1":"product","2":"type-product","3":"status-publish","4":"has-post-thumbnail","6":"product_brand-trem-pt","7":"product_cat-pranchas-de-embarque","9":"first","10":"instock","11":"shipping-taxable","12":"purchasable","13":"product-type-simple"},"_links":{"self":[{"href":"https:\/\/stoic-curie.212-227-153-4.plesk.page\/pt\/wp-json\/wp\/v2\/product\/752264","targetHints":{"allow":["GET"]}}],"collection":[{"href":"https:\/\/stoic-curie.212-227-153-4.plesk.page\/pt\/wp-json\/wp\/v2\/product"}],"about":[{"href":"https:\/\/stoic-curie.212-227-153-4.plesk.page\/pt\/wp-json\/wp\/v2\/types\/product"}],"replies":[{"embeddable":true,"href":"https:\/\/stoic-curie.212-227-153-4.plesk.page\/pt\/wp-json\/wp\/v2\/comments?post=752264"}],"version-history":[{"count":0,"href":"https:\/\/stoic-curie.212-227-153-4.plesk.page\/pt\/wp-json\/wp\/v2\/product\/752264\/revisions"}],"wp:featuredmedia":[{"embeddable":true,"href":"https:\/\/stoic-curie.212-227-153-4.plesk.page\/pt\/wp-json\/wp\/v2\/media\/5948965"}],"wp:attachment":[{"href":"https:\/\/stoic-curie.212-227-153-4.plesk.page\/pt\/wp-json\/wp\/v2\/media?parent=752264"}],"wp:term":[{"taxonomy":"product_brand","embeddable":true,"href":"https:\/\/stoic-curie.212-227-153-4.plesk.page\/pt\/wp-json\/wp\/v2\/product_brand?post=752264"},{"taxonomy":"product_cat","embeddable":true,"href":"https:\/\/stoic-curie.212-227-153-4.plesk.page\/pt\/wp-json\/wp\/v2\/product_cat?post=752264"},{"taxonomy":"product_tag","embeddable":true,"href":"https:\/\/stoic-curie.212-227-153-4.plesk.page\/pt\/wp-json\/wp\/v2\/product_tag?post=752264"}],"curies":[{"name":"wp","href":"https:\/\/api.w.org\/{rel}","templated":true}]}}