{"id":752266,"date":"2025-03-04T01:33:29","date_gmt":"2025-03-04T00:33:29","guid":{"rendered":"https:\/\/stoic-curie.212-227-153-4.plesk.page\/producto\/passarela-hidraulica-smeraldo-270-x-43cm-12v\/"},"modified":"2026-02-25T00:28:29","modified_gmt":"2026-02-25T00:28:29","slug":"passarela-hidraulica-smeraldo-270-x-43cm-12v","status":"publish","type":"product","link":"https:\/\/stoic-curie.212-227-153-4.plesk.page\/pt\/product\/passarela-hidraulica-smeraldo-270-x-43cm-12v\/","title":{"rendered":"Passarela Hidr\u00e1ulica Smeraldo 270 x 43cm 12v"},"content":{"rendered":"<p>Passarela Hidr\u00e1ulica Smeraldo 270 x 43cm 12v &#8211; <\/p>\n<p>Ponte telesc\u00f3pica hidr\u00e1ulica com estrutura tubular cil\u00edndrica polida em espelho de a\u00e7o inoxid\u00e1vel 316L. Superf\u00edcie de teca antiderrapante com luzes LED para caminhar. Completa com unidade de controle hidr\u00e1ulico de 800W e mangueiras de 3\/8 para um sistema de 3,5 metros. Pode ser operada com controle remoto e uma unidade de controle eletr\u00f4nica com fio de 10 canais ou com um painel de controle montado na parede de 127 x 87 mm. Tamb\u00e9m adequada para levantar lanchas com peso de at\u00e9 120 kg.<\/p>\n<p style=\"color: rgb(34, 34, 34); font-family: Arial, Helvetica, sans-serif; font-size: small;\"><strong>Ponte Hidr\u00e1ulica Smeraldo<\/strong><\/p>\n<p style=\"color: rgb(34, 34, 34); font-family: Arial, Helvetica, sans-serif; font-size: small;\">Estamos empolgados em apresentar a Ponte Hidr\u00e1ulica Smeraldo, uma solu\u00e7\u00e3o hidr\u00e1ulica telesc\u00f3pica inovadora com dimens\u00f5es impressionantes de 270 x 43 cm que opera em um robusto sistema de 12V. Esta excepcional ponte \u00e9 projetada com uma configura\u00e7\u00e3o circular e \u00e9 meticulosamente fabricada em a\u00e7o inoxid\u00e1vel AISI 316 de alta qualidade. Este material premium \u00e9 conhecido por sua excepcional durabilidade e not\u00e1vel resist\u00eancia \u00e0 corros\u00e3o, tornando-se uma escolha ideal para as condi\u00e7\u00f5es desafiadoras frequentemente encontradas em ambientes marinhos. O acabamento elegante e brilhante da ponte n\u00e3o s\u00f3 aumenta seu apelo visual, como tamb\u00e9m assegura que ela harmonize perfeitamente com a est\u00e9tica geral de sua embarca\u00e7\u00e3o, acrescentando um toque de eleg\u00e2ncia \u00e0 sua experi\u00eancia de navega\u00e7\u00e3o.<\/p>\n<p style=\"color: rgb(34, 34, 34); font-family: Arial, Helvetica, sans-serif; font-size: small;\">Entre as caracter\u00edsticas chave da Ponte Hidr\u00e1ulica Smeraldo est\u00e3o os corrim\u00e3os, que s\u00e3o equipados com um mecanismo de abaixamento autom\u00e1tico. Este design cuidadoso permite uma transi\u00e7\u00e3o suave entre configura\u00e7\u00f5es \u00e0 direita e \u00e0 esquerda, acomodando diversas situa\u00e7\u00f5es de atraca\u00e7\u00e3o e prefer\u00eancias dos usu\u00e1rios. Essa flexibilidade \u00e9 particularmente ben\u00e9fica para os propriet\u00e1rios de barcos que frequentemente navegam em diferentes cen\u00e1rios de atraca\u00e7\u00e3o. Al\u00e9m disso, a ponte \u00e9 equipada com requintadas t\u00e1buas de teca, que n\u00e3o s\u00f3 aumentam sua durabilidade, mas tamb\u00e9m adicionam um toque de sofistica\u00e7\u00e3o e calor ao seu design geral, tornando-a um acr\u00e9scimo elegante a qualquer embarca\u00e7\u00e3o.<\/p>\n<p style=\"color: rgb(34, 34, 34); font-family: Arial, Helvetica, sans-serif; font-size: small;\">A unidade hidr\u00e1ulica da ponte \u00e9 projetada para operar com v\u00e1lvulas el\u00e9tricas, garantindo um desempenho suave e confi\u00e1vel durante o uso. \u00c9 especificamente projetada para ser compat\u00edvel com fontes de alimenta\u00e7\u00e3o de 12V, conforme especificado durante o processo de pedido, proporcionando a flexibilidade necess\u00e1ria para a instala\u00e7\u00e3o. Para aumentar ainda mais a conveni\u00eancia do usu\u00e1rio, um painel de controle de parede est\u00e1 inclu\u00eddo com a ponte, permitindo uma opera\u00e7\u00e3o f\u00e1cil a partir de um local fixo em sua embarca\u00e7\u00e3o. Esse recurso \u00e9 especialmente vantajoso para aqueles que preferem um meio simples e acess\u00edvel de controlar a ponte.<\/p>\n<p style=\"color: rgb(34, 34, 34); font-family: Arial, Helvetica, sans-serif; font-size: small;\">Al\u00e9m disso, um controle remoto compacto tamb\u00e9m \u00e9 fornecido, permitindo uma opera\u00e7\u00e3o sem esfor\u00e7o \u00e0 dist\u00e2ncia. Isso significa que voc\u00ea pode facilmente estender ou recolher a ponte sem precisar estar fisicamente presente no painel de controle, adicionando uma camada extra de conforto para os propriet\u00e1rios de barcos. Portanto, a Ponte Hidr\u00e1ulica Smeraldo 270 x 43 cm 12V n\u00e3o \u00e9 apenas um acess\u00f3rio funcional; \u00e9 uma solu\u00e7\u00e3o verdadeiramente amig\u00e1vel que melhora a experi\u00eancia geral de navega\u00e7\u00e3o. Com sua combina\u00e7\u00e3o de materiais de alta qualidade, caracter\u00edsticas de design pensativas e facilidade de uso, esta ponte \u00e9 um excelente investimento para qualquer propriet\u00e1rio de barco que deseja melhorar a acessibilidade e a funcionalidade de sua embarca\u00e7\u00e3o.<\/p>\n","protected":false},"excerpt":{"rendered":"<p>Passarela Hidr\u00e1ulica Smeraldo 270 x 43cm 12v &#8211; Ponte telesc\u00f3pica hidr\u00e1ulica com estrutura tubular cil\u00edndrica polida em espelho de a\u00e7o<\/p>\n","protected":false},"featured_media":5948965,"comment_status":"open","ping_status":"closed","template":"","meta":[],"product_brand":[3492],"product_cat":[1899],"product_tag":[],"class_list":{"0":"post-752266","1":"product","2":"type-product","3":"status-publish","4":"has-post-thumbnail","6":"product_brand-trem-pt","7":"product_cat-pranchas-de-embarque","9":"first","10":"outofstock","11":"shipping-taxable","12":"purchasable","13":"product-type-simple"},"_links":{"self":[{"href":"https:\/\/stoic-curie.212-227-153-4.plesk.page\/pt\/wp-json\/wp\/v2\/product\/752266","targetHints":{"allow":["GET"]}}],"collection":[{"href":"https:\/\/stoic-curie.212-227-153-4.plesk.page\/pt\/wp-json\/wp\/v2\/product"}],"about":[{"href":"https:\/\/stoic-curie.212-227-153-4.plesk.page\/pt\/wp-json\/wp\/v2\/types\/product"}],"replies":[{"embeddable":true,"href":"https:\/\/stoic-curie.212-227-153-4.plesk.page\/pt\/wp-json\/wp\/v2\/comments?post=752266"}],"version-history":[{"count":0,"href":"https:\/\/stoic-curie.212-227-153-4.plesk.page\/pt\/wp-json\/wp\/v2\/product\/752266\/revisions"}],"wp:featuredmedia":[{"embeddable":true,"href":"https:\/\/stoic-curie.212-227-153-4.plesk.page\/pt\/wp-json\/wp\/v2\/media\/5948965"}],"wp:attachment":[{"href":"https:\/\/stoic-curie.212-227-153-4.plesk.page\/pt\/wp-json\/wp\/v2\/media?parent=752266"}],"wp:term":[{"taxonomy":"product_brand","embeddable":true,"href":"https:\/\/stoic-curie.212-227-153-4.plesk.page\/pt\/wp-json\/wp\/v2\/product_brand?post=752266"},{"taxonomy":"product_cat","embeddable":true,"href":"https:\/\/stoic-curie.212-227-153-4.plesk.page\/pt\/wp-json\/wp\/v2\/product_cat?post=752266"},{"taxonomy":"product_tag","embeddable":true,"href":"https:\/\/stoic-curie.212-227-153-4.plesk.page\/pt\/wp-json\/wp\/v2\/product_tag?post=752266"}],"curies":[{"name":"wp","href":"https:\/\/api.w.org\/{rel}","templated":true}]}}