{"id":752267,"date":"2025-03-04T01:33:32","date_gmt":"2025-03-04T00:33:32","guid":{"rendered":"https:\/\/stoic-curie.212-227-153-4.plesk.page\/producto\/passarela-hidraulica-esmeraldo-270-x-43cm-24v\/"},"modified":"2026-02-25T00:28:29","modified_gmt":"2026-02-25T00:28:29","slug":"passarela-hidraulica-esmeraldo-270-x-43cm-24v","status":"publish","type":"product","link":"https:\/\/stoic-curie.212-227-153-4.plesk.page\/pt\/product\/passarela-hidraulica-esmeraldo-270-x-43cm-24v\/","title":{"rendered":"Passarela Hidr\u00e1ulica Esmeraldo 270 x 43cm 24v"},"content":{"rendered":"<p>Passarela Hidr\u00e1ulica Esmeraldo 270 x 43cm 24v &#8211; <\/p>\n<p>Passarela telesc\u00f3pica hidr\u00e1ulica com estrutura tubular de se\u00e7\u00e3o circular em a\u00e7o inoxid\u00e1vel 316L polido. Topo em Teak antiderrapante com luzes LED. Completo com unidade de controle hidr\u00e1ulica de 800W e mangueiras de 3\/8 para um sistema de 3,5 metros. Pode ser operado com controle remoto e unidade de controle eletr\u00f4nica cabeada de 10 canais ou com um painel de controle montado na parede de 127 x 87 mm. Tamb\u00e9m adequado para levantar embarca\u00e7\u00f5es at\u00e9 120 kg.\u00a0<\/p>\n<p><strong style=\"color: rgb(34, 34, 34); font-family: Arial, Helvetica, sans-serif; font-size: small;\">Passarela Hidr\u00e1ulica Smeraldo<\/strong><\/p>\n<p style=\"color: rgb(34, 34, 34); font-family: Arial, Helvetica, sans-serif; font-size: small;\">Temos o prazer de apresentar a Passarela Hidr\u00e1ulica Smeraldo, uma solu\u00e7\u00e3o hidr\u00e1ulica telesc\u00f3pica inovadora que foi meticulosamente projetada com uma estrutura circular, elaborada em a\u00e7o inoxid\u00e1vel AISI 316 de alta qualidade. Este material premium n\u00e3o s\u00f3 garante uma resist\u00eancia excepcional, como tamb\u00e9m oferece resist\u00eancia \u00e0 corros\u00e3o, tornando-o ideal para ambientes marinhos. A passarela apresenta um acabamento elegante e brilhante que melhora significativamente sua atratividade est\u00e9tica, garantindo que complemente a apar\u00eancia geral da sua embarca\u00e7\u00e3o.<\/p>\n<p style=\"color: rgb(34, 34, 34); font-family: Arial, Helvetica, sans-serif; font-size: small;\">Entre suas principais caracter\u00edsticas, a passarela \u00e9 equipada com corrim\u00e3os que incorporam um mecanismo de descida autom\u00e1tica. Este design cuidadoso permite a intercambialidade perfeita entre configura\u00e7\u00f5es direita e esquerda, adaptando-se a v\u00e1rios cen\u00e1rios de ancoragem e prefer\u00eancias dos usu\u00e1rios. Al\u00e9m disso, a passarela \u00e9 adornada com elegantes t\u00e1buas de teca, que n\u00e3o s\u00f3 contribuem para sua durabilidade, mas tamb\u00e9m adicionam um toque de sofistica\u00e7\u00e3o e calor ao design geral.<\/p>\n<p style=\"color: rgb(34, 34, 34); font-family: Arial, Helvetica, sans-serif; font-size: small;\">A unidade hidr\u00e1ulica \u00e9 projetada para operar com v\u00e1lvulas el\u00e9tricas, garantindo um funcionamento suave e confi\u00e1vel. \u00c9 compat\u00edvel com fontes de alimenta\u00e7\u00e3o de 12\/24V, conforme especificado durante o processo de pedido, permitindo flexibilidade na instala\u00e7\u00e3o. Para aumentar a conveni\u00eancia do usu\u00e1rio, um painel de controle de parede est\u00e1 inclu\u00eddo, permitindo f\u00e1cil opera\u00e7\u00e3o a partir de um local fixo. Al\u00e9m disso, um controle remoto de bolso \u00e9 fornecido, oferecendo uma facilidade de uso adicional e permitindo uma opera\u00e7\u00e3o sem esfor\u00e7o a dist\u00e2ncia, tornando a Passarela Hidr\u00e1ulica Smeraldo uma solu\u00e7\u00e3o realmente amig\u00e1vel para os propriet\u00e1rios de barcos.<\/p>\n","protected":false},"excerpt":{"rendered":"<p>Passarela Hidr\u00e1ulica Esmeraldo 270 x 43cm 24v &#8211; Passarela telesc\u00f3pica hidr\u00e1ulica com estrutura tubular de se\u00e7\u00e3o circular em a\u00e7o inoxid\u00e1vel<\/p>\n","protected":false},"featured_media":5948965,"comment_status":"open","ping_status":"closed","template":"","meta":[],"product_brand":[3492],"product_cat":[1899],"product_tag":[],"class_list":{"0":"post-752267","1":"product","2":"type-product","3":"status-publish","4":"has-post-thumbnail","6":"product_brand-trem-pt","7":"product_cat-pranchas-de-embarque","9":"first","10":"instock","11":"shipping-taxable","12":"purchasable","13":"product-type-simple"},"_links":{"self":[{"href":"https:\/\/stoic-curie.212-227-153-4.plesk.page\/pt\/wp-json\/wp\/v2\/product\/752267","targetHints":{"allow":["GET"]}}],"collection":[{"href":"https:\/\/stoic-curie.212-227-153-4.plesk.page\/pt\/wp-json\/wp\/v2\/product"}],"about":[{"href":"https:\/\/stoic-curie.212-227-153-4.plesk.page\/pt\/wp-json\/wp\/v2\/types\/product"}],"replies":[{"embeddable":true,"href":"https:\/\/stoic-curie.212-227-153-4.plesk.page\/pt\/wp-json\/wp\/v2\/comments?post=752267"}],"version-history":[{"count":0,"href":"https:\/\/stoic-curie.212-227-153-4.plesk.page\/pt\/wp-json\/wp\/v2\/product\/752267\/revisions"}],"wp:featuredmedia":[{"embeddable":true,"href":"https:\/\/stoic-curie.212-227-153-4.plesk.page\/pt\/wp-json\/wp\/v2\/media\/5948965"}],"wp:attachment":[{"href":"https:\/\/stoic-curie.212-227-153-4.plesk.page\/pt\/wp-json\/wp\/v2\/media?parent=752267"}],"wp:term":[{"taxonomy":"product_brand","embeddable":true,"href":"https:\/\/stoic-curie.212-227-153-4.plesk.page\/pt\/wp-json\/wp\/v2\/product_brand?post=752267"},{"taxonomy":"product_cat","embeddable":true,"href":"https:\/\/stoic-curie.212-227-153-4.plesk.page\/pt\/wp-json\/wp\/v2\/product_cat?post=752267"},{"taxonomy":"product_tag","embeddable":true,"href":"https:\/\/stoic-curie.212-227-153-4.plesk.page\/pt\/wp-json\/wp\/v2\/product_tag?post=752267"}],"curies":[{"name":"wp","href":"https:\/\/api.w.org\/{rel}","templated":true}]}}