{"id":752275,"date":"2025-03-04T01:33:36","date_gmt":"2025-03-04T00:33:36","guid":{"rendered":"https:\/\/stoic-curie.212-227-153-4.plesk.page\/producto\/deposito-de-aguas-residuais-iso-8099-53lt-12v\/"},"modified":"2026-02-25T00:28:29","modified_gmt":"2026-02-25T00:28:29","slug":"deposito-de-aguas-residuais-iso-8099-53lt-12v","status":"publish","type":"product","link":"https:\/\/stoic-curie.212-227-153-4.plesk.page\/pt\/product\/deposito-de-aguas-residuais-iso-8099-53lt-12v\/","title":{"rendered":"Dep\u00f3sito de \u00c1guas Residuais ISO 8099 53lt 12v"},"content":{"rendered":"<p>Dep\u00f3sito de \u00c1guas Residuais ISO 8099 53lt 12v &#8211; <\/p>\n<p>Tanque de esgoto\/res\u00edduos em polietileno, conforme a norma ISO8099, com bomba maceradora para esvaziamento. Completo com tamp\u00e3o de inspe\u00e7\u00e3o de 10 buracos com tr\u00eas conex\u00f5es roscadas de 1&#8243;1\/2, uma conex\u00e3o roscada de 1\/2&#8243;, tubo de mergulho, tampa, duas conex\u00f5es girat\u00f3rias de 38 mm com porca de anel de 1&#8243;1\/2, conector de mangueira de 20 mm com rosca de 1\/2&#8243;, ventila\u00e7\u00e3o roscada de 1&#8243; com conex\u00e3o de mangueira de 16\/18 mm, filtro de carv\u00e3o ativado com conex\u00f5es de 16\/19\/25 mm, sensor de n\u00edvel do tipo VDO de tr\u00eas pontos quase cheio\/cheio com 5 buracos e painel de controle de n\u00edvel com LED com cabo de 2,4 m. Altura da bomba acima do tanque 100 mm.<\/p>\n","protected":false},"excerpt":{"rendered":"<p>Dep\u00f3sito de \u00c1guas Residuais ISO 8099 53lt 12v &#8211; Tanque de esgoto\/res\u00edduos em polietileno, conforme a norma ISO8099, com bomba<\/p>\n","protected":false},"featured_media":5947401,"comment_status":"open","ping_status":"closed","template":"","meta":[],"product_brand":[3142],"product_cat":[1936],"product_tag":[],"class_list":{"0":"post-752275","1":"product","2":"type-product","3":"status-publish","4":"has-post-thumbnail","6":"product_brand-matromarine-pt","7":"product_cat-tanques-de-aguas-residuais","9":"first","10":"instock","11":"shipping-taxable","12":"purchasable","13":"product-type-simple"},"_links":{"self":[{"href":"https:\/\/stoic-curie.212-227-153-4.plesk.page\/pt\/wp-json\/wp\/v2\/product\/752275","targetHints":{"allow":["GET"]}}],"collection":[{"href":"https:\/\/stoic-curie.212-227-153-4.plesk.page\/pt\/wp-json\/wp\/v2\/product"}],"about":[{"href":"https:\/\/stoic-curie.212-227-153-4.plesk.page\/pt\/wp-json\/wp\/v2\/types\/product"}],"replies":[{"embeddable":true,"href":"https:\/\/stoic-curie.212-227-153-4.plesk.page\/pt\/wp-json\/wp\/v2\/comments?post=752275"}],"version-history":[{"count":0,"href":"https:\/\/stoic-curie.212-227-153-4.plesk.page\/pt\/wp-json\/wp\/v2\/product\/752275\/revisions"}],"wp:featuredmedia":[{"embeddable":true,"href":"https:\/\/stoic-curie.212-227-153-4.plesk.page\/pt\/wp-json\/wp\/v2\/media\/5947401"}],"wp:attachment":[{"href":"https:\/\/stoic-curie.212-227-153-4.plesk.page\/pt\/wp-json\/wp\/v2\/media?parent=752275"}],"wp:term":[{"taxonomy":"product_brand","embeddable":true,"href":"https:\/\/stoic-curie.212-227-153-4.plesk.page\/pt\/wp-json\/wp\/v2\/product_brand?post=752275"},{"taxonomy":"product_cat","embeddable":true,"href":"https:\/\/stoic-curie.212-227-153-4.plesk.page\/pt\/wp-json\/wp\/v2\/product_cat?post=752275"},{"taxonomy":"product_tag","embeddable":true,"href":"https:\/\/stoic-curie.212-227-153-4.plesk.page\/pt\/wp-json\/wp\/v2\/product_tag?post=752275"}],"curies":[{"name":"wp","href":"https:\/\/api.w.org\/{rel}","templated":true}]}}