{"id":752277,"date":"2025-03-04T01:33:36","date_gmt":"2025-03-04T00:33:36","guid":{"rendered":"https:\/\/stoic-curie.212-227-153-4.plesk.page\/producto\/johnson-aqua-void-ultima-combo-500gph-12v\/"},"modified":"2026-02-25T00:28:29","modified_gmt":"2026-02-25T00:28:29","slug":"johnson-aqua-void-ultima-combo-500gph-12v","status":"publish","type":"product","link":"https:\/\/stoic-curie.212-227-153-4.plesk.page\/pt\/product\/johnson-aqua-void-ultima-combo-500gph-12v\/","title":{"rendered":"Johnson Aqua Void Ultima Combo 500GPH 12v"},"content":{"rendered":"<p>Johnson Aqua Void Ultima Combo 500GPH 12v &#8211; <\/p>\n<p>Bomba submers\u00edvel autom\u00e1tica Johnson Aqua Void de qualidade superior e durabilidade, com base e cabe\u00e7a destac\u00e1veis para f\u00e1cil limpeza. Completa com interruptor eletr\u00f4nico Ultima que ativa e desativa automaticamente a bomba quando h\u00e1 presen\u00e7a de \u00e1gua na por\u00e7\u00e3o da bilge. Com veda\u00e7\u00e3o de cabo \u00e0 prova d&#8217;\u00e1gua, fus\u00edveis sobressalentes e conector Deutsch para desconex\u00e3o r\u00e1pida da rede durante a manuten\u00e7\u00e3o. Corpo termoest\u00e1vel com motor selado refrigerado por \u00e1gua e eixo de a\u00e7o inoxid\u00e1vel. Porta roscada de 3\/4 com conex\u00f5es de mangueira retas e em \u00e2ngulo ajust\u00e1veis de 20 mm, incluindo juntas e v\u00e1lvula de reten\u00e7\u00e3o. Dimens\u00f5es da bomba 75 x 168 x H120 mm.<\/p>\n","protected":false},"excerpt":{"rendered":"<p>Johnson Aqua Void Ultima Combo 500GPH 12v &#8211; Bomba submers\u00edvel autom\u00e1tica Johnson Aqua Void de qualidade superior e durabilidade, com<\/p>\n","protected":false},"featured_media":5948977,"comment_status":"open","ping_status":"closed","template":"","meta":[],"product_brand":[3047],"product_cat":[1946],"product_tag":[],"class_list":{"0":"post-752277","1":"product","2":"type-product","3":"status-publish","4":"has-post-thumbnail","6":"product_brand-johnson-marine-pt","7":"product_cat-bombas-eletricas-de-fundo","9":"first","10":"instock","11":"shipping-taxable","12":"purchasable","13":"product-type-simple"},"_links":{"self":[{"href":"https:\/\/stoic-curie.212-227-153-4.plesk.page\/pt\/wp-json\/wp\/v2\/product\/752277","targetHints":{"allow":["GET"]}}],"collection":[{"href":"https:\/\/stoic-curie.212-227-153-4.plesk.page\/pt\/wp-json\/wp\/v2\/product"}],"about":[{"href":"https:\/\/stoic-curie.212-227-153-4.plesk.page\/pt\/wp-json\/wp\/v2\/types\/product"}],"replies":[{"embeddable":true,"href":"https:\/\/stoic-curie.212-227-153-4.plesk.page\/pt\/wp-json\/wp\/v2\/comments?post=752277"}],"version-history":[{"count":0,"href":"https:\/\/stoic-curie.212-227-153-4.plesk.page\/pt\/wp-json\/wp\/v2\/product\/752277\/revisions"}],"wp:featuredmedia":[{"embeddable":true,"href":"https:\/\/stoic-curie.212-227-153-4.plesk.page\/pt\/wp-json\/wp\/v2\/media\/5948977"}],"wp:attachment":[{"href":"https:\/\/stoic-curie.212-227-153-4.plesk.page\/pt\/wp-json\/wp\/v2\/media?parent=752277"}],"wp:term":[{"taxonomy":"product_brand","embeddable":true,"href":"https:\/\/stoic-curie.212-227-153-4.plesk.page\/pt\/wp-json\/wp\/v2\/product_brand?post=752277"},{"taxonomy":"product_cat","embeddable":true,"href":"https:\/\/stoic-curie.212-227-153-4.plesk.page\/pt\/wp-json\/wp\/v2\/product_cat?post=752277"},{"taxonomy":"product_tag","embeddable":true,"href":"https:\/\/stoic-curie.212-227-153-4.plesk.page\/pt\/wp-json\/wp\/v2\/product_tag?post=752277"}],"curies":[{"name":"wp","href":"https:\/\/api.w.org\/{rel}","templated":true}]}}