{"id":752278,"date":"2025-03-04T01:33:37","date_gmt":"2025-03-04T00:33:37","guid":{"rendered":"https:\/\/stoic-curie.212-227-153-4.plesk.page\/producto\/compresor-de-ar-sobressalente-marco-12v\/"},"modified":"2026-02-25T00:28:29","modified_gmt":"2026-02-25T00:28:29","slug":"compresor-de-ar-sobressalente-marco-12v","status":"publish","type":"product","link":"https:\/\/stoic-curie.212-227-153-4.plesk.page\/pt\/product\/compresor-de-ar-sobressalente-marco-12v\/","title":{"rendered":"Compresor de ar Marco M3 12v"},"content":{"rendered":"<p>Compresor de ar Marco M3 12v &#8211; <\/p>\n<p style=\"color: rgb(34, 34, 34); font-family: Arial, Helvetica, sans-serif; font-size: small;\">Temos o prazer de apresentar o Compressor M3 AISI 304, um compressor el\u00e9trico compacto equipado com um tanque de 8 litros feito de a\u00e7o inoxid\u00e1vel AISI 304 de alta qualidade. Este compressor confi\u00e1vel opera com uma press\u00e3o de trabalho de 8 bar e fornece uma taxa de fluxo de ar de 47 litros por minuto.<\/p>\n<p style=\"color: rgb(34, 34, 34); font-family: Arial, Helvetica, sans-serif; font-size: small;\">Este compressor de ar \u00e9 ideal para acionar sirenes autorizadas para barcos com comprimentos entre 20 e 75 metros, especificamente os modelos K341 e K348, al\u00e9m de atender a v\u00e1rias exig\u00eancias de ar a bordo.<\/p>\n<p style=\"color: rgb(34, 34, 34); font-family: Arial, Helvetica, sans-serif; font-size: small;\"><strong>Especifica\u00e7\u00f5es:<\/strong><\/p>\n<ul style=\"color: rgb(34, 34, 34); font-family: Arial, Helvetica, sans-serif; font-size: small;\">\n<li><strong>Press\u00e3o:<\/strong>&nbsp;8 bar<\/li>\n<li><strong>Taxa de Fluxo:<\/strong>&nbsp;47 litros\/min<\/li>\n<li><strong>Capacidade do Tanque:<\/strong>&nbsp;8 litros<\/li>\n<li><strong>Poder:<\/strong>&nbsp;380 watts<\/li>\n<li><strong>Dimens\u00f5es:<\/strong>&nbsp;390 x 230 x 380 mm<\/li>\n<li><strong>Peso:<\/strong>&nbsp;9 kg<\/li>\n<li><strong>Classifica\u00e7\u00e3o de Prote\u00e7\u00e3o:<\/strong>&nbsp;IP54<\/li>\n<li><strong>Di\u00e2metro da Mangueira:<\/strong>&nbsp;8\/6 mm<\/li>\n<li><strong>Fus\u00edvel Necess\u00e1rio:<\/strong>&nbsp;10A<\/li>\n<\/ul>\n<p style=\"color: rgb(34, 34, 34); font-family: Arial, Helvetica, sans-serif; font-size: small;\">O Compressor M3 \u00e9 compacto, leve e opera de forma silenciosa, gra\u00e7as aos seus quatro p\u00e9s de borracha que proporcionam estabilidade. Ele tamb\u00e9m possui uma pr\u00e1tica al\u00e7a de transporte para facilitar a locomo\u00e7\u00e3o. O compressor vem equipado com um man\u00f4metro e uma v\u00e1lvula de descarga de condensados, tornando-o adequado para sistemas de sinaliza\u00e7\u00e3o sonora e outras aplica\u00e7\u00f5es de ar comprimido a bordo.<\/p>\n<p style=\"color: rgb(34, 34, 34); font-family: Arial, Helvetica, sans-serif; font-size: small;\">Este modelo est\u00e1 dispon\u00edvel para fontes de alimenta\u00e7\u00e3o a bordo de 12V e 24V. A pot\u00eancia do motor \u00e9 de 240 watts, e ele pode alcan\u00e7ar uma press\u00e3o de trabalho de at\u00e9 8 bar, com uma capacidade de enchimento de aproximadamente 47 litros de ar por minuto.<\/p>\n","protected":false},"excerpt":{"rendered":"<p>Compresor de ar Marco M3 12v &#8211; Temos o prazer de apresentar o Compressor M3 AISI 304, um compressor el\u00e9trico<\/p>\n","protected":false},"featured_media":5948979,"comment_status":"open","ping_status":"closed","template":"","meta":[],"product_brand":[3097],"product_cat":[2034],"product_tag":[],"class_list":{"0":"post-752278","1":"product","2":"type-product","3":"status-publish","4":"has-post-thumbnail","6":"product_brand-marco-pt","7":"product_cat-buzinas","9":"first","10":"instock","11":"shipping-taxable","12":"purchasable","13":"product-type-simple"},"_links":{"self":[{"href":"https:\/\/stoic-curie.212-227-153-4.plesk.page\/pt\/wp-json\/wp\/v2\/product\/752278","targetHints":{"allow":["GET"]}}],"collection":[{"href":"https:\/\/stoic-curie.212-227-153-4.plesk.page\/pt\/wp-json\/wp\/v2\/product"}],"about":[{"href":"https:\/\/stoic-curie.212-227-153-4.plesk.page\/pt\/wp-json\/wp\/v2\/types\/product"}],"replies":[{"embeddable":true,"href":"https:\/\/stoic-curie.212-227-153-4.plesk.page\/pt\/wp-json\/wp\/v2\/comments?post=752278"}],"version-history":[{"count":0,"href":"https:\/\/stoic-curie.212-227-153-4.plesk.page\/pt\/wp-json\/wp\/v2\/product\/752278\/revisions"}],"wp:featuredmedia":[{"embeddable":true,"href":"https:\/\/stoic-curie.212-227-153-4.plesk.page\/pt\/wp-json\/wp\/v2\/media\/5948979"}],"wp:attachment":[{"href":"https:\/\/stoic-curie.212-227-153-4.plesk.page\/pt\/wp-json\/wp\/v2\/media?parent=752278"}],"wp:term":[{"taxonomy":"product_brand","embeddable":true,"href":"https:\/\/stoic-curie.212-227-153-4.plesk.page\/pt\/wp-json\/wp\/v2\/product_brand?post=752278"},{"taxonomy":"product_cat","embeddable":true,"href":"https:\/\/stoic-curie.212-227-153-4.plesk.page\/pt\/wp-json\/wp\/v2\/product_cat?post=752278"},{"taxonomy":"product_tag","embeddable":true,"href":"https:\/\/stoic-curie.212-227-153-4.plesk.page\/pt\/wp-json\/wp\/v2\/product_tag?post=752278"}],"curies":[{"name":"wp","href":"https:\/\/api.w.org\/{rel}","templated":true}]}}