{"id":752279,"date":"2025-03-04T01:33:37","date_gmt":"2025-03-04T00:33:37","guid":{"rendered":"https:\/\/stoic-curie.212-227-153-4.plesk.page\/producto\/compresor-de-ar-sobressalente-marco-24v\/"},"modified":"2026-02-25T00:28:29","modified_gmt":"2026-02-25T00:28:29","slug":"compresor-de-ar-sobressalente-marco-24v","status":"publish","type":"product","link":"https:\/\/stoic-curie.212-227-153-4.plesk.page\/pt\/product\/compresor-de-ar-sobressalente-marco-24v\/","title":{"rendered":"Compresor de ar Marco M3 24v"},"content":{"rendered":"<p>Compresor de ar Marco M3 24v &#8211; <\/p>\n<p>Estamos empolgados em apresentar o Compressor de Ar M3 AISI 304, um compressor el\u00e9trico compacto que inclui um tanque de 8 litros feito de a\u00e7o inoxid\u00e1vel AISI 304 de alta qualidade. Este compressor confi\u00e1vel funciona com uma press\u00e3o de trabalho de 8 bar e fornece uma taxa de fluxo de ar de 47 litros por minuto.<\/p>\n<p>Este compressor de ar \u00e9 perfeito para operar buzinas aprovadas em barcos medindo entre 20 a 75 metros, especialmente os modelos K341 e K348, ao mesmo tempo em que atende a diversas necessidades de ar a bordo.<\/p>\n<p><strong>Especifica\u00e7\u00f5es:<\/strong><\/p>\n<ul>\n<li><strong>Press\u00e3o:<\/strong> 8 bar<\/li>\n<li><strong>Taxa de Fluxo:<\/strong> 47 litros\/min<\/li>\n<li><strong>Capacidade do Tanque:<\/strong> 8 litros<\/li>\n<li><strong>Pot\u00eancia:<\/strong> 380 watts<\/li>\n<li><strong>Dimens\u00f5es:<\/strong> 390 x 230 x 380 mm<\/li>\n<li><strong>Peso:<\/strong> 9 kg<\/li>\n<li><strong>Classifica\u00e7\u00e3o de Prote\u00e7\u00e3o:<\/strong> IP54<\/li>\n<li><strong>Di\u00e2metro da Mangueira:<\/strong> 8\/6 mm<\/li>\n<li><strong>Fus\u00edvel Necess\u00e1rio:<\/strong> 10A<\/li>\n<\/ul>\n<p>O Compressor M3 foi projetado para ser compacto e leve, operando de forma silenciosa gra\u00e7as aos seus quatro p\u00e9s de borracha que garantem estabilidade. Ele tamb\u00e9m inclui uma al\u00e7a de transporte conveniente para facilitar o deslocamento. Adicionalmente, o compressor vem com um man\u00f4metro e uma v\u00e1lvula de drenagem de condensado, tornando-o ideal para sistemas de sinaliza\u00e7\u00e3o sonora e outras utiliza\u00e7\u00f5es de ar comprimido a bordo.<\/p>\n<p>Este modelo est\u00e1 dispon\u00edvel para fontes de alimenta\u00e7\u00e3o de 12V e 24V a bordo. A pot\u00eancia do motor \u00e9 de 240 watts, e ele pode alcan\u00e7ar uma press\u00e3o de opera\u00e7\u00e3o de at\u00e9 8 bar, com uma capacidade de enchimento de cerca de 47 litros de ar por minuto.<\/p>\n","protected":false},"excerpt":{"rendered":"<p>Compresor de ar Marco M3 24v &#8211; Estamos empolgados em apresentar o Compressor de Ar M3 AISI 304, um compressor<\/p>\n","protected":false},"featured_media":5948979,"comment_status":"open","ping_status":"closed","template":"","meta":[],"product_brand":[3097],"product_cat":[2034],"product_tag":[],"class_list":{"0":"post-752279","1":"product","2":"type-product","3":"status-publish","4":"has-post-thumbnail","6":"product_brand-marco-pt","7":"product_cat-buzinas","9":"first","10":"instock","11":"shipping-taxable","12":"purchasable","13":"product-type-simple"},"_links":{"self":[{"href":"https:\/\/stoic-curie.212-227-153-4.plesk.page\/pt\/wp-json\/wp\/v2\/product\/752279","targetHints":{"allow":["GET"]}}],"collection":[{"href":"https:\/\/stoic-curie.212-227-153-4.plesk.page\/pt\/wp-json\/wp\/v2\/product"}],"about":[{"href":"https:\/\/stoic-curie.212-227-153-4.plesk.page\/pt\/wp-json\/wp\/v2\/types\/product"}],"replies":[{"embeddable":true,"href":"https:\/\/stoic-curie.212-227-153-4.plesk.page\/pt\/wp-json\/wp\/v2\/comments?post=752279"}],"version-history":[{"count":0,"href":"https:\/\/stoic-curie.212-227-153-4.plesk.page\/pt\/wp-json\/wp\/v2\/product\/752279\/revisions"}],"wp:featuredmedia":[{"embeddable":true,"href":"https:\/\/stoic-curie.212-227-153-4.plesk.page\/pt\/wp-json\/wp\/v2\/media\/5948979"}],"wp:attachment":[{"href":"https:\/\/stoic-curie.212-227-153-4.plesk.page\/pt\/wp-json\/wp\/v2\/media?parent=752279"}],"wp:term":[{"taxonomy":"product_brand","embeddable":true,"href":"https:\/\/stoic-curie.212-227-153-4.plesk.page\/pt\/wp-json\/wp\/v2\/product_brand?post=752279"},{"taxonomy":"product_cat","embeddable":true,"href":"https:\/\/stoic-curie.212-227-153-4.plesk.page\/pt\/wp-json\/wp\/v2\/product_cat?post=752279"},{"taxonomy":"product_tag","embeddable":true,"href":"https:\/\/stoic-curie.212-227-153-4.plesk.page\/pt\/wp-json\/wp\/v2\/product_tag?post=752279"}],"curies":[{"name":"wp","href":"https:\/\/api.w.org\/{rel}","templated":true}]}}