{"id":752282,"date":"2025-03-04T01:33:38","date_gmt":"2025-03-04T00:33:38","guid":{"rendered":"https:\/\/stoic-curie.212-227-153-4.plesk.page\/producto\/garmin-gpsmap-723xsv\/"},"modified":"2026-02-25T00:28:29","modified_gmt":"2026-02-25T00:28:29","slug":"garmin-gpsmap-723xsv","status":"publish","type":"product","link":"https:\/\/stoic-curie.212-227-153-4.plesk.page\/pt\/product\/garmin-gpsmap-723xsv\/","title":{"rendered":"Garmin GPSMAP 723xsv"},"content":{"rendered":"<p>Garmin GPSMAP 723xsv &#8211; <\/p>\n<p>Os plotters Garmin GPSMAP 723xsv s\u00e3o equipados com um display sens\u00edvel ao toque colorido de 7 polegadas e incluem um mapa base mundial. Este modelo possui um sistema GPS\/GLONASS interno de alta sensibilidade de 10Hz que atualiza sua posi\u00e7\u00e3o e dire\u00e7\u00e3o dez vezes por segundo. Voc\u00ea tamb\u00e9m pode conectar seu smartphone ou tablet usando o aplicativo ActiveCaptain e Wi-Fi.<\/p>\n<p>Apenas o modelo Garmin GPSMAP 723xsv inclui Garmin CHIRP SideVu, CHIRP ClearVu e sonar tradicional CHIRP. Para utilizar os recursos do sonar, voc\u00ea precisar\u00e1 do modelo 723xsv.<\/p>\n<p>Tanto o Garmin GPSMAP 723 quanto o 723xsv j\u00e1 v\u00eam com um mapa base mundial. Voc\u00ea tamb\u00e9m pode comprar cartas n\u00e1uticas adicionais detalhadas Garmin BlueChart g3 em um cart\u00e3o microSD\/SD pr\u00e9-programado da ActiveGPS. Os mapas mais recentes, conhecidos como BlueChart g3 Vision, oferecem recursos premium, como imagens de sat\u00e9lite de alta resolu\u00e7\u00e3o de portos e enseadas, guia autom\u00e1tico, MarinerEye para informa\u00e7\u00f5es em 3D acima da linha d&#8217;\u00e1gua e FishEye para informa\u00e7\u00f5es em 3D abaixo da linha d&#8217;\u00e1gua.<\/p>\n<p>Os recursos de sonar integrados s\u00e3o padr\u00e3o somente no modelo Garmin GPSMAP 723xsv, que inclui Garmin CHIRP SideVu, CHIRP ClearVu e sonar tradicional CHIRP. Todos os tr\u00eas plotters Garmin GPSMAP 723 tamb\u00e9m suportam sonar Panoptix, sonar premium Garmin e uma variedade de transdutores (vendidos separadamente). Se voc\u00ea comprar o Garmin GPSMAP 723 (sem sonar), poder\u00e1 adicionar recursos de sonar posteriormente, comprando uma caixa preta externa Garmin.<\/p>\n<p><strong>Sonar de Escaneamento Ultra Alta Defini\u00e7\u00e3o (somente modelo Garmin GPSMAP 723xsv)<\/strong><\/p>\n<p>O modelo Garmin GPSMAP 723xsv possui sonares de escaneamento Ultra Alta Defini\u00e7\u00e3o SideVu e ClearVu integrados, que fornecem paletas de cores v\u00edvidas e de alto contraste para ajud\u00e1-lo a distinguir peixes de estruturas quando emparelhados com um transdutor Garmin compat\u00edvel. O GPSMAP 723xsv tamb\u00e9m suporta capacidades de sonar tradicional CHIRP de 1kW.<\/p>\n<ul>\n<li>Sonar com dupla frequ\u00eancia (50\/200 kHz)<\/li>\n<li>Sonar com feixe duplo (77\/200 kHz)<\/li>\n<\/ul>\n<p>Os plotters Garmin GPSMAP 723xsv suportam as seguintes frequ\u00eancias:<\/p>\n<ul>\n<li>Tradicional: 50\/77\/83\/200 kHz<\/li>\n<li>CHIRP (baixo, m\u00e9dio, alto)<\/li>\n<li>ClearVu (260\/455\/800 kHz)<\/li>\n<li>SideVu (260\/455\/800 kHz)<\/li>\n<li>UHD ClearVu\/SideVu (800\/1000\/1200 kHz) (dependendo do transdutor)<\/li>\n<\/ul>\n<p>Para encontrar o transdutor adequado para o seu GPSMAP 723xsv e seu barco, por favor, preencha nosso formul\u00e1rio online de transdutores. Se voc\u00ea j\u00e1 sabe qual transdutor precisa (embora recomendamos usar nosso formul\u00e1rio online para a melhor correspond\u00eancia), pode ver toda a gama de transdutores dispon\u00edveis para compra na ActiveGPS. Abaixo, voc\u00ea pode ver exemplos de transdutores montados na popa, atrav\u00e9s do casco e dentro do casco.<\/p>\n<p>O plotter atualiza sua dire\u00e7\u00e3o e posi\u00e7\u00e3o na tela dez vezes por segundo, permitindo uma visualiza\u00e7\u00e3o suave da posi\u00e7\u00e3o GPS do seu barco ou iate. Possui um receptor GPS e GLONASS de 10Hz, r\u00e1pido e sens\u00edvel. O GPSMAP 723 tamb\u00e9m inclui conectividade NMEA 2000 e NMEA 0183.<\/p>\n<p>Com Wi-Fi integrado, voc\u00ea pode controlar o plotter Garmin usando o aplicativo BlueChart Mobile 2.0 ou o aplicativo Garmin ActiveCaptain. Essa conectividade permite o acesso ao recurso OneChart, notifica\u00e7\u00f5es inteligentes, atualiza\u00e7\u00f5es de software, Garmin Helm, dados da comunidade Garmin Quickdraw e muito mais.<\/p>\n<p>Os recursos de navega\u00e7\u00e3o Garmin SailAssist permitem que voc\u00ea visualize laylines, diretrizes de in\u00edcio de corrida, uma rosa dos ventos aprimorada, linhas de rumo e de rumo sobre o solo, campos de dados de vento real, deslizadores de mar\u00e9\/corrente\/tempo, \u00e2ngulo do vento, derivada, velocidade do vento e mais.<\/p>\n<p>A conectividade ANT integrada permite conectar-se a alguns dos seus dispositivos favoritos, como o rel\u00f3gio marinho Garmin quatix 5, transdutores Garmin gWind Wireless 2, instrumentos n\u00e1uticos Garmin GNX Wind e controles remotos sem fio, como o dispositivo de entrada remoto Garmin GRID 20.<\/p>\n<p>Os modelos Garmin GPSMAP 723\/723xsv apresentam conectividade J1939, permitindo conectar o plotter a diversos motores, incluindo motores Yamaha. Al\u00e9m disso, os modelos Garmin GPSMAP 723 incluem OneHelm, um recurso exclusivo que consolida as opera\u00e7\u00f5es e capacidades de dispositivos de terceiros, como a comuta\u00e7\u00e3o digital EmpirBus, em uma \u00fanica tela.<\/p>\n","protected":false},"excerpt":{"rendered":"<p>Garmin GPSMAP 723xsv &#8211; Os plotters Garmin GPSMAP 723xsv s\u00e3o equipados com um display sens\u00edvel ao toque colorido de 7<\/p>\n","protected":false},"featured_media":5948991,"comment_status":"open","ping_status":"closed","template":"","meta":[],"product_brand":[2972],"product_cat":[2031],"product_tag":[],"class_list":{"0":"post-752282","1":"product","2":"type-product","3":"status-publish","4":"has-post-thumbnail","6":"product_brand-garmin-pt","7":"product_cat-equipamento-eletronico","9":"first","10":"instock","11":"shipping-taxable","12":"purchasable","13":"product-type-simple"},"_links":{"self":[{"href":"https:\/\/stoic-curie.212-227-153-4.plesk.page\/pt\/wp-json\/wp\/v2\/product\/752282","targetHints":{"allow":["GET"]}}],"collection":[{"href":"https:\/\/stoic-curie.212-227-153-4.plesk.page\/pt\/wp-json\/wp\/v2\/product"}],"about":[{"href":"https:\/\/stoic-curie.212-227-153-4.plesk.page\/pt\/wp-json\/wp\/v2\/types\/product"}],"replies":[{"embeddable":true,"href":"https:\/\/stoic-curie.212-227-153-4.plesk.page\/pt\/wp-json\/wp\/v2\/comments?post=752282"}],"version-history":[{"count":0,"href":"https:\/\/stoic-curie.212-227-153-4.plesk.page\/pt\/wp-json\/wp\/v2\/product\/752282\/revisions"}],"wp:featuredmedia":[{"embeddable":true,"href":"https:\/\/stoic-curie.212-227-153-4.plesk.page\/pt\/wp-json\/wp\/v2\/media\/5948991"}],"wp:attachment":[{"href":"https:\/\/stoic-curie.212-227-153-4.plesk.page\/pt\/wp-json\/wp\/v2\/media?parent=752282"}],"wp:term":[{"taxonomy":"product_brand","embeddable":true,"href":"https:\/\/stoic-curie.212-227-153-4.plesk.page\/pt\/wp-json\/wp\/v2\/product_brand?post=752282"},{"taxonomy":"product_cat","embeddable":true,"href":"https:\/\/stoic-curie.212-227-153-4.plesk.page\/pt\/wp-json\/wp\/v2\/product_cat?post=752282"},{"taxonomy":"product_tag","embeddable":true,"href":"https:\/\/stoic-curie.212-227-153-4.plesk.page\/pt\/wp-json\/wp\/v2\/product_tag?post=752282"}],"curies":[{"name":"wp","href":"https:\/\/api.w.org\/{rel}","templated":true}]}}