{"id":752283,"date":"2025-03-04T01:33:39","date_gmt":"2025-03-04T00:33:39","guid":{"rendered":"https:\/\/stoic-curie.212-227-153-4.plesk.page\/producto\/raymarine-axiom-7\/"},"modified":"2026-02-25T00:28:29","modified_gmt":"2026-02-25T00:28:29","slug":"raymarine-axiom-7","status":"publish","type":"product","link":"https:\/\/stoic-curie.212-227-153-4.plesk.page\/pt\/product\/raymarine-axiom-7\/","title":{"rendered":"Raymarine Axiom+ 7"},"content":{"rendered":"<p>Raymarine Axiom+ 7 &#8211; <\/p>\n<p style=\"color: rgb(34, 34, 34); font-family: Arial, Helvetica, sans-serif; font-size: small;\">O Raymarine Axiom 7 Plus \u00e9 um display multifuncional (MFD) de 7 polegadas que apresenta um poderoso processador quad-core, garantindo rapidez e efici\u00eancia. Isso permite que voc\u00ea redesenhe gr\u00e1ficos e navegue usando realidade aumentada com facilidade. A tela IPS de alta resolu\u00e7\u00e3o oferece 25% mais brilho, melhorando a visibilidade em diversas condi\u00e7\u00f5es de ilumina\u00e7\u00e3o. Observe que n\u00e3o s\u00e3o inclu\u00eddos gr\u00e1ficos ou transdutores com este dispositivo.<\/p>\n<p style=\"color: rgb(34, 34, 34); font-family: Arial, Helvetica, sans-serif; font-size: small;\">O chartplotter Axiom+ conta com uma tela sens\u00edvel ao toque avan\u00e7ada, com vidro colado IPS, que oferece contraste aprimorado e \u00e9 claramente vis\u00edvel de todos os \u00e2ngulos, mesmo sob luz solar intensa. O novo processador quad-core, combinado com a interface LightHouse 3, aumenta a velocidade e o desempenho. Inclui uma antena GPS integrada de 10Hz, Wi-Fi, Bluetooth, conectividade NMEA2000, uma porta micro USB e um slot para micro SD. Este dispositivo \u00e9 compat\u00edvel com os gr\u00e1ficos Lighthouse, Navionics Gold, Platinum e cartografia C-MAP. Ele tamb\u00e9m vem com uma capa para a tela, cabo de alimenta\u00e7\u00e3o\/dados e um kit de suporte\/montagem embutido.<\/p>\n<p style=\"color: rgb(34, 34, 34); font-family: Arial, Helvetica, sans-serif; font-size: small;\">O Raymarine Axiom Plus representa a \u00faltima gera\u00e7\u00e3o de displays multifuncionais premiados. \u00c9 otimizado para velocidade e equipado com um poderoso processador quad-core, permitindo um redesenho cont\u00ednuo de gr\u00e1ficos e navega\u00e7\u00e3o em realidade aumentada. A tecnologia de display IPS aprimorada proporciona cores e clareza impressionantes, com paletas de cores diurna\/noturna para melhor visibilidade em qualquer condi\u00e7\u00e3o de ilumina\u00e7\u00e3o. O Axiom Plus apresenta o sistema operacional user-friendly LightHouse 3, que \u00e9 o OS MFD da Raymarine mais poderoso e f\u00e1cil de usar at\u00e9 hoje.<\/p>\n<p style=\"color: rgb(34, 34, 34); font-family: Arial, Helvetica, sans-serif; font-size: small;\">Este chartplotter \u00e9 expans\u00edvel, permitindo que voc\u00ea amplie suas capacidades conforme necess\u00e1rio. Ele suporta uma ampla gama de acess\u00f3rios Raymarine, incluindo radar Quantum, Sonar CHIRP, c\u00e2meras t\u00e9rmicas FLIR, integra\u00e7\u00e3o de \u00e1udio, instrumentos, c\u00e2meras e piloto autom\u00e1tico Evolution. A conectividade padr\u00e3o Wi-Fi e Bluetooth permite que voc\u00ea se conecte aos mais recentes aplicativos Raymarine para tablets e smartphones.<\/p>\n<p style=\"color: rgb(34, 34, 34); font-family: Arial, Helvetica, sans-serif; font-size: small;\"><strong>Caracter\u00edsticas de Desempenho:<\/strong><\/p>\n<ul style=\"color: rgb(34, 34, 34); font-family: Arial, Helvetica, sans-serif; font-size: small;\">\n<li>Projetado para rapidez, responsividade e expans\u00e3o futura.<\/li>\n<li>Poderoso processador quad-core com armazenamento interno aumentado para dados pessoais e aplicativos.<\/li>\n<li>Redesenho r\u00e1pido e fluido de gr\u00e1ficos para os Gr\u00e1ficos LightHouse da Raymarine, bem como Navionics e C-MAP.<\/li>\n<li>Capacidade ClearCruise\u2122 de Realidade Aumentada para decis\u00f5es de navega\u00e7\u00e3o mais inteligentes.<\/li>\n<li>Intuitivo sistema operacional LightHouse 3 para navega\u00e7\u00e3o f\u00e1cil.<\/li>\n<\/ul>\n<p style=\"color: rgb(34, 34, 34); font-family: Arial, Helvetica, sans-serif; font-size: small;\"><strong>Visibilidade M\u00e1xima:<\/strong><\/p>\n<ul style=\"color: rgb(34, 34, 34); font-family: Arial, Helvetica, sans-serif; font-size: small;\">\n<li>A tecnologia de display IPS aprimorada apresenta gr\u00e1ficos, sonar, radar e v\u00eddeo em cores vibrantes.<\/li>\n<li>\u00c2ngulos de vis\u00e3o mais amplos e contraste n\u00edtido na propor\u00e7\u00e3o de duas vezes a resolu\u00e7\u00e3o de displays tradicionais.<\/li>\n<li>Dispon\u00edvel em displays \u00e0 prova d&#8217;\u00e1gua de 7, 9 e 12 polegadas que s\u00e3o 25% mais brilhantes (at\u00e9 1.800 nits).<\/li>\n<li>A tela de vidro resistente a impactos com revestimento HydroTough\u2122 Nano repele \u00e1gua, \u00f3leo e manchas, melhorando a visualiza\u00e7\u00e3o e o controle t\u00e1ctil preciso.<\/li>\n<li>Op\u00e7\u00f5es de visualiza\u00e7\u00e3o aprimoradas com temas de cores LightHouse 3, incluindo modos claro, escuro e noturno.<\/li>\n<\/ul>\n","protected":false},"excerpt":{"rendered":"<p>Raymarine Axiom+ 7 &#8211; O Raymarine Axiom 7 Plus \u00e9 um display multifuncional (MFD) de 7 polegadas que apresenta um<\/p>\n","protected":false},"featured_media":5948993,"comment_status":"open","ping_status":"closed","template":"","meta":[],"product_brand":[3302],"product_cat":[2031],"product_tag":[],"class_list":{"0":"post-752283","1":"product","2":"type-product","3":"status-publish","4":"has-post-thumbnail","6":"product_brand-raymarine-pt","7":"product_cat-equipamento-eletronico","9":"first","10":"instock","11":"shipping-taxable","12":"purchasable","13":"product-type-simple"},"_links":{"self":[{"href":"https:\/\/stoic-curie.212-227-153-4.plesk.page\/pt\/wp-json\/wp\/v2\/product\/752283","targetHints":{"allow":["GET"]}}],"collection":[{"href":"https:\/\/stoic-curie.212-227-153-4.plesk.page\/pt\/wp-json\/wp\/v2\/product"}],"about":[{"href":"https:\/\/stoic-curie.212-227-153-4.plesk.page\/pt\/wp-json\/wp\/v2\/types\/product"}],"replies":[{"embeddable":true,"href":"https:\/\/stoic-curie.212-227-153-4.plesk.page\/pt\/wp-json\/wp\/v2\/comments?post=752283"}],"version-history":[{"count":0,"href":"https:\/\/stoic-curie.212-227-153-4.plesk.page\/pt\/wp-json\/wp\/v2\/product\/752283\/revisions"}],"wp:featuredmedia":[{"embeddable":true,"href":"https:\/\/stoic-curie.212-227-153-4.plesk.page\/pt\/wp-json\/wp\/v2\/media\/5948993"}],"wp:attachment":[{"href":"https:\/\/stoic-curie.212-227-153-4.plesk.page\/pt\/wp-json\/wp\/v2\/media?parent=752283"}],"wp:term":[{"taxonomy":"product_brand","embeddable":true,"href":"https:\/\/stoic-curie.212-227-153-4.plesk.page\/pt\/wp-json\/wp\/v2\/product_brand?post=752283"},{"taxonomy":"product_cat","embeddable":true,"href":"https:\/\/stoic-curie.212-227-153-4.plesk.page\/pt\/wp-json\/wp\/v2\/product_cat?post=752283"},{"taxonomy":"product_tag","embeddable":true,"href":"https:\/\/stoic-curie.212-227-153-4.plesk.page\/pt\/wp-json\/wp\/v2\/product_tag?post=752283"}],"curies":[{"name":"wp","href":"https:\/\/api.w.org\/{rel}","templated":true}]}}