{"id":752285,"date":"2025-03-04T01:33:39","date_gmt":"2025-03-04T00:33:39","guid":{"rendered":"https:\/\/stoic-curie.212-227-153-4.plesk.page\/producto\/vsg-skipper-150-leve-colete-salva-vidas-inflavel-cor-azul-marinho\/"},"modified":"2026-02-25T00:28:29","modified_gmt":"2026-02-25T00:28:29","slug":"vsg-skipper-150-leve-colete-salva-vidas-inflavel-cor-azul-marinho","status":"publish","type":"product","link":"https:\/\/stoic-curie.212-227-153-4.plesk.page\/pt\/product\/vsg-skipper-150-leve-colete-salva-vidas-inflavel-cor-azul-marinho\/","title":{"rendered":"Vsg skipper 150 leve colete salva-vidas infl\u00e1vel cor azul marinho"},"content":{"rendered":"<p>Vsg skipper 150 leve colete salva-vidas infl\u00e1vel cor azul marinho  &#8211; <\/p>\n<p>Colete salva-vidas infl\u00e1vel VSG Skipper 150 LIGHT<br \/>\u2022 Ativa\u00e7\u00e3o autom\u00e1tica &#8211; Certificado EN ISO 12402-3<br \/>\u2022 Classe de flutuabilidade: 150N<br \/>\u2022 Flutuabilidade real: 150N<br \/>\u2022 Fechamento: Fivela ajust\u00e1vel de libera\u00e7\u00e3o r\u00e1pida<br \/>\u2022 Tamanho: Tamanho \u00fanico para adultos > 40 kg<br \/>\u2022 Circunfer\u00eancia do peito: 80\/125 cm<br \/>\u2022 Navega\u00e7\u00e3o: Embarca\u00e7\u00f5es de recreio dentro e fora de 6 milhas da costa<\/p>\n","protected":false},"excerpt":{"rendered":"<p>Vsg skipper 150 leve colete salva-vidas infl\u00e1vel cor azul marinho &#8211; Colete salva-vidas infl\u00e1vel VSG Skipper 150 LIGHT\u2022 Ativa\u00e7\u00e3o autom\u00e1tica<\/p>\n","protected":false},"featured_media":5949001,"comment_status":"open","ping_status":"closed","template":"","meta":[],"product_brand":[3517],"product_cat":[1888],"product_tag":[],"class_list":{"0":"post-752285","1":"product","2":"type-product","3":"status-publish","4":"has-post-thumbnail","6":"product_brand-veleria-san-giorgio-pt","7":"product_cat-coletes-salva-vidas-certificados","9":"first","10":"instock","11":"shipping-taxable","12":"purchasable","13":"product-type-simple"},"_links":{"self":[{"href":"https:\/\/stoic-curie.212-227-153-4.plesk.page\/pt\/wp-json\/wp\/v2\/product\/752285","targetHints":{"allow":["GET"]}}],"collection":[{"href":"https:\/\/stoic-curie.212-227-153-4.plesk.page\/pt\/wp-json\/wp\/v2\/product"}],"about":[{"href":"https:\/\/stoic-curie.212-227-153-4.plesk.page\/pt\/wp-json\/wp\/v2\/types\/product"}],"replies":[{"embeddable":true,"href":"https:\/\/stoic-curie.212-227-153-4.plesk.page\/pt\/wp-json\/wp\/v2\/comments?post=752285"}],"version-history":[{"count":0,"href":"https:\/\/stoic-curie.212-227-153-4.plesk.page\/pt\/wp-json\/wp\/v2\/product\/752285\/revisions"}],"wp:featuredmedia":[{"embeddable":true,"href":"https:\/\/stoic-curie.212-227-153-4.plesk.page\/pt\/wp-json\/wp\/v2\/media\/5949001"}],"wp:attachment":[{"href":"https:\/\/stoic-curie.212-227-153-4.plesk.page\/pt\/wp-json\/wp\/v2\/media?parent=752285"}],"wp:term":[{"taxonomy":"product_brand","embeddable":true,"href":"https:\/\/stoic-curie.212-227-153-4.plesk.page\/pt\/wp-json\/wp\/v2\/product_brand?post=752285"},{"taxonomy":"product_cat","embeddable":true,"href":"https:\/\/stoic-curie.212-227-153-4.plesk.page\/pt\/wp-json\/wp\/v2\/product_cat?post=752285"},{"taxonomy":"product_tag","embeddable":true,"href":"https:\/\/stoic-curie.212-227-153-4.plesk.page\/pt\/wp-json\/wp\/v2\/product_tag?post=752285"}],"curies":[{"name":"wp","href":"https:\/\/api.w.org\/{rel}","templated":true}]}}