{"id":752287,"date":"2025-03-04T01:33:40","date_gmt":"2025-03-04T00:33:40","guid":{"rendered":"https:\/\/stoic-curie.212-227-153-4.plesk.page\/producto\/escada-em-aluminio-para-plataformas-tiki\/"},"modified":"2026-02-25T00:28:29","modified_gmt":"2026-02-25T00:28:29","slug":"escada-em-aluminio-para-plataformas-tiki","status":"publish","type":"product","link":"https:\/\/stoic-curie.212-227-153-4.plesk.page\/pt\/product\/escada-em-aluminio-para-plataformas-tiki\/","title":{"rendered":"Escada em alum\u00ednio para plataformas Tiki"},"content":{"rendered":"<p>Escada em alum\u00ednio para plataformas Tiki &#8211; <\/p>\n<p>Plataforma flutuante de malha de poli\u00e9ster Dropstitch revestida de PVC de alta resist\u00eancia com estrutura interna em colmeia. Pode ser inflada e desinflada, e \u00e9 facilmente dobr\u00e1vel para ocupar um espa\u00e7o m\u00ednimo. Completa com piso de EVA antiderrapante e an\u00e9is em D de a\u00e7o inoxid\u00e1vel para ser fixada ao barco ou a outras unidades flutuantes ou docas. Pode ser usada como plataforma recreativa, como colch\u00e3o d&#8217;\u00e1gua ou como plataforma de manuten\u00e7\u00e3o de casco. Escada de alum\u00ednio opcional de 3 degraus, facilmente remov\u00edvel gra\u00e7as \u00e0s placas de conex\u00e3o j\u00e1 presentes nos modelos 200\/400, a serem coladas no modelo 150.<\/p>\n","protected":false},"excerpt":{"rendered":"<p>Escada em alum\u00ednio para plataformas Tiki &#8211; Plataforma flutuante de malha de poli\u00e9ster Dropstitch revestida de PVC de alta resist\u00eancia<\/p>\n","protected":false},"featured_media":5949005,"comment_status":"open","ping_status":"closed","template":"","meta":[],"product_brand":[3207],"product_cat":[1901,1981],"product_tag":[],"class_list":{"0":"post-752287","1":"product","2":"type-product","3":"status-publish","4":"has-post-thumbnail","6":"product_brand-nova-argonautica-pt","7":"product_cat-plataforma-para-banho-mergulho","8":"product_cat-plataformas-de-popa-hardware-nautico","10":"first","11":"instock","12":"shipping-taxable","13":"purchasable","14":"product-type-simple"},"_links":{"self":[{"href":"https:\/\/stoic-curie.212-227-153-4.plesk.page\/pt\/wp-json\/wp\/v2\/product\/752287","targetHints":{"allow":["GET"]}}],"collection":[{"href":"https:\/\/stoic-curie.212-227-153-4.plesk.page\/pt\/wp-json\/wp\/v2\/product"}],"about":[{"href":"https:\/\/stoic-curie.212-227-153-4.plesk.page\/pt\/wp-json\/wp\/v2\/types\/product"}],"replies":[{"embeddable":true,"href":"https:\/\/stoic-curie.212-227-153-4.plesk.page\/pt\/wp-json\/wp\/v2\/comments?post=752287"}],"version-history":[{"count":0,"href":"https:\/\/stoic-curie.212-227-153-4.plesk.page\/pt\/wp-json\/wp\/v2\/product\/752287\/revisions"}],"wp:featuredmedia":[{"embeddable":true,"href":"https:\/\/stoic-curie.212-227-153-4.plesk.page\/pt\/wp-json\/wp\/v2\/media\/5949005"}],"wp:attachment":[{"href":"https:\/\/stoic-curie.212-227-153-4.plesk.page\/pt\/wp-json\/wp\/v2\/media?parent=752287"}],"wp:term":[{"taxonomy":"product_brand","embeddable":true,"href":"https:\/\/stoic-curie.212-227-153-4.plesk.page\/pt\/wp-json\/wp\/v2\/product_brand?post=752287"},{"taxonomy":"product_cat","embeddable":true,"href":"https:\/\/stoic-curie.212-227-153-4.plesk.page\/pt\/wp-json\/wp\/v2\/product_cat?post=752287"},{"taxonomy":"product_tag","embeddable":true,"href":"https:\/\/stoic-curie.212-227-153-4.plesk.page\/pt\/wp-json\/wp\/v2\/product_tag?post=752287"}],"curies":[{"name":"wp","href":"https:\/\/api.w.org\/{rel}","templated":true}]}}