{"id":752350,"date":"2025-03-04T01:38:05","date_gmt":"2025-03-04T00:38:05","guid":{"rendered":"https:\/\/stoic-curie.212-227-153-4.plesk.page\/producto\/helice-inox-sierra-para-volvo-penta-sx-14-3-4-x-19-lh\/"},"modified":"2026-02-25T00:28:29","modified_gmt":"2026-02-25T00:28:29","slug":"helice-inox-sierra-para-volvo-penta-sx-14-3-4-x-19-lh","status":"publish","type":"product","link":"https:\/\/stoic-curie.212-227-153-4.plesk.page\/pt\/product\/helice-inox-sierra-para-volvo-penta-sx-14-3-4-x-19-lh\/","title":{"rendered":"H\u00e9lice Inox Sierra para Volvo Penta SX 14 3\/4 x 19 (LH)"},"content":{"rendered":"<p>H\u00e9lice Inox Sierra para Volvo Penta SX 14 3\/4 x 19 (LH) &#8211; <\/p>\n<p>H\u00e9lices de a\u00e7o inoxid\u00e1vel Alice para motores de acionamento Volvo Penta SX. Fabricadas em a\u00e7o inoxid\u00e1vel A4 Duplex ASTM-A890. Digitaliza\u00e7\u00e3o a laser 3D para controle est\u00e1tico e din\u00e2mico. Polimento espelhado com tecnologia de eletr\u00f3lise. Alta efici\u00eancia e redu\u00e7\u00e3o de consumo gra\u00e7as a l\u00e2minas com design perfeito. Para motores de acionamento Volvo Penta SX: Cobra SX [1994>], Volvo Penta SX 3.0L\/4.3L\/5.0L\/5.7L\/5.8L\/7.4L\/8.2L [todos]<\/p>\n","protected":false},"excerpt":{"rendered":"<p>H\u00e9lice Inox Sierra para Volvo Penta SX 14 3\/4 x 19 (LH) &#8211; H\u00e9lices de a\u00e7o inoxid\u00e1vel Alice para motores<\/p>\n","protected":false},"featured_media":5949020,"comment_status":"open","ping_status":"closed","template":"","meta":[],"product_brand":[3392],"product_cat":[2116],"product_tag":[],"class_list":{"0":"post-752350","1":"product","2":"type-product","3":"status-publish","4":"has-post-thumbnail","6":"product_brand-sierra-marine-pt","7":"product_cat-pecas-para-motores-volvo-penta","9":"first","10":"instock","11":"shipping-taxable","12":"purchasable","13":"product-type-simple"},"_links":{"self":[{"href":"https:\/\/stoic-curie.212-227-153-4.plesk.page\/pt\/wp-json\/wp\/v2\/product\/752350","targetHints":{"allow":["GET"]}}],"collection":[{"href":"https:\/\/stoic-curie.212-227-153-4.plesk.page\/pt\/wp-json\/wp\/v2\/product"}],"about":[{"href":"https:\/\/stoic-curie.212-227-153-4.plesk.page\/pt\/wp-json\/wp\/v2\/types\/product"}],"replies":[{"embeddable":true,"href":"https:\/\/stoic-curie.212-227-153-4.plesk.page\/pt\/wp-json\/wp\/v2\/comments?post=752350"}],"version-history":[{"count":0,"href":"https:\/\/stoic-curie.212-227-153-4.plesk.page\/pt\/wp-json\/wp\/v2\/product\/752350\/revisions"}],"wp:featuredmedia":[{"embeddable":true,"href":"https:\/\/stoic-curie.212-227-153-4.plesk.page\/pt\/wp-json\/wp\/v2\/media\/5949020"}],"wp:attachment":[{"href":"https:\/\/stoic-curie.212-227-153-4.plesk.page\/pt\/wp-json\/wp\/v2\/media?parent=752350"}],"wp:term":[{"taxonomy":"product_brand","embeddable":true,"href":"https:\/\/stoic-curie.212-227-153-4.plesk.page\/pt\/wp-json\/wp\/v2\/product_brand?post=752350"},{"taxonomy":"product_cat","embeddable":true,"href":"https:\/\/stoic-curie.212-227-153-4.plesk.page\/pt\/wp-json\/wp\/v2\/product_cat?post=752350"},{"taxonomy":"product_tag","embeddable":true,"href":"https:\/\/stoic-curie.212-227-153-4.plesk.page\/pt\/wp-json\/wp\/v2\/product_tag?post=752350"}],"curies":[{"name":"wp","href":"https:\/\/api.w.org\/{rel}","templated":true}]}}