{"id":752374,"date":"2025-03-04T01:38:14","date_gmt":"2025-03-04T00:38:14","guid":{"rendered":"https:\/\/stoic-curie.212-227-153-4.plesk.page\/producto\/helice-yamaha-8-1-2-x-9-1-4-rh\/"},"modified":"2026-02-25T00:28:29","modified_gmt":"2026-02-25T00:28:29","slug":"helice-yamaha-8-1-2-x-9-1-4-rh","status":"publish","type":"product","link":"https:\/\/stoic-curie.212-227-153-4.plesk.page\/pt\/product\/helice-yamaha-8-1-2-x-9-1-4-rh\/","title":{"rendered":"H\u00e9lice Yamaha 8 1\/2 x 9 1\/4 RH"},"content":{"rendered":"<p>H\u00e9lice Yamaha 8 1\/2 x 9 1\/4 RH &#8211; <\/p>\n<p>H\u00e9lices de alum\u00ednio Alice para motores de popa Yamaha. Fabricadas em uma liga de alum\u00ednio-tit\u00e2nio aeron\u00e1utica. Digitaliza\u00e7\u00e3o a laser 3D para controle est\u00e1tico e din\u00e2mico. Revestimento em p\u00f3 AkzoNobel rob\u00f3tico. Alta efici\u00eancia e redu\u00e7\u00e3o do consumo gra\u00e7as \u00e0s l\u00e2minas perfeitamente moldadas. O kit de montagem deve ser encomendado separadamente, se necess\u00e1rio, para substituir porcas, arruelas e espa\u00e7adores. Para motores de popa Yamaha: 6C (2 tempos) [19862000], F6A (4 tempos) [20012010], 8C (2 tempos) [19862009], F8C (4 tempos) [2001>], F9.9\/F9.9J (4 tempos) [2008>]<\/p>\n","protected":false},"excerpt":{"rendered":"<p>H\u00e9lice Yamaha 8 1\/2 x 9 1\/4 RH &#8211; H\u00e9lices de alum\u00ednio Alice para motores de popa Yamaha. Fabricadas em<\/p>\n","protected":false},"featured_media":5949024,"comment_status":"open","ping_status":"closed","template":"","meta":[],"product_brand":[3392],"product_cat":[2090,2118],"product_tag":[],"class_list":{"0":"post-752374","1":"product","2":"type-product","3":"status-publish","4":"has-post-thumbnail","6":"product_brand-sierra-marine-pt","7":"product_cat-helices-para-motores-fora-de-bordo","8":"product_cat-pecas-para-motores-fora-de-bordo-yamaha","10":"first","11":"instock","12":"shipping-taxable","13":"purchasable","14":"product-type-simple"},"_links":{"self":[{"href":"https:\/\/stoic-curie.212-227-153-4.plesk.page\/pt\/wp-json\/wp\/v2\/product\/752374","targetHints":{"allow":["GET"]}}],"collection":[{"href":"https:\/\/stoic-curie.212-227-153-4.plesk.page\/pt\/wp-json\/wp\/v2\/product"}],"about":[{"href":"https:\/\/stoic-curie.212-227-153-4.plesk.page\/pt\/wp-json\/wp\/v2\/types\/product"}],"replies":[{"embeddable":true,"href":"https:\/\/stoic-curie.212-227-153-4.plesk.page\/pt\/wp-json\/wp\/v2\/comments?post=752374"}],"version-history":[{"count":0,"href":"https:\/\/stoic-curie.212-227-153-4.plesk.page\/pt\/wp-json\/wp\/v2\/product\/752374\/revisions"}],"wp:featuredmedia":[{"embeddable":true,"href":"https:\/\/stoic-curie.212-227-153-4.plesk.page\/pt\/wp-json\/wp\/v2\/media\/5949024"}],"wp:attachment":[{"href":"https:\/\/stoic-curie.212-227-153-4.plesk.page\/pt\/wp-json\/wp\/v2\/media?parent=752374"}],"wp:term":[{"taxonomy":"product_brand","embeddable":true,"href":"https:\/\/stoic-curie.212-227-153-4.plesk.page\/pt\/wp-json\/wp\/v2\/product_brand?post=752374"},{"taxonomy":"product_cat","embeddable":true,"href":"https:\/\/stoic-curie.212-227-153-4.plesk.page\/pt\/wp-json\/wp\/v2\/product_cat?post=752374"},{"taxonomy":"product_tag","embeddable":true,"href":"https:\/\/stoic-curie.212-227-153-4.plesk.page\/pt\/wp-json\/wp\/v2\/product_tag?post=752374"}],"curies":[{"name":"wp","href":"https:\/\/api.w.org\/{rel}","templated":true}]}}