{"id":752383,"date":"2025-03-04T01:38:17","date_gmt":"2025-03-04T00:38:17","guid":{"rendered":"https:\/\/stoic-curie.212-227-153-4.plesk.page\/producto\/helice-para-yamaha-9-7-8-x-12-rh\/"},"modified":"2026-02-25T00:28:29","modified_gmt":"2026-02-25T00:28:29","slug":"helice-para-yamaha-9-7-8-x-12-rh","status":"publish","type":"product","link":"https:\/\/stoic-curie.212-227-153-4.plesk.page\/pt\/product\/helice-para-yamaha-9-7-8-x-12-rh\/","title":{"rendered":"H\u00e9lice para Yamaha 9 7\/8 x 12 RH"},"content":{"rendered":"<p>H\u00e9lice para Yamaha 9 7\/8 x 12 RH &#8211; <\/p>\n<p>H\u00e9lices de alum\u00ednio Alice para motores de fora de borda Yamaha.<br \/>Fabricadas com uma liga de alum\u00ednio-tit\u00e2nio aeron\u00e1utica.<br \/>Digitaliza\u00e7\u00e3o a laser 3D para controle est\u00e1tico e din\u00e2mico.<br \/>Pintura a p\u00f3 robotizada AkzoNobel.<br \/>Alta efici\u00eancia e redu\u00e7\u00e3o de consumo gra\u00e7as ao perfeito formato das l\u00e2minas.<br \/>O kit de montagem deve ser encomendado separadamente se necess\u00e1rio substituir porcas, arruelas e espa\u00e7adores.<br \/>Para motores de fora de borda Yamaha:<br \/>20C\/D(2-tempos) [1996-1997]<br \/>25B\/D\/N\/V(2-tempos) [1980>]<br \/>F25A\/D\/G(4-tempos) [2010>]<br \/>30\/A\/D\/G(2-tempos) [1979-2002]<\/p>\n","protected":false},"excerpt":{"rendered":"<p>H\u00e9lice para Yamaha 9 7\/8 x 12 RH &#8211; H\u00e9lices de alum\u00ednio Alice para motores de fora de borda Yamaha.Fabricadas<\/p>\n","protected":false},"featured_media":5949028,"comment_status":"open","ping_status":"closed","template":"","meta":[],"product_brand":[3392],"product_cat":[2090,2118],"product_tag":[],"class_list":{"0":"post-752383","1":"product","2":"type-product","3":"status-publish","4":"has-post-thumbnail","6":"product_brand-sierra-marine-pt","7":"product_cat-helices-para-motores-fora-de-bordo","8":"product_cat-pecas-para-motores-fora-de-bordo-yamaha","10":"first","11":"instock","12":"shipping-taxable","13":"purchasable","14":"product-type-simple"},"_links":{"self":[{"href":"https:\/\/stoic-curie.212-227-153-4.plesk.page\/pt\/wp-json\/wp\/v2\/product\/752383","targetHints":{"allow":["GET"]}}],"collection":[{"href":"https:\/\/stoic-curie.212-227-153-4.plesk.page\/pt\/wp-json\/wp\/v2\/product"}],"about":[{"href":"https:\/\/stoic-curie.212-227-153-4.plesk.page\/pt\/wp-json\/wp\/v2\/types\/product"}],"replies":[{"embeddable":true,"href":"https:\/\/stoic-curie.212-227-153-4.plesk.page\/pt\/wp-json\/wp\/v2\/comments?post=752383"}],"version-history":[{"count":0,"href":"https:\/\/stoic-curie.212-227-153-4.plesk.page\/pt\/wp-json\/wp\/v2\/product\/752383\/revisions"}],"wp:featuredmedia":[{"embeddable":true,"href":"https:\/\/stoic-curie.212-227-153-4.plesk.page\/pt\/wp-json\/wp\/v2\/media\/5949028"}],"wp:attachment":[{"href":"https:\/\/stoic-curie.212-227-153-4.plesk.page\/pt\/wp-json\/wp\/v2\/media?parent=752383"}],"wp:term":[{"taxonomy":"product_brand","embeddable":true,"href":"https:\/\/stoic-curie.212-227-153-4.plesk.page\/pt\/wp-json\/wp\/v2\/product_brand?post=752383"},{"taxonomy":"product_cat","embeddable":true,"href":"https:\/\/stoic-curie.212-227-153-4.plesk.page\/pt\/wp-json\/wp\/v2\/product_cat?post=752383"},{"taxonomy":"product_tag","embeddable":true,"href":"https:\/\/stoic-curie.212-227-153-4.plesk.page\/pt\/wp-json\/wp\/v2\/product_tag?post=752383"}],"curies":[{"name":"wp","href":"https:\/\/api.w.org\/{rel}","templated":true}]}}