{"id":752391,"date":"2025-03-04T01:38:19","date_gmt":"2025-03-04T00:38:19","guid":{"rendered":"https:\/\/stoic-curie.212-227-153-4.plesk.page\/producto\/helice-para-yamaha-13-1-2-x-15-rh\/"},"modified":"2026-02-25T00:28:29","modified_gmt":"2026-02-25T00:28:29","slug":"helice-para-yamaha-13-1-2-x-15-rh","status":"publish","type":"product","link":"https:\/\/stoic-curie.212-227-153-4.plesk.page\/pt\/product\/helice-para-yamaha-13-1-2-x-15-rh\/","title":{"rendered":"H\u00e9lice para Yamaha 13 1\/2 x 15 RH"},"content":{"rendered":"<p>H\u00e9lice para Yamaha 13 1\/2 x 15 RH &#8211; <\/p>\n<p>H\u00e9lices de alum\u00ednio Alice para motores de popa Yamaha. Feitas de uma liga de alum\u00ednio-tit\u00e2nio da ind\u00fastria aeroespacial. Escaneamento a laser 3D para controle est\u00e1tico e din\u00e2mico. Revestimento em p\u00f3 rob\u00f3tico da AkzoNobel. Alta efici\u00eancia e consumo reduzido gra\u00e7as \u00e0 perfeita curvatura das l\u00e2minas. O kit de montagem deve ser encomendado separadamente, se necess\u00e1rio, para substituir porcas, arruelas e espa\u00e7adores. Para motores de popa Yamaha: 60F (2-tempos) [1992\u20132005] 70B (2-tempos) [1984>] F70A (4-tempos) [2010>] 75A\/C (2-tempos) [1994\u20131999] F80A\/B (4-tempos) [1999\u20132002] 85A (2-tempos) [1991\u20131997] 90A (2-tempos) [1984>] F100A\/D\/F (4-tempos) [1999\u20132002] 115B\/C (2-tempos) [1984>] F115A\/B (4-tempos) [2000>] 130A\/B (2-tempos) [1984\u20132003]<\/p>\n","protected":false},"excerpt":{"rendered":"<p>H\u00e9lice para Yamaha 13 1\/2 x 15 RH &#8211; H\u00e9lices de alum\u00ednio Alice para motores de popa Yamaha. Feitas de<\/p>\n","protected":false},"featured_media":5949032,"comment_status":"open","ping_status":"closed","template":"","meta":[],"product_brand":[3392],"product_cat":[2090,2118],"product_tag":[],"class_list":{"0":"post-752391","1":"product","2":"type-product","3":"status-publish","4":"has-post-thumbnail","6":"product_brand-sierra-marine-pt","7":"product_cat-helices-para-motores-fora-de-bordo","8":"product_cat-pecas-para-motores-fora-de-bordo-yamaha","10":"first","11":"instock","12":"shipping-taxable","13":"purchasable","14":"product-type-simple"},"_links":{"self":[{"href":"https:\/\/stoic-curie.212-227-153-4.plesk.page\/pt\/wp-json\/wp\/v2\/product\/752391","targetHints":{"allow":["GET"]}}],"collection":[{"href":"https:\/\/stoic-curie.212-227-153-4.plesk.page\/pt\/wp-json\/wp\/v2\/product"}],"about":[{"href":"https:\/\/stoic-curie.212-227-153-4.plesk.page\/pt\/wp-json\/wp\/v2\/types\/product"}],"replies":[{"embeddable":true,"href":"https:\/\/stoic-curie.212-227-153-4.plesk.page\/pt\/wp-json\/wp\/v2\/comments?post=752391"}],"version-history":[{"count":0,"href":"https:\/\/stoic-curie.212-227-153-4.plesk.page\/pt\/wp-json\/wp\/v2\/product\/752391\/revisions"}],"wp:featuredmedia":[{"embeddable":true,"href":"https:\/\/stoic-curie.212-227-153-4.plesk.page\/pt\/wp-json\/wp\/v2\/media\/5949032"}],"wp:attachment":[{"href":"https:\/\/stoic-curie.212-227-153-4.plesk.page\/pt\/wp-json\/wp\/v2\/media?parent=752391"}],"wp:term":[{"taxonomy":"product_brand","embeddable":true,"href":"https:\/\/stoic-curie.212-227-153-4.plesk.page\/pt\/wp-json\/wp\/v2\/product_brand?post=752391"},{"taxonomy":"product_cat","embeddable":true,"href":"https:\/\/stoic-curie.212-227-153-4.plesk.page\/pt\/wp-json\/wp\/v2\/product_cat?post=752391"},{"taxonomy":"product_tag","embeddable":true,"href":"https:\/\/stoic-curie.212-227-153-4.plesk.page\/pt\/wp-json\/wp\/v2\/product_tag?post=752391"}],"curies":[{"name":"wp","href":"https:\/\/api.w.org\/{rel}","templated":true}]}}